{"id":86932,"date":"2018-06-05T18:55:06","date_gmt":"2018-06-05T16:55:06","guid":{"rendered":"https:\/\/www.seaflowerstore.com\/nl\/ai-flex-bracket-for-prime-18-inch-45cm\/"},"modified":"2024-03-20T16:49:33","modified_gmt":"2024-03-20T15:49:33","slug":"ai-flex-bracket-for-prime-18-inch-45cm","status":"publish","type":"product","link":"https:\/\/www.seaflowerstore.com\/de\/ai-flex-bracket-for-prime-18-inch-45cm\/","title":{"rendered":"Ai Flex bracket for Prime 18 inch (45cm)"},"content":{"rendered":"<h2>Ai Flex bracket for Prime 18 inch (45cm)<\/h2>\n<p>Die Ai Flex-Halterung ist eine fantastische Wahl, um Ihr AI Prime\u2122 HD-Licht sicher am Rand Ihres Aquariums zu befestigen. Mit seiner Silikonbeschichtung ist dieser Flexarm sowohl elegant als auch langlebig und eignet sich daher hervorragend f\u00fcr verschiedene Beckentypen.<\/p>\n<p>Er ist als flexibelste Halterung f\u00fcr Becken mit und ohne Rand konzipiert. Au\u00dferdem erhalten Sie Clips zur Drahtmontage, die f\u00fcr eine saubere und ordentliche Montage sorgen.<\/p>\n<p>Diese Halterung ist in zwei praktischen L\u00e4ngen erh\u00e4ltlich: <strong>12 Zoll<\/strong> und <strong>18 Zoll<\/strong>.<\/p>\n","protected":false},"excerpt":{"rendered":"<p>Nice attachment for your Ai Prime LED<\/p>\n","protected":false},"featured_media":80480,"template":"","meta":[],"pwb-brand":[2175],"product_cat":[1393,1383,1552,1384],"product_tag":[],"class_list":{"0":"post-86932","1":"product","2":"type-product","3":"status-publish","4":"has-post-thumbnail","6":"pwb-brand-aqua-illumination","7":"product_cat-beleuchtungszubehoer","8":"product_cat-aqua-illumination-de","9":"product_cat-aquariumbeleuchtung-de","10":"product_cat-led-de","11":"pa_show-myparcel-options-male-de","13":"first","14":"instock","15":"taxable","16":"shipping-taxable","17":"purchasable","18":"product-type-simple"},"acf":[],"brands":[{"id":2175,"name":"Aqua Illumination","slug":"aqua-illumination"}],"_links":{"self":[{"href":"https:\/\/www.seaflowerstore.com\/de\/wp-json\/wp\/v2\/product\/86932","targetHints":{"allow":["GET"]}}],"collection":[{"href":"https:\/\/www.seaflowerstore.com\/de\/wp-json\/wp\/v2\/product"}],"about":[{"href":"https:\/\/www.seaflowerstore.com\/de\/wp-json\/wp\/v2\/types\/product"}],"wp:featuredmedia":[{"embeddable":true,"href":"https:\/\/www.seaflowerstore.com\/de\/wp-json\/wp\/v2\/media\/80480"}],"wp:attachment":[{"href":"https:\/\/www.seaflowerstore.com\/de\/wp-json\/wp\/v2\/media?parent=86932"}],"wp:term":[{"taxonomy":"pwb-brand","embeddable":true,"href":"https:\/\/www.seaflowerstore.com\/de\/wp-json\/wp\/v2\/pwb-brand?post=86932"},{"taxonomy":"product_cat","embeddable":true,"href":"https:\/\/www.seaflowerstore.com\/de\/wp-json\/wp\/v2\/product_cat?post=86932"},{"taxonomy":"product_tag","embeddable":true,"href":"https:\/\/www.seaflowerstore.com\/de\/wp-json\/wp\/v2\/product_tag?post=86932"}],"curies":[{"name":"wp","href":"https:\/\/api.w.org\/{rel}","templated":true}]}}