{"id":86934,"date":"2018-06-05T07:06:53","date_gmt":"2018-06-05T05:06:53","guid":{"rendered":"https:\/\/www.seaflowerstore.com\/nl\/maxspect-nano-tech-bio-block\/"},"modified":"2024-03-20T16:49:23","modified_gmt":"2024-03-20T15:49:23","slug":"maxspect-nano-tech-bio-block","status":"publish","type":"product","link":"https:\/\/www.seaflowerstore.com\/de\/maxspect-nano-tech-bio-block\/","title":{"rendered":"Maxspect Nano Tech Bio Block"},"content":{"rendered":"<h2>Maxspect Nano Tech Bio Block ceramic filter block for increasing the housing for bacteria(suitable for freshwater and saltwater aquariums)<\/h2>\n<p>Der Maxspect Nano-Tech Bio Block wurde fachm\u00e4nnisch hergestellt, um erstklassige Qualit\u00e4t und ein por\u00f6ses Design zu gew\u00e4hrleisten, das die Stabilit\u00e4t und Qualit\u00e4t Ihres Aquarienwassers effektiv aufrechterh\u00e4lt.<\/p>\n<p>Jeder Bioblock verf\u00fcgt \u00fcber eine beeindruckende Oberfl\u00e4che von 1.080 m\u00b2 (11.635 ft\u00b2) und bietet reichlich Platz f\u00fcr Bakterienkolonien, was etwa 10 kg lebendem Gestein entspricht. Dank der gro\u00dfen Oberfl\u00e4che der Biobl\u00f6cke k\u00f6nnen Sie verschiedene Arten n\u00fctzlicher Bakterien und Pilze kultivieren, darunter nitrifizierende Bakterien, Hefen und phototrophe Prokaryoten.<\/p>\n<p>Diese Nano-Tech-Biomedien von Maxspect bestehen zu 100 % aus kleinen Keramikperlen, die v\u00f6llig inert sind. Jede Keramikperle bietet eine Oberfl\u00e4che von 2,45 cm\u00b2, sodass jeder Block eine Gesamtfl\u00e4che von \u00fcber 1.080 m\u00b2 (11.635 ft\u00b2) bietet, was auch ungef\u00e4hr 10 kg lebendem Gestein entspricht.<\/p>\n<p><strong><span style=\"font-size: 1.17em\">Daten Maxspect Nano-Tech Bio-Block<\/span><\/strong><\/p>\n<ul>\n<li>2 St\u00fcck pro Paket<\/li>\n<li>Blockabmessungen: 10 x 10 x 2,5 cm (LxBxH)<\/li>\n<\/ul>\n","protected":false},"excerpt":{"rendered":"<p>2 ceramic filter blocks of 10x10x2.5cm (lxwxh)<\/p>\n<p>Each bio-block has an area of \u200b\u200b1,080 M\u00b2 (11,635ft\u00b2) for the housing of bacterial colonies, which corresponds to about 10kg of living stone.<\/p>\n","protected":false},"featured_media":80473,"template":"","meta":[],"pwb-brand":[2203],"product_cat":[1386,1483],"product_tag":[],"class_list":{"0":"post-86934","1":"product","2":"type-product","3":"status-publish","4":"has-post-thumbnail","6":"pwb-brand-maxspect","7":"product_cat-steine","8":"product_cat-refugium-de","9":"pa_show-myparcel-options-male-de","11":"first","12":"instock","13":"taxable","14":"shipping-taxable","15":"purchasable","16":"product-type-simple"},"acf":[],"brands":[{"id":2203,"name":"Maxspect","slug":"maxspect"}],"_links":{"self":[{"href":"https:\/\/www.seaflowerstore.com\/de\/wp-json\/wp\/v2\/product\/86934","targetHints":{"allow":["GET"]}}],"collection":[{"href":"https:\/\/www.seaflowerstore.com\/de\/wp-json\/wp\/v2\/product"}],"about":[{"href":"https:\/\/www.seaflowerstore.com\/de\/wp-json\/wp\/v2\/types\/product"}],"wp:featuredmedia":[{"embeddable":true,"href":"https:\/\/www.seaflowerstore.com\/de\/wp-json\/wp\/v2\/media\/80473"}],"wp:attachment":[{"href":"https:\/\/www.seaflowerstore.com\/de\/wp-json\/wp\/v2\/media?parent=86934"}],"wp:term":[{"taxonomy":"pwb-brand","embeddable":true,"href":"https:\/\/www.seaflowerstore.com\/de\/wp-json\/wp\/v2\/pwb-brand?post=86934"},{"taxonomy":"product_cat","embeddable":true,"href":"https:\/\/www.seaflowerstore.com\/de\/wp-json\/wp\/v2\/product_cat?post=86934"},{"taxonomy":"product_tag","embeddable":true,"href":"https:\/\/www.seaflowerstore.com\/de\/wp-json\/wp\/v2\/product_tag?post=86934"}],"curies":[{"name":"wp","href":"https:\/\/api.w.org\/{rel}","templated":true}]}}