{"id":86938,"date":"2018-05-20T19:05:54","date_gmt":"2018-05-20T17:05:54","guid":{"rendered":"https:\/\/www.seaflowerstore.com\/nl\/aquaforest-life-source\/"},"modified":"2024-03-20T16:50:11","modified_gmt":"2024-03-20T15:50:11","slug":"aquaforest-life-source","status":"publish","type":"product","link":"https:\/\/www.seaflowerstore.com\/de\/aquaforest-life-source\/","title":{"rendered":"Aquaforest Life Source"},"content":{"rendered":"<h2>AquaForest AF Life Source<\/h2>\n<p>AquaForest AF Life Source ist in Beh\u00e4ltern zu 500 ml und 1000 ml erh\u00e4ltlich und ist eine <strong>100 % nat\u00fcrliche Ablagerung<\/strong> aus den unber\u00fchrten Gew\u00e4ssern des Pazifiks, insbesondere aus Fidschi. Dieses Produkt dient als hervorragender Puffer zur Verbesserung der Mikrobiologie in Salzwasseraquarien.<\/p>\n<p>Die biologische Stabilisierung spielt in der Korallenzucht eine entscheidende Rolle, und durch die Verwendung von AF Life Source erhalten Korallen Zugang zu Komponenten und Mineralien, die ihren nat\u00fcrlichen Lebensraum nachahmen. Dar\u00fcber hinaus ist es eine fantastische Erg\u00e4nzung zu einem Algenrefugium und einem tiefen Sandbett (DSB).<\/p>\n<p>Wir empfehlen, es mindestens einmal pro Woche zu verwenden und <strong>10 ml pro 100 l<\/strong> (27 US-Gallonen) Aquarienwasser hinzuzuf\u00fcgen. Um sicherzustellen, dass Korallen kontinuierlich Zugang zu den essentiellen Mineralien haben, ist das Produkt so konzipiert, dass es wertvolle Mineralien und N\u00e4hrstoffe stetig in das Aquarium freisetzt. Es ist wichtig zu beachten, dass das Wasser tr\u00fcb werden kann, und das ist v\u00f6llig normal.<\/p>\n","protected":false},"excerpt":{"rendered":"<p>Aquaforest Life Source is also an excellent addition to an Algue refugium and DSB.<\/p>\n","protected":false},"featured_media":124126,"template":"","meta":[],"pwb-brand":[2199],"product_cat":[1483,1414],"product_tag":[],"class_list":{"0":"post-86938","1":"product","2":"type-product","3":"status-publish","4":"has-post-thumbnail","6":"pwb-brand-aquaforest","7":"product_cat-refugium-de","8":"product_cat-aquaforest-de","9":"pa_inhoud-1000-ml-de","10":"pa_inhoud-250-ml-de","11":"pa_show-myparcel-options-male-de","13":"first","14":"instock","15":"taxable","16":"shipping-taxable","17":"purchasable","18":"product-type-variable"},"acf":[],"brands":[{"id":2199,"name":"Aquaforest","slug":"aquaforest"}],"_links":{"self":[{"href":"https:\/\/www.seaflowerstore.com\/de\/wp-json\/wp\/v2\/product\/86938","targetHints":{"allow":["GET"]}}],"collection":[{"href":"https:\/\/www.seaflowerstore.com\/de\/wp-json\/wp\/v2\/product"}],"about":[{"href":"https:\/\/www.seaflowerstore.com\/de\/wp-json\/wp\/v2\/types\/product"}],"wp:featuredmedia":[{"embeddable":true,"href":"https:\/\/www.seaflowerstore.com\/de\/wp-json\/wp\/v2\/media\/124126"}],"wp:attachment":[{"href":"https:\/\/www.seaflowerstore.com\/de\/wp-json\/wp\/v2\/media?parent=86938"}],"wp:term":[{"taxonomy":"pwb-brand","embeddable":true,"href":"https:\/\/www.seaflowerstore.com\/de\/wp-json\/wp\/v2\/pwb-brand?post=86938"},{"taxonomy":"product_cat","embeddable":true,"href":"https:\/\/www.seaflowerstore.com\/de\/wp-json\/wp\/v2\/product_cat?post=86938"},{"taxonomy":"product_tag","embeddable":true,"href":"https:\/\/www.seaflowerstore.com\/de\/wp-json\/wp\/v2\/product_tag?post=86938"}],"curies":[{"name":"wp","href":"https:\/\/api.w.org\/{rel}","templated":true}]}}