{"id":86940,"date":"2018-05-20T18:56:45","date_gmt":"2018-05-20T16:56:45","guid":{"rendered":"https:\/\/www.seaflowerstore.com\/nl\/af-calanidae-clip\/"},"modified":"2024-03-20T16:49:14","modified_gmt":"2024-03-20T15:49:14","slug":"af-calanidae-clip","status":"publish","type":"product","link":"https:\/\/www.seaflowerstore.com\/de\/af-calanidae-clip\/","title":{"rendered":"AF Calanidae Clip"},"content":{"rendered":"<h2>AF Calanidae Clip<\/h2>\n<p>Der Aquaforest AF Calanidae Clip ist ein sehr nahrhaftes Futter, das speziell f\u00fcr alle kleinen Zierfische entwickelt wurde. Es enth\u00e4lt Calanus finmarchicus, der reich an Aminos\u00e4uren ist. Mit seinem hohen Gehalt an EPA, DHA, SDA und Algenfetts\u00e4uren ist dieses Futter eine hervorragende Erg\u00e4nzung f\u00fcr die Ern\u00e4hrung von Meeresfischen.<\/p>\n<p>Mit dem einzigartigen Clip k\u00f6nnen Sie das Futter \u00fcberall im Aquarium aufh\u00e4ngen, sodass die Fische frei schwimmen und in aller Ruhe fressen k\u00f6nnen. Der AF Calanidae Clip ist eine ideale Wahl f\u00fcr Fische, die sich an Trockenfutter gew\u00f6hnen m\u00fcssen, wie Synchiropus splendidus (Mandarinfisch) und Chelmon rostratus (Kupferband-Falterfisch).<\/p>\n<p>Dieses Produkt ist nur f\u00fcr die Verwendung im Aquarium bestimmt und nicht f\u00fcr den menschlichen Verzehr geeignet. Bitte au\u00dferhalb der Reichweite von Kindern aufbewahren.<\/p>\n<p><strong>Zusammensetzung:<\/strong> Calanus finmarchicus, Meeresalgen, Krebs- und Weichtiere, Fisch und Fischnebenerzeugnisse, pflanzliche Proteine, \u00d6le und Fette.<\/p>\n<p><strong>Analytische Bestandteile:<\/strong><\/p>\n<ul>\n<li>Protein maximal 20,00 %<\/li>\n<li>Fett mindestens 12,20 %<\/li>\n<li>Ballaststoffe maximal 0,40 %<\/li>\n<li>Asche maximal 11,20 %<\/li>\n<li>Feuchtigkeit maximal 21,50 %<\/li>\n<li>Calcium mindestens 0,95 %<\/li>\n<li>Phosphor 0,37 %<\/li>\n<\/ul>\n<p><strong>Zusatzstoffe:<\/strong><\/p>\n<ul>\n<li>Vitamin A 15000 IE \/ kg<\/li>\n<li>Vitamin D3 3000 IE\/kg<\/li>\n<li>Vitamin E 1000 IE\/kg<\/li>\n<li>Vitamin C 1000 mg\/kg<\/li>\n<\/ul>\n<p><a href=\"https:\/\/aquaforest.eu\/wp-content\/uploads\/2017\/09\/af-calanidae-clip_makro_zoom.png\" target=\"_blank\" rel=\"noopener nofollow\"><img decoding=\"async\" class=\"aligncenter wp-image-6754 size-full\" src=\"https:\/\/www.seaflowerstore.com\/nl\/wp-content\/uploads\/content\/af-calanidae-clip_makro.png\" alt=\"\" width=\"450\" \u200b\u200bheight=\"189\" \/><\/a><\/p>\n","protected":false},"excerpt":{"rendered":"<p>Aquaforest AF Calanidae Clip Highly nutritious feed for all ornamental small fish.<\/p>\n","protected":false},"featured_media":80457,"template":"","meta":[],"pwb-brand":[2199],"product_cat":[1414,1438],"product_tag":[],"class_list":{"0":"post-86940","1":"product","2":"type-product","3":"status-publish","4":"has-post-thumbnail","6":"pwb-brand-aquaforest","7":"product_cat-aquaforest-de","8":"product_cat-fischfutter","9":"pa_show-myparcel-options-male-de","11":"first","12":"instock","13":"taxable","14":"shipping-taxable","15":"purchasable","16":"product-type-simple"},"acf":[],"brands":[{"id":2199,"name":"Aquaforest","slug":"aquaforest"}],"_links":{"self":[{"href":"https:\/\/www.seaflowerstore.com\/de\/wp-json\/wp\/v2\/product\/86940","targetHints":{"allow":["GET"]}}],"collection":[{"href":"https:\/\/www.seaflowerstore.com\/de\/wp-json\/wp\/v2\/product"}],"about":[{"href":"https:\/\/www.seaflowerstore.com\/de\/wp-json\/wp\/v2\/types\/product"}],"wp:featuredmedia":[{"embeddable":true,"href":"https:\/\/www.seaflowerstore.com\/de\/wp-json\/wp\/v2\/media\/80457"}],"wp:attachment":[{"href":"https:\/\/www.seaflowerstore.com\/de\/wp-json\/wp\/v2\/media?parent=86940"}],"wp:term":[{"taxonomy":"pwb-brand","embeddable":true,"href":"https:\/\/www.seaflowerstore.com\/de\/wp-json\/wp\/v2\/pwb-brand?post=86940"},{"taxonomy":"product_cat","embeddable":true,"href":"https:\/\/www.seaflowerstore.com\/de\/wp-json\/wp\/v2\/product_cat?post=86940"},{"taxonomy":"product_tag","embeddable":true,"href":"https:\/\/www.seaflowerstore.com\/de\/wp-json\/wp\/v2\/product_tag?post=86940"}],"curies":[{"name":"wp","href":"https:\/\/api.w.org\/{rel}","templated":true}]}}