{"id":86942,"date":"2018-05-20T18:45:32","date_gmt":"2018-05-20T16:45:32","guid":{"rendered":"https:\/\/www.seaflowerstore.com\/nl\/aquaforest-anthias-pro-feed\/"},"modified":"2024-03-20T16:49:09","modified_gmt":"2024-03-20T15:49:09","slug":"aquaforest-anthias-pro-feed","status":"publish","type":"product","link":"https:\/\/www.seaflowerstore.com\/de\/aquaforest-anthias-pro-feed\/","title":{"rendered":"Aquaforest Anthias Pro Feed"},"content":{"rendered":"<h2><strong>Aquaforest Anthias Pro Feed 120gr <\/strong><\/h2>\n<p>Aquaforest Anthias Pro Feed ist eine fantastische Wahl f\u00fcr Zierfische, insbesondere f\u00fcr Anthias und andere fleischfressende Arten. Die Zutaten, darunter Mysis Relicta und Calanus, gelten als einige der umfassendsten N\u00e4hrstoffe, die f\u00fcr Fische verf\u00fcgbar sind. Mit einer hohen Konzentration an Omega-3, EPA, DHA und Aminos\u00e4uren f\u00f6rdert dieses Futter das richtige Wachstum und erh\u00f6ht die Widerstandskraft der Fische gegen Krankheiten.<\/p>\n<p>Wir empfehlen, Ihre Fische mehrmals t\u00e4glich in kleinen Portionen zu f\u00fcttern. Dar\u00fcber hinaus k\u00f6nnen Sie mit AF Anthias Pro Feed S auch Ihre Korallen effektiv ern\u00e4hren. Bitte beachten Sie, dass dieses Produkt nur f\u00fcr den Einsatz im Aquarium bestimmt und nicht f\u00fcr den menschlichen Verzehr geeignet ist. Au\u00dferhalb der Reichweite von Kindern aufbewahren.<\/p>\n<p><strong>Zusammensetzung:<\/strong><\/p>\n<ul>\n<li>Fisch und Fischprodukte<\/li>\n<li>Getreideprodukte<\/li>\n<li>Fisch\u00f6l<\/li>\n<li>Lecithin<\/li>\n<li>Hefe<\/li>\n<li>Antioxidantien<\/li>\n<\/ul>\n<p><strong>Analytische Inhaltsstoffe:<\/strong><\/p>\n<ul>\n<li>Rohprotein: 47,6 %<\/li>\n<li>Rohfett: 12,7 %<\/li>\n<li>Rohfaser: 0,26 %<\/li>\n<li>Rohasche: 9,9 %<\/li>\n<li>Feuchtigkeit: 28,2 %<\/li>\n<\/ul>\n<p><strong>Zusatzstoffe:<\/strong><\/p>\n<ul>\n<li>Vitamin A: 11900 IE\/kg<\/li>\n<li>Vitamin C: 595 mg\/kg<\/li>\n<li>Vitamin E: 238 mg\/kg<\/li>\n<li>Vitamin D3: 1150 IE\/kg<\/li>\n<li>Eisen: 47,6 mg\/kg<\/li>\n<li>Jod: 5,5 mg\/kg<\/li>\n<li>Kupfer: 5,5 mg\/kg<\/li>\n<li>Mangan: 22,1 mg\/kg<\/li>\n<li>Zink: 66,3 mg\/kg<\/li>\n<\/ul>\n<p>Eine visuelle Referenz finden Sie im folgenden Bild:<\/p>\n<p><a href=\"https:\/\/aquaforest.eu\/wp-content\/uploads\/2017\/09\/anthias-pro-feed-s_makro_zoom.png\" target=\"_blank\" rel=\"noopener noreferrer nofollow\"><br \/>\n<img decoding=\"async\" class=\"aligncenter wp-image-6784 size-full\" src=\"https:\/\/www.seaflowerstore.com\/nl\/wp-content\/uploads\/content\/anthias-pro-feed-s_makro.png\" alt=\"\" width=\"450\" \u200b\u200bheight=\"189\" \/><br \/>\n<\/a><\/p>\n","protected":false},"excerpt":{"rendered":"<p>Aquaforest Anthias Pro Feed Granulate size 1mm. Feed for ornamental fish, among others. Anthias and other carnivorous fish.<\/p>\n","protected":false},"featured_media":83123,"template":"","meta":[],"pwb-brand":[2199],"product_cat":[1438,1414],"product_tag":[],"class_list":{"0":"post-86942","1":"product","2":"type-product","3":"status-publish","4":"has-post-thumbnail","6":"pwb-brand-aquaforest","7":"product_cat-fischfutter","8":"product_cat-aquaforest-de","9":"pa_show-myparcel-options-male-de","11":"first","12":"instock","13":"sale","14":"taxable","15":"shipping-taxable","16":"purchasable","17":"product-type-simple"},"acf":[],"brands":[{"id":2199,"name":"Aquaforest","slug":"aquaforest"}],"_links":{"self":[{"href":"https:\/\/www.seaflowerstore.com\/de\/wp-json\/wp\/v2\/product\/86942","targetHints":{"allow":["GET"]}}],"collection":[{"href":"https:\/\/www.seaflowerstore.com\/de\/wp-json\/wp\/v2\/product"}],"about":[{"href":"https:\/\/www.seaflowerstore.com\/de\/wp-json\/wp\/v2\/types\/product"}],"wp:featuredmedia":[{"embeddable":true,"href":"https:\/\/www.seaflowerstore.com\/de\/wp-json\/wp\/v2\/media\/83123"}],"wp:attachment":[{"href":"https:\/\/www.seaflowerstore.com\/de\/wp-json\/wp\/v2\/media?parent=86942"}],"wp:term":[{"taxonomy":"pwb-brand","embeddable":true,"href":"https:\/\/www.seaflowerstore.com\/de\/wp-json\/wp\/v2\/pwb-brand?post=86942"},{"taxonomy":"product_cat","embeddable":true,"href":"https:\/\/www.seaflowerstore.com\/de\/wp-json\/wp\/v2\/product_cat?post=86942"},{"taxonomy":"product_tag","embeddable":true,"href":"https:\/\/www.seaflowerstore.com\/de\/wp-json\/wp\/v2\/product_tag?post=86942"}],"curies":[{"name":"wp","href":"https:\/\/api.w.org\/{rel}","templated":true}]}}