{"id":86944,"date":"2018-05-20T18:35:24","date_gmt":"2018-05-20T16:35:24","guid":{"rendered":"https:\/\/www.seaflowerstore.com\/nl\/af-marine-mix-m\/"},"modified":"2025-01-31T09:18:12","modified_gmt":"2025-01-31T08:18:12","slug":"af-marine-mix-m","status":"publish","type":"product","link":"https:\/\/www.seaflowerstore.com\/de\/af-marine-mix-m\/","title":{"rendered":"AF Marine Mix M"},"content":{"rendered":"<h2>Aquaforest AF Marine Mix M 120gr<\/h2>\n<p>AF Marine Mix M ist in Granulatform erh\u00e4ltlich und enth\u00e4lt 2,5 mm gro\u00dfe, sinkende Pellets, die sich perfekt f\u00fcr fleischfressende Zierfische eignen, darunter auch die beliebten Amphiprionen, auch als Clownfische oder Anemonenfische bekannt. Dieses Produkt weist einen hohen Proteingehalt auf, der daf\u00fcr sorgt, dass Ihre Fische richtig wachsen und in bester Verfassung bleiben.<\/p>\n<p>F\u00fcr optimale Ergebnisse empfehlen wir, mehrmals t\u00e4glich kleine Portionen zu f\u00fcttern. Dar\u00fcber hinaus kann AF Marine Mix M auch erfolgreich zur F\u00fctterung Ihrer Korallen verwendet werden. Bitte beachten Sie, dass dieses Produkt nur f\u00fcr den Einsatz im Aquarium bestimmt und nicht f\u00fcr den menschlichen Verzehr geeignet ist. Bewahren Sie es immer au\u00dferhalb der Reichweite von Kindern auf.<\/p>\n<p><strong>Zusammensetzung:<\/strong><\/p>\n<ul>\n<li>Mysis Relicta<\/li>\n<li>Calanus Finmarchicus<\/li>\n<li>Fischnebenerzeugnisse<\/li>\n<li>Pflanzliche Produkte<\/li>\n<li>Mineralstoffe<\/li>\n<li>Weich- und Krebstiere<\/li>\n<li>\u00d6le und Fette<\/li>\n<\/ul>\n<p><strong>Analytische Inhaltsstoffe:<\/strong><\/p>\n<ul>\n<li>Protein: 42,00 %<\/li>\n<li>Fett: 7,01 %<\/li>\n<li>Ballaststoffe: 1,00 %<\/li>\n<li>Asche: 19,80 %<\/li>\n<li>Feuchtigkeit: 26,20 %<\/li>\n<li>Mindestkalziumgehalt: 0,90 %<\/li>\n<li>Maximaler Kalziumgehalt: 1,2 %<\/li>\n<li>Phosphor: 0,94 %<\/li>\n<\/ul>\n<p><strong>Zusatzstoffe:<\/strong><\/p>\n<ul>\n<li>Vitamin A: 15000 IE\/kg<\/li>\n<li>Vitamin D3: 3000 IE\/kg<\/li>\n<li>Vitamin E: 1000 IE \/ kg<\/li>\n<li>Vitamin C: 1000 mg \/ kg<\/li>\n<\/ul>\n<p><a href=\"https:\/\/aquaforest.eu\/wp-content\/uploads\/2017\/09\/af-marine-mix-s_makro_zoom.png\" target=\"_blank\" rel=\"noopener nofollow\"><img decoding=\"async\" class=\"aligncenter wp-image-6763 size-full\" src=\"https:\/\/www.seaflowerstore.com\/nl\/wp-content\/uploads\/content\/af-marine-mix-s_makro.png\" alt=\"AF Marine Mix M\" width=\"450\" \u200b\u200bheight=\"189\" \/><\/a><\/p>\n","protected":false},"excerpt":{"rendered":"<p>Aquaforest AF Marine Mix M Feed in granule form (size 2.5mm sinking pellets) recommended for carnivorous ornamental fish, among others. Amphiprion (Clownfish\/Anemonefish)<\/p>\n","protected":false},"featured_media":83598,"template":"","meta":[],"pwb-brand":[2199],"product_cat":[1438,1414],"product_tag":[],"class_list":{"0":"post-86944","1":"product","2":"type-product","3":"status-publish","4":"has-post-thumbnail","6":"pwb-brand-aquaforest","7":"product_cat-fischfutter","8":"product_cat-aquaforest-de","9":"pa_show-myparcel-options-male-de","11":"first","12":"instock","13":"sale","14":"taxable","15":"shipping-taxable","16":"purchasable","17":"product-type-simple"},"acf":[],"brands":[{"id":2199,"name":"Aquaforest","slug":"aquaforest"}],"_links":{"self":[{"href":"https:\/\/www.seaflowerstore.com\/de\/wp-json\/wp\/v2\/product\/86944","targetHints":{"allow":["GET"]}}],"collection":[{"href":"https:\/\/www.seaflowerstore.com\/de\/wp-json\/wp\/v2\/product"}],"about":[{"href":"https:\/\/www.seaflowerstore.com\/de\/wp-json\/wp\/v2\/types\/product"}],"wp:featuredmedia":[{"embeddable":true,"href":"https:\/\/www.seaflowerstore.com\/de\/wp-json\/wp\/v2\/media\/83598"}],"wp:attachment":[{"href":"https:\/\/www.seaflowerstore.com\/de\/wp-json\/wp\/v2\/media?parent=86944"}],"wp:term":[{"taxonomy":"pwb-brand","embeddable":true,"href":"https:\/\/www.seaflowerstore.com\/de\/wp-json\/wp\/v2\/pwb-brand?post=86944"},{"taxonomy":"product_cat","embeddable":true,"href":"https:\/\/www.seaflowerstore.com\/de\/wp-json\/wp\/v2\/product_cat?post=86944"},{"taxonomy":"product_tag","embeddable":true,"href":"https:\/\/www.seaflowerstore.com\/de\/wp-json\/wp\/v2\/product_tag?post=86944"}],"curies":[{"name":"wp","href":"https:\/\/api.w.org\/{rel}","templated":true}]}}