{"id":86946,"date":"2018-05-20T18:23:07","date_gmt":"2018-05-20T16:23:07","guid":{"rendered":"https:\/\/www.seaflowerstore.com\/nl\/af-algae-feed\/"},"modified":"2024-03-20T16:49:04","modified_gmt":"2024-03-20T15:49:04","slug":"af-algae-feed","status":"publish","type":"product","link":"https:\/\/www.seaflowerstore.com\/de\/af-algae-feed\/","title":{"rendered":"AF Algae Feed"},"content":{"rendered":"<h2>AF Algae Feed<\/h2>\n<h2><strong>Aquaforest AF Algenfutter 120 g<\/strong><\/h2>\n<p>Dieses Produkt enth\u00e4lt 2,5 mm gro\u00dfe Granulate. Es eignet sich hervorragend als Pelletfutter f\u00fcr pflanzenfressende Zierfische, insbesondere Doktorfische. Dieses Futter f\u00f6rdert das richtige Wachstum und erh\u00f6ht die Widerstandskraft gegen Krankheiten. AF Algenfutter S besteht aus sieben verschiedenen Algenarten und ist mit Phytoplankton, Mineralien und Vitaminen angereichert, was es zu einer vollst\u00e4ndigen und ausgewogenen Ern\u00e4hrung f\u00fcr alle Fischarten macht. F\u00fcr optimale Ergebnisse empfehlen wir, mehrmals t\u00e4glich kleine Portionen zu verf\u00fcttern.<\/p>\n<p>Bitte beachten Sie, dass dieses Produkt nur f\u00fcr den Einsatz im Aquarium bestimmt und nicht f\u00fcr den menschlichen Verzehr geeignet ist. Au\u00dferhalb der Reichweite von Kindern aufbewahren.<\/p>\n<p><strong>Zusammensetzung:<\/strong> Algen, Fischderivate, Mineralien, \u00d6le und Fette.<\/p>\n<p><strong>Analytische Bestandteile:<\/strong><\/p>\n<ul>\n<li>19,10 % Eiwei\u00df<\/li>\n<li>4,66 % Fett<\/li>\n<li>1,10 % Ballaststoffe<\/li>\n<li>29,10 % Asche<\/li>\n<li>31,60 % Feuchtigkeit<\/li>\n<li>Kalzium 2,2 %<\/li>\n<li>Kalzium min. 1,80 %<\/li>\n<li>Phosphor 0,37 %<\/li>\n<\/ul>\n<p><strong>Zusatzstoffe:<\/strong><\/p>\n<ul>\n<li>Vitamin A 15000 IE\/kg<\/li>\n<li>Vitamin D3 3000 IE \/ kg<\/li>\n<li>Vitamin E 1000 I.E. \/ kg<\/li>\n<li>Vitamin C 1000 mg \/ kg<\/li>\n<\/ul>\n","protected":false},"excerpt":{"rendered":"<p>Aquaforest AF Algae Feed 120gr Contains granulate of +\/- 2,5mm size. Excellent pellet feed for ornamental herbivorous fish, especially Tangs.<\/p>\n","protected":false},"featured_media":83258,"template":"","meta":[],"pwb-brand":[2199],"product_cat":[1438,1414],"product_tag":[],"class_list":{"0":"post-86946","1":"product","2":"type-product","3":"status-publish","4":"has-post-thumbnail","6":"pwb-brand-aquaforest","7":"product_cat-fischfutter","8":"product_cat-aquaforest-de","9":"pa_show-myparcel-options-male-de","11":"first","12":"instock","13":"sale","14":"taxable","15":"shipping-taxable","16":"purchasable","17":"product-type-simple"},"acf":[],"brands":[{"id":2199,"name":"Aquaforest","slug":"aquaforest"}],"_links":{"self":[{"href":"https:\/\/www.seaflowerstore.com\/de\/wp-json\/wp\/v2\/product\/86946","targetHints":{"allow":["GET"]}}],"collection":[{"href":"https:\/\/www.seaflowerstore.com\/de\/wp-json\/wp\/v2\/product"}],"about":[{"href":"https:\/\/www.seaflowerstore.com\/de\/wp-json\/wp\/v2\/types\/product"}],"wp:featuredmedia":[{"embeddable":true,"href":"https:\/\/www.seaflowerstore.com\/de\/wp-json\/wp\/v2\/media\/83258"}],"wp:attachment":[{"href":"https:\/\/www.seaflowerstore.com\/de\/wp-json\/wp\/v2\/media?parent=86946"}],"wp:term":[{"taxonomy":"pwb-brand","embeddable":true,"href":"https:\/\/www.seaflowerstore.com\/de\/wp-json\/wp\/v2\/pwb-brand?post=86946"},{"taxonomy":"product_cat","embeddable":true,"href":"https:\/\/www.seaflowerstore.com\/de\/wp-json\/wp\/v2\/product_cat?post=86946"},{"taxonomy":"product_tag","embeddable":true,"href":"https:\/\/www.seaflowerstore.com\/de\/wp-json\/wp\/v2\/product_tag?post=86946"}],"curies":[{"name":"wp","href":"https:\/\/api.w.org\/{rel}","templated":true}]}}