{"id":86947,"date":"2018-05-20T18:10:01","date_gmt":"2018-05-20T16:10:01","guid":{"rendered":"https:\/\/www.seaflowerstore.com\/nl\/af-vege-strength\/"},"modified":"2024-03-20T16:49:02","modified_gmt":"2024-03-20T15:49:02","slug":"af-vege-strength","status":"publish","type":"product","link":"https:\/\/www.seaflowerstore.com\/de\/af-vege-strength\/","title":{"rendered":"AF Vege Strength"},"content":{"rendered":"<h2>Aquaforest AF Vege Strength 120gr<\/h2>\n<p>Dieses Produkt enth\u00e4lt Granulat mit einer Gr\u00f6\u00dfe von ca. 1,5 mm und dient als leicht verdauliches Pflanzenfutter, das speziell f\u00fcr gro\u00dfe algenfressende Fische entwickelt wurde. Es verf\u00fcgt \u00fcber einen hohen Ballaststoffgehalt, der den Verdauungstrakt unterst\u00fctzt und hilft, den Darm pflanzenfressender Fische vor Entz\u00fcndungen zu sch\u00fctzen. Durch die Zugabe von Spirulina verbessert AF Vege Strength die Farbe Ihrer Fische.<\/p>\n<p>Wir empfehlen, mehrmals am Tag kleine Portionen zu f\u00fcttern. Bitte beachten Sie, dass dieses Produkt nur f\u00fcr den Einsatz im Aquarium bestimmt ist und nicht f\u00fcr den menschlichen Verzehr geeignet ist. Au\u00dferhalb der Reichweite von Kindern aufbewahren.<\/p>\n<p><strong>Zusammensetzung:<\/strong><\/p>\n<ul>\n<li>Mehl<\/li>\n<li>Sojabohnen<\/li>\n<li>Hefe<\/li>\n<li>Kreide<\/li>\n<li>Calamari<\/li>\n<li>Pflanzenfette<\/li>\n<li>Meeresfr\u00fcchte &#8222;Spirulina Platensis&#8220;<\/li>\n<li>Vitamine<\/li>\n<li>Mikron\u00e4hrstoffe<\/li>\n<li>EU-kompatibles Antioxidans<\/li>\n<\/ul>\n<p><strong>Zusatzstoffe (pro kg) an Vitaminen:<\/strong><\/p>\n<ul>\n<li>E &#8211; 130 mg<\/li>\n<li>C &#8211; 100 mg<\/li>\n<li>A &#8211; 10.000 IE<\/li>\n<li>D3 &#8211; 1.300<\/li>\n<\/ul>\n<p><strong>Analytisch Zutaten:<\/strong><\/p>\n<ul>\n<li>Rohproteine \u200b\u200b- 37,0 %<\/li>\n<li>Roh\u00f6le und -fette &#8211; 6,0 %<\/li>\n<li>Rohfasern &#8211; 1,8 %<\/li>\n<li>Feuchtigkeit &#8211; 10,0 %<\/li>\n<li>Asche &#8211; 10,1 %<\/li>\n<li>Phosphor &#8211; 1,4 %<\/li>\n<\/ul>\n<p>Fassungsverm\u00f6gen: 550 ml \/ 250 g<\/p>\n<p><a href=\"https:\/\/aquaforest.eu\/wp-content\/uploads\/2017\/09\/af-vege-strength_makro_zoom.png\" target=\"_blank\" rel=\"noopener nofollow\"><br \/>\n<img decoding=\"async\" class=\"aligncenter wp-image-6778 size-full\" src=\"https:\/\/www.seaflowerstore.com\/nl\/wp-content\/uploads\/content\/af-vege-strength_makro.png\" alt=\"\" width=\"450\" \u200b\u200bheight=\"189\" \/><br \/>\n<\/a><\/p>\n","protected":false},"excerpt":{"rendered":"<p>Aquaforest AF Vege Strength contains granules of about 1.5 mm in size. Very digestible plant food for large algae-eating fish. High fiber content for the digestive tract, this protects the intestines of herbivores against inflammation.<\/p>\n","protected":false},"featured_media":80447,"template":"","meta":[],"pwb-brand":[2199],"product_cat":[1438,1414],"product_tag":[],"class_list":{"0":"post-86947","1":"product","2":"type-product","3":"status-publish","4":"has-post-thumbnail","6":"pwb-brand-aquaforest","7":"product_cat-fischfutter","8":"product_cat-aquaforest-de","9":"pa_show-myparcel-options-male-de","11":"first","12":"instock","13":"sale","14":"taxable","15":"shipping-taxable","16":"purchasable","17":"product-type-simple"},"acf":[],"brands":[{"id":2199,"name":"Aquaforest","slug":"aquaforest"}],"_links":{"self":[{"href":"https:\/\/www.seaflowerstore.com\/de\/wp-json\/wp\/v2\/product\/86947","targetHints":{"allow":["GET"]}}],"collection":[{"href":"https:\/\/www.seaflowerstore.com\/de\/wp-json\/wp\/v2\/product"}],"about":[{"href":"https:\/\/www.seaflowerstore.com\/de\/wp-json\/wp\/v2\/types\/product"}],"wp:featuredmedia":[{"embeddable":true,"href":"https:\/\/www.seaflowerstore.com\/de\/wp-json\/wp\/v2\/media\/80447"}],"wp:attachment":[{"href":"https:\/\/www.seaflowerstore.com\/de\/wp-json\/wp\/v2\/media?parent=86947"}],"wp:term":[{"taxonomy":"pwb-brand","embeddable":true,"href":"https:\/\/www.seaflowerstore.com\/de\/wp-json\/wp\/v2\/pwb-brand?post=86947"},{"taxonomy":"product_cat","embeddable":true,"href":"https:\/\/www.seaflowerstore.com\/de\/wp-json\/wp\/v2\/product_cat?post=86947"},{"taxonomy":"product_tag","embeddable":true,"href":"https:\/\/www.seaflowerstore.com\/de\/wp-json\/wp\/v2\/product_tag?post=86947"}],"curies":[{"name":"wp","href":"https:\/\/api.w.org\/{rel}","templated":true}]}}