{"id":86948,"date":"2018-05-20T18:04:13","date_gmt":"2018-05-20T16:04:13","guid":{"rendered":"https:\/\/www.seaflowerstore.com\/nl\/af-protein-power\/"},"modified":"2024-03-20T16:48:59","modified_gmt":"2024-03-20T15:48:59","slug":"af-protein-power","status":"publish","type":"product","link":"https:\/\/www.seaflowerstore.com\/de\/af-protein-power\/","title":{"rendered":"AF Protein Power"},"content":{"rendered":"<h2>Aquaforest AF Protein Power 120gr<\/h2>\n<p>Wir stellen Ihnen unser <strong>Aquaforest AF Protein Power<\/strong> vor, ein Premium-Fischfutter, das speziell f\u00fcr junge Zierfische entwickelt wurde. Mit etwa 1 mm gro\u00dfen K\u00f6rnern stimuliert dieses Futter nicht nur das Wachstum, sondern st\u00e4rkt auch die Widerstandskraft Ihrer Fische.<\/p>\n<p>Dank der enthaltenen Spirulina zeigen Ihre Fische leuchtende Farben. Diese proteinreiche Formel hilft jungen Fischen, eine sch\u00f6ne Figur zu entwickeln, st\u00e4rkt ihre Widerstandskraft gegen Infektionen und unterst\u00fctzt die richtige Entwicklung ihrer inneren Organe.<\/p>\n<p>Bitte beachten Sie, dass dieses Produkt nur f\u00fcr die Verwendung im Aquarium bestimmt ist und nicht f\u00fcr den menschlichen Verzehr geeignet ist. Au\u00dferhalb der Reichweite von Kindern aufbewahren.<\/p>\n<p><strong>Zusammensetzung:<\/strong><\/p>\n<ul>\n<li>Fisch und Fischprodukte<\/li>\n<li>Pflanzliche Eiwei\u00dfextrakte<\/li>\n<li>Weich- und Krebstiere<\/li>\n<li>Eier und Eierprodukte (einschlie\u00dflich 12 % Eipulver)<\/li>\n<li>Getreide<\/li>\n<li>Pflanzliche Produkte (einschlie\u00dflich 3,5 % Knoblauch)<\/li>\n<li>Algen (Spirulina platensis 1,5 %, Ascophyllum nodosum 1,5 %)<\/li>\n<li>Hefe (einschlie\u00dflich Beta-1,3\/1,6-Glucan 1000 mg\/kg)<\/li>\n<li>\u00d6le und Fette<\/li>\n<li>Futter mineralischen Ursprungs (einschlie\u00dflich 1 % Zeolith)<\/li>\n<\/ul>\n<p><strong>Zusatzstoffe (pro kg):<\/strong><\/p>\n<ul>\n<li>Vitamine, Provitamine und chemisch definierte Substanzen<\/li>\n<li>Vitamin A 48.000 IE<\/li>\n<li>Vitamin D3 1.800 IE<\/li>\n<li>Vitamin E 180 mg<\/li>\n<li>Vitamin C 500 mg<\/li>\n<\/ul>\n<p><strong>Mischung aus Spurenelementen:<\/strong><\/p>\n<ul>\n<li>E1 Eisen 58,0 mg<\/li>\n<li>E6 Zink 15,0 mg<\/li>\n<li>E5 Mangan 10,0 mg<\/li>\n<li>E4 Kupfer 3,0 mg<\/li>\n<li>E2 Jod 0,3 mg<\/li>\n<li>E8 Selen 0,3 mg<\/li>\n<li>E7 Molybd\u00e4n 0,06 mg<\/li>\n<\/ul>\n<p>Zus\u00e4tzlich sind Farbstoffe und Antioxidantien enthalten, um die Qualit\u00e4t des Produkts zu verbessern.<\/p>\n<p><strong>Analytische Inhaltsstoffe:<\/strong><\/p>\n<ul>\n<li>Rotes Protein 47,0 %<\/li>\n<li>Roh\u00f6le und -fette 9,0 %<\/li>\n<li>Rohfaser 2,0 %<\/li>\n<li>Feuchtigkeit 10,0 %<\/li>\n<li>Asche 8 %<\/li>\n<li>Phosphor 0,7 %<\/li>\n<\/ul>\n<p>Kapazit\u00e4t: 420 ml \/ 250 g.<\/p>\n<p><a href=\"https:\/\/aquaforest.eu\/wp-content\/uploads\/2017\/09\/af-protein-power_makro_zoom.png\" target=\"_blank\" rel=\"noopener nofollow\"><br \/>\n<img decoding=\"async\" class=\"aligncenter wp-image-6769 Gr\u00f6\u00dfe-vollst\u00e4ndig\" src=\"https:\/\/www.seaflowerstore.com\/nl\/wp-content\/uploads\/content\/af-protein-power_makro.png\" alt=\"Aquaforest AF Protein Power\" width=\"450\" \u200b\u200bheight=\"189\" \/><br \/>\n<\/a><\/p>\n","protected":false},"excerpt":{"rendered":"<p>Aquaforest AF Protein Power contains granules of about 1mm and is made for young ornamental fish.<\/p>\n","protected":false},"featured_media":80446,"template":"","meta":[],"pwb-brand":[2199],"product_cat":[1438,1414],"product_tag":[],"class_list":{"0":"post-86948","1":"product","2":"type-product","3":"status-publish","4":"has-post-thumbnail","6":"pwb-brand-aquaforest","7":"product_cat-fischfutter","8":"product_cat-aquaforest-de","9":"pa_show-myparcel-options-male-de","11":"first","12":"instock","13":"sale","14":"taxable","15":"shipping-taxable","16":"purchasable","17":"product-type-simple"},"acf":[],"brands":[{"id":2199,"name":"Aquaforest","slug":"aquaforest"}],"_links":{"self":[{"href":"https:\/\/www.seaflowerstore.com\/de\/wp-json\/wp\/v2\/product\/86948","targetHints":{"allow":["GET"]}}],"collection":[{"href":"https:\/\/www.seaflowerstore.com\/de\/wp-json\/wp\/v2\/product"}],"about":[{"href":"https:\/\/www.seaflowerstore.com\/de\/wp-json\/wp\/v2\/types\/product"}],"wp:featuredmedia":[{"embeddable":true,"href":"https:\/\/www.seaflowerstore.com\/de\/wp-json\/wp\/v2\/media\/80446"}],"wp:attachment":[{"href":"https:\/\/www.seaflowerstore.com\/de\/wp-json\/wp\/v2\/media?parent=86948"}],"wp:term":[{"taxonomy":"pwb-brand","embeddable":true,"href":"https:\/\/www.seaflowerstore.com\/de\/wp-json\/wp\/v2\/pwb-brand?post=86948"},{"taxonomy":"product_cat","embeddable":true,"href":"https:\/\/www.seaflowerstore.com\/de\/wp-json\/wp\/v2\/product_cat?post=86948"},{"taxonomy":"product_tag","embeddable":true,"href":"https:\/\/www.seaflowerstore.com\/de\/wp-json\/wp\/v2\/product_tag?post=86948"}],"curies":[{"name":"wp","href":"https:\/\/api.w.org\/{rel}","templated":true}]}}