{"id":86949,"date":"2018-05-20T17:52:43","date_gmt":"2018-05-20T15:52:43","guid":{"rendered":"https:\/\/www.seaflowerstore.com\/nl\/af-tiny-fish-feed\/"},"modified":"2024-03-20T16:48:56","modified_gmt":"2024-03-20T15:48:56","slug":"af-tiny-fish-feed","status":"publish","type":"product","link":"https:\/\/www.seaflowerstore.com\/de\/af-tiny-fish-feed\/","title":{"rendered":"AF Tiny Fish Feed"},"content":{"rendered":"<h2>AF Tiny Fish Feed<\/h2>\n<p>Aquaforest AF Tiny Fish Feed 120 g ist ein perfekt ausgewogenes Futter, das speziell f\u00fcr kleine Zierfische entwickelt wurde. Dieses winzige, etwa 1 mm gro\u00dfe Futter ist reich an Proteinen und Fetten, die f\u00fcr ein gesundes Wachstum und leuchtende Farben Ihrer Fische unerl\u00e4sslich sind.<\/p>\n<p>AF Tiny Fish-Futter ist sehr schmackhaft und daher bei Fischen und anderen Aquarienbewohnern beliebt. Bitte beachten Sie, dass dieses Produkt ausschlie\u00dflich f\u00fcr die Verwendung in Aquarien bestimmt ist und nicht f\u00fcr den menschlichen Verzehr geeignet ist. Wichtig ist auch, es au\u00dferhalb der Reichweite von Kindern aufzubewahren.<\/p>\n<p><strong>Zusammensetzung:<\/strong><\/p>\n<ul>\n<li>Fisch und Fischprodukte<\/li>\n<li>Pflanzliche Produkte (u.a. Paprikaextrakt 1.750 mg\/kg)<\/li>\n<li>Pflanzliche Eiwei\u00dfextrakte<\/li>\n<li>Weichtiere<\/li>\n<li>Krebstiere<\/li>\n<li>Algen<\/li>\n<li>Hefen (u.a. Beta-1,3\/1,6-Glucan 1.000 mg\/kg)<\/li>\n<li>\u00d6le und Fette<\/li>\n<li>Futtermittel mineralischen Ursprungs (u.a. 1% Zeolith)<\/li>\n<\/ul>\n<p><strong>Extras (pro kg):<\/strong><\/p>\n<ul>\n<li>Vitamine, Provitamine und chemisch definierte Stoffe \u00e4hnlicher Art<\/li>\n<li>Vitamin A: 26.000 IE<\/li>\n<li>Vitamin D3: 1.650 IE<\/li>\n<li>Vitamin E: 80 mg<\/li>\n<li>Vitamin C: 420 mg<\/li>\n<\/ul>\n<p><strong>Spurenelementmischung:<\/strong><\/p>\n<ul>\n<li>E1 Eisen: 35,0 mg<\/li>\n<li>E6 Zink: 9,0 mg<\/li>\n<li>E5 Mangan: 7,0 mg<\/li>\n<li>E4 Kupfer: 1,5 mg<\/li>\n<li>E2 Jod: 0,2 mg<\/li>\n<li>E8 Selen: 0,2 mg<\/li>\n<li>E7 Molybd\u00e4n: 0,04 mg<\/li>\n<\/ul>\n<p>Farbstoffe und Antioxidantien sind ebenfalls enthalten Formulierung.<\/p>\n<p><strong>Analytische Inhaltsstoffe:<\/strong><\/p>\n<ul>\n<li>Rohproteine: 46,0 %<\/li>\n<li>Roh\u00f6le und -fette: 7,0 %<\/li>\n<li>Rohfasern: 3,0 %<\/li>\n<li>Feuchtigkeit: 10,0 %<\/li>\n<li>Aminos\u00e4uren: 6,5 %<\/li>\n<li>Phosphor: 0,8 %<\/li>\n<\/ul>\n<p><a href=\"https:\/\/aquaforest.eu\/wp-content\/uploads\/2017\/09\/af-tiny-fish-feed_makro_zoom.png\" target=\"_blank\" rel=\"noopener noreferrer nofollow\"><br \/>\n<img decoding=\"async\" class=\"aligncenter wp-image-6772 size-full\" src=\"https:\/\/www.seaflowerstore.com\/nl\/wp-content\/uploads\/content\/af-tiny-fish-feed_makro.png\" alt=\"AF Tiny Fischfutter\" width=\"450\" \u200b\u200bheight=\"189\" \/><br \/>\n<\/a><\/p>\n","protected":false},"excerpt":{"rendered":"<p>Aquaforest AF Tiny Fish Feed has small grains of about 1mm, this is perfectly balanced food for small ornamental fish<\/p>\n","protected":false},"featured_media":80444,"template":"","meta":[],"pwb-brand":[2199],"product_cat":[1414,1438],"product_tag":[],"class_list":{"0":"post-86949","1":"product","2":"type-product","3":"status-publish","4":"has-post-thumbnail","6":"pwb-brand-aquaforest","7":"product_cat-aquaforest-de","8":"product_cat-fischfutter","9":"pa_show-myparcel-options-male-de","11":"first","12":"instock","13":"sale","14":"taxable","15":"shipping-taxable","16":"purchasable","17":"product-type-simple"},"acf":[],"brands":[{"id":2199,"name":"Aquaforest","slug":"aquaforest"}],"_links":{"self":[{"href":"https:\/\/www.seaflowerstore.com\/de\/wp-json\/wp\/v2\/product\/86949","targetHints":{"allow":["GET"]}}],"collection":[{"href":"https:\/\/www.seaflowerstore.com\/de\/wp-json\/wp\/v2\/product"}],"about":[{"href":"https:\/\/www.seaflowerstore.com\/de\/wp-json\/wp\/v2\/types\/product"}],"wp:featuredmedia":[{"embeddable":true,"href":"https:\/\/www.seaflowerstore.com\/de\/wp-json\/wp\/v2\/media\/80444"}],"wp:attachment":[{"href":"https:\/\/www.seaflowerstore.com\/de\/wp-json\/wp\/v2\/media?parent=86949"}],"wp:term":[{"taxonomy":"pwb-brand","embeddable":true,"href":"https:\/\/www.seaflowerstore.com\/de\/wp-json\/wp\/v2\/pwb-brand?post=86949"},{"taxonomy":"product_cat","embeddable":true,"href":"https:\/\/www.seaflowerstore.com\/de\/wp-json\/wp\/v2\/product_cat?post=86949"},{"taxonomy":"product_tag","embeddable":true,"href":"https:\/\/www.seaflowerstore.com\/de\/wp-json\/wp\/v2\/product_tag?post=86949"}],"curies":[{"name":"wp","href":"https:\/\/api.w.org\/{rel}","templated":true}]}}