{"id":86953,"date":"2018-05-20T09:13:00","date_gmt":"2018-05-20T07:13:00","guid":{"rendered":"https:\/\/www.seaflowerstore.com\/nl\/seneye-float\/"},"modified":"2024-03-20T16:48:41","modified_gmt":"2024-03-20T15:48:41","slug":"seneye-float","status":"publish","type":"product","link":"https:\/\/www.seaflowerstore.com\/de\/seneye-float\/","title":{"rendered":"Seneye float"},"content":{"rendered":"<h2>Seneye float<\/h2>\n<p>Mit dem Seneye-Schwimmer k\u00f6nnen Sie das Seneye-Ger\u00e4t ganz einfach in einem Teich oder Aquarium schwimmen lassen. Dieser Schwimmer ist eine gro\u00dfartige Option f\u00fcr alle, die keinen Saugnapf zur Befestigung verwenden m\u00f6chten oder f\u00fcr alle, die kontinuierliche Lichtmessungen durchf\u00fchren m\u00f6chten.<\/p>\n<p>Bei der Verwendung in Aquarien k\u00f6nnen Sie das Seneye-Ger\u00e4t einfach mit dem Lichtsensor nach oben in den Schwimmer legen. Auf diese Weise stellen Sie sicher, dass Sie konstante direkte Lichtmessungen durchf\u00fchren.<\/p>\n","protected":false},"excerpt":{"rendered":"<p>When used in aquariums, the seneye device can be placed in the float with the light sensor pointing upwards so that constant direct light measurements are taken.<\/p>\n","protected":false},"featured_media":83154,"template":"","meta":[],"pwb-brand":[2259],"product_cat":[1401,1408,1490],"product_tag":[],"class_list":{"0":"post-86953","1":"product","2":"type-product","3":"status-publish","4":"has-post-thumbnail","6":"pwb-brand-seneye","7":"product_cat-mess-und-regeltechnik","8":"product_cat-computer-de","9":"product_cat-technologie","10":"pa_show-myparcel-options-male-de","12":"first","13":"instock","14":"taxable","15":"shipping-taxable","16":"purchasable","17":"product-type-simple"},"acf":[],"brands":[{"id":2259,"name":"Seneye","slug":"seneye"}],"_links":{"self":[{"href":"https:\/\/www.seaflowerstore.com\/de\/wp-json\/wp\/v2\/product\/86953","targetHints":{"allow":["GET"]}}],"collection":[{"href":"https:\/\/www.seaflowerstore.com\/de\/wp-json\/wp\/v2\/product"}],"about":[{"href":"https:\/\/www.seaflowerstore.com\/de\/wp-json\/wp\/v2\/types\/product"}],"wp:featuredmedia":[{"embeddable":true,"href":"https:\/\/www.seaflowerstore.com\/de\/wp-json\/wp\/v2\/media\/83154"}],"wp:attachment":[{"href":"https:\/\/www.seaflowerstore.com\/de\/wp-json\/wp\/v2\/media?parent=86953"}],"wp:term":[{"taxonomy":"pwb-brand","embeddable":true,"href":"https:\/\/www.seaflowerstore.com\/de\/wp-json\/wp\/v2\/pwb-brand?post=86953"},{"taxonomy":"product_cat","embeddable":true,"href":"https:\/\/www.seaflowerstore.com\/de\/wp-json\/wp\/v2\/product_cat?post=86953"},{"taxonomy":"product_tag","embeddable":true,"href":"https:\/\/www.seaflowerstore.com\/de\/wp-json\/wp\/v2\/product_tag?post=86953"}],"curies":[{"name":"wp","href":"https:\/\/api.w.org\/{rel}","templated":true}]}}