{"id":86956,"date":"2018-05-19T15:21:45","date_gmt":"2018-05-19T13:21:45","guid":{"rendered":"https:\/\/www.seaflowerstore.com\/nl\/filter-wool\/"},"modified":"2026-03-08T20:04:54","modified_gmt":"2026-03-08T19:04:54","slug":"filter-wool","status":"publish","type":"product","link":"https:\/\/www.seaflowerstore.com\/de\/filter-wool\/","title":{"rendered":"Filter wool"},"content":{"rendered":"<h2>Filter wool material is good value and easy to use<\/h2>\n<p>Filterwolle ist eine praktische Wahl, die viel Wert bietet und einfach zu verwenden ist. Sie hat jedoch eine begrenzte Lebensdauer, da sie mit der Zeit fettig werden und Schmutz ansammeln kann. Diese Filterwatte absorbiert nicht nur Bakterienkolonien, sondern f\u00e4ngt auch gr\u00f6\u00dfere Schmutzpartikel effektiv auf.<\/p>\n<p>Sie ist besonders praktisch, wenn sie mit einem Kraftfilter verwendet wird, und es ist ratsam, sie mit einem solchen zu kombinieren, um optimale Ergebnisse zu erzielen. Sie ist in verschiedenen Gr\u00f6\u00dfen erh\u00e4ltlich: 100 Gramm, 250 Gramm, 500 Gramm und 1000 Gramm.<\/p>\n<p><strong>Wichtig:<\/strong> Bitte sp\u00fclen Sie die Filterwolle vor der Verwendung mit hei\u00dfem Wasser aus.<\/p>\n","protected":false},"excerpt":{"rendered":"<p>Filler padding has a limited service life, due to over time becoming greasy and improper dirt. These filter wadding offers besides a absorption capacity of bacterial colonies, also filter material to collect coarse dirt.<\/p>\n","protected":false},"featured_media":80422,"template":"","meta":[],"pwb-brand":[2145],"product_cat":[1515,1403],"product_tag":[],"class_list":{"0":"post-86956","1":"product","2":"type-product","3":"status-publish","4":"has-post-thumbnail","6":"pwb-brand-hobby","7":"product_cat-aquarium-powerfilter-de","8":"product_cat-beutel-filterung","9":"pa_inhoud-1-kg-de","10":"pa_inhoud-100-gr-de","11":"pa_inhoud-250-gr-de","12":"pa_inhoud-500-gr-de","13":"pa_show-myparcel-options-male-de","15":"first","16":"instock","17":"taxable","18":"shipping-taxable","19":"purchasable","20":"product-type-variable"},"acf":[],"brands":[{"id":2145,"name":"Hobby","slug":"hobby"}],"_links":{"self":[{"href":"https:\/\/www.seaflowerstore.com\/de\/wp-json\/wp\/v2\/product\/86956","targetHints":{"allow":["GET"]}}],"collection":[{"href":"https:\/\/www.seaflowerstore.com\/de\/wp-json\/wp\/v2\/product"}],"about":[{"href":"https:\/\/www.seaflowerstore.com\/de\/wp-json\/wp\/v2\/types\/product"}],"wp:featuredmedia":[{"embeddable":true,"href":"https:\/\/www.seaflowerstore.com\/de\/wp-json\/wp\/v2\/media\/80422"}],"wp:attachment":[{"href":"https:\/\/www.seaflowerstore.com\/de\/wp-json\/wp\/v2\/media?parent=86956"}],"wp:term":[{"taxonomy":"pwb-brand","embeddable":true,"href":"https:\/\/www.seaflowerstore.com\/de\/wp-json\/wp\/v2\/pwb-brand?post=86956"},{"taxonomy":"product_cat","embeddable":true,"href":"https:\/\/www.seaflowerstore.com\/de\/wp-json\/wp\/v2\/product_cat?post=86956"},{"taxonomy":"product_tag","embeddable":true,"href":"https:\/\/www.seaflowerstore.com\/de\/wp-json\/wp\/v2\/product_tag?post=86956"}],"curies":[{"name":"wp","href":"https:\/\/api.w.org\/{rel}","templated":true}]}}