{"id":86960,"date":"2018-05-19T13:53:25","date_gmt":"2018-05-19T11:53:25","guid":{"rendered":"https:\/\/www.seaflowerstore.com\/nl\/af-color-up\/"},"modified":"2024-03-20T16:48:32","modified_gmt":"2024-03-20T15:48:32","slug":"af-color-up","status":"publish","type":"product","link":"https:\/\/www.seaflowerstore.com\/de\/af-color-up\/","title":{"rendered":"AF Color UP"},"content":{"rendered":"<h2>AF Color UP Feed in pellet form for large ornamental fish. Thanks to the high content of vitamins, Proteins and carotenoids, this greatly impacts your fish coloration<\/h2>\n<p>Dieses Produkt ist speziell und nur f\u00fcr die Verwendung in Aquarien konzipiert und nicht f\u00fcr den menschlichen Verzehr geeignet. Bitte stellen Sie sicher, dass es au\u00dferhalb der Reichweite von Kindern aufbewahrt wird.<\/p>\n<p><strong>Zusammensetzung:<\/strong><\/p>\n<ul>\n<li>Fisch und Fischprodukte<\/li>\n<li>Getreide<\/li>\n<li>Pflanzliche Eiwei\u00dfextrakte<\/li>\n<li>Weich- und Krebstiere<\/li>\n<li>Fleisch und Produkte tierischen Ursprungs<\/li>\n<li>Gem\u00fcse (einschlie\u00dflich Paprikaextrakt 4.200 mg\/kg \u2013 eine Quelle f\u00fcr Carotinoide)<\/li>\n<li>Algen<\/li>\n<li>Hefe<\/li>\n<li>\u00d6le und Fette<\/li>\n<li>Futtermittel mineralischen Ursprungs<\/li>\n<\/ul>\n<p><strong>Zusatzstoffe:<\/strong><\/p>\n<ul>\n<li>Vitamine:\n<ul>\n<li>Vitamin A 21.000 IE\/kg<\/li>\n<li>Vitamin D3 1.250 IE\/kg<\/li>\n<li>Vitamin E 80 mg\/kg<\/li>\n<li>Vitamin C 3.000 mg\/kg<\/li>\n<\/ul>\n<\/li>\n<\/ul>\n<p><strong>Mischung aus Spurenelementen:<\/strong><\/p>\n<ul>\n<li>E1 Eisen 21,0 mg\/kg<\/li>\n<li>E6 Zink<\/li>\n<li>E5 Mangan 4,5 mg\/kg<\/li>\n<li>E4 Kupfer 1,1 mg\/kg<\/li>\n<li>E2 Jod 0,1 mg\/kg<\/li>\n<li>E8 Selen 0,1 mg\/kg<\/li>\n<li>E7 Molybd\u00e4n 0,03 mg\/kg<\/li>\n<\/ul>\n<p>Farbstoffe und Antioxidantien sind ebenfalls enthalten.<\/p>\n<p><strong>Analytisch Zutaten:<\/strong><\/p>\n<ul>\n<li>Rohprotein 46,0 %<\/li>\n<li>Roh\u00f6le und -fette 6,0 %<\/li>\n<li>Rohfaser 2,5 %<\/li>\n<li>Feuchtigkeit 8,0 %<\/li>\n<li>Asche 8,5 %<\/li>\n<li>Phosphor 0,8 %<\/li>\n<\/ul>\n<p><a href=\"https:\/\/aquaforest.eu\/wp-content\/uploads\/2017\/09\/af-color-up_makro_zoom.png\" target=\"_blank\" rel=\"noopener nofollow\"><img decoding=\"async\" class=\"aligncenter wp-image-6757 size-full\" src=\"https:\/\/www.seaflowerstore.com\/nl\/wp-content\/uploads\/content\/af-color-up_makro.png\" alt=\"\" width=\"450\" \u200b\u200bheight=\"189\" \/><\/a><\/p>\n","protected":false},"excerpt":{"rendered":"<p>Feed in pellet form for large ornamental fish. Thanks to the high content of vitamins, Proteins and carotenoids, this greatly impacts your fish coloration.<\/p>\n","protected":false},"featured_media":80420,"template":"","meta":[],"pwb-brand":[2199],"product_cat":[1438,1414],"product_tag":[],"class_list":{"0":"post-86960","1":"product","2":"type-product","3":"status-publish","4":"has-post-thumbnail","6":"pwb-brand-aquaforest","7":"product_cat-fischfutter","8":"product_cat-aquaforest-de","9":"pa_show-myparcel-options-male-de","11":"first","12":"instock","13":"sale","14":"taxable","15":"shipping-taxable","16":"purchasable","17":"product-type-simple"},"acf":[],"brands":[{"id":2199,"name":"Aquaforest","slug":"aquaforest"}],"_links":{"self":[{"href":"https:\/\/www.seaflowerstore.com\/de\/wp-json\/wp\/v2\/product\/86960","targetHints":{"allow":["GET"]}}],"collection":[{"href":"https:\/\/www.seaflowerstore.com\/de\/wp-json\/wp\/v2\/product"}],"about":[{"href":"https:\/\/www.seaflowerstore.com\/de\/wp-json\/wp\/v2\/types\/product"}],"wp:featuredmedia":[{"embeddable":true,"href":"https:\/\/www.seaflowerstore.com\/de\/wp-json\/wp\/v2\/media\/80420"}],"wp:attachment":[{"href":"https:\/\/www.seaflowerstore.com\/de\/wp-json\/wp\/v2\/media?parent=86960"}],"wp:term":[{"taxonomy":"pwb-brand","embeddable":true,"href":"https:\/\/www.seaflowerstore.com\/de\/wp-json\/wp\/v2\/pwb-brand?post=86960"},{"taxonomy":"product_cat","embeddable":true,"href":"https:\/\/www.seaflowerstore.com\/de\/wp-json\/wp\/v2\/product_cat?post=86960"},{"taxonomy":"product_tag","embeddable":true,"href":"https:\/\/www.seaflowerstore.com\/de\/wp-json\/wp\/v2\/product_tag?post=86960"}],"curies":[{"name":"wp","href":"https:\/\/api.w.org\/{rel}","templated":true}]}}