{"id":86961,"date":"2018-05-19T13:46:15","date_gmt":"2018-05-19T11:46:15","guid":{"rendered":"https:\/\/www.seaflowerstore.com\/nl\/aquaforest-af-growth-boost\/"},"modified":"2024-11-27T11:19:57","modified_gmt":"2024-11-27T10:19:57","slug":"aquaforest-af-growth-boost","status":"publish","type":"product","link":"https:\/\/www.seaflowerstore.com\/de\/aquaforest-af-growth-boost\/","title":{"rendered":"Aquaforest AF Growth Boost"},"content":{"rendered":"<h2>AF Growth Boost is a amino acids supplement for all types of Coral<\/h2>\n<p>AF Growth Boost ist ein hochwertiges Aminos\u00e4urepr\u00e4parat f\u00fcr alle Korallenarten. Es hilft nicht nur bei der Heilung der Tentakeln Ihrer Korallen, sondern verbessert auch ihren Stoffwechsel, sodass sie schneller und st\u00e4rker wachsen.<\/p>\n<p><strong>Dosierung:<\/strong> Verwenden Sie 1 Messl\u00f6ffel pro 100 Liter Wasser, nachdem Sie das Licht ausgeschaltet haben. Alle Aquaforest-Formeln sind so kalibriert, dass <strong>1 Messl\u00f6ffel pro 100 Liter (27 US-Gallonen)<\/strong> Wasser abgegeben wird. Bedenken Sie jedoch, dass jedes Aquarium einzigartig ist und von der spezifischen Riffkonfiguration abh\u00e4ngt.<\/p>\n<p>Wenn Sie neue Produkte in Ihr Aquarium einf\u00fchren, ist es ratsam, mit einer Dosis von 1\/2 (oder sogar 1\/4) zu beginnen und zu beobachten, wie Ihre Korallen reagieren. Erh\u00f6hen Sie die Dosis schrittweise, um die gew\u00fcnschte Menge zu erreichen. Korallen werden am besten nachts gef\u00fcttert, wenn sie ihre Polypen ausdehnen.<\/p>\n<p><a href=\"https:\/\/aquaforest.eu\/wp-content\/uploads\/2014\/12\/af-growth-boost_makro_zoom.png\" target=\"_blank\" rel=\"noopener noreferrer nofollow\"><br \/>\n<img decoding=\"async\" class=\"aligncenter wp-image-7014 size-full\" src=\"https:\/\/www.seaflowerstore.com\/nl\/wp-content\/uploads\/content\/af-growth-boost_makro.png\" alt=\"\" width=\"450\" \u200b\u200bheight=\"189\" \/><br \/>\n<\/a><\/p>\n","protected":false},"excerpt":{"rendered":"<p>AF Growth Boost is a amino acids supplement for all types of Coral<\/p>\n","protected":false},"featured_media":83343,"template":"","meta":[],"pwb-brand":[2199],"product_cat":[1414,1436],"product_tag":[],"class_list":{"0":"post-86961","1":"product","2":"type-product","3":"status-publish","4":"has-post-thumbnail","6":"pwb-brand-aquaforest","7":"product_cat-aquaforest-de","8":"product_cat-korallenfutter","9":"pa_show-myparcel-options-male-de","11":"first","12":"instock","13":"taxable","14":"shipping-taxable","15":"purchasable","16":"product-type-simple"},"acf":[],"brands":[{"id":2199,"name":"Aquaforest","slug":"aquaforest"}],"_links":{"self":[{"href":"https:\/\/www.seaflowerstore.com\/de\/wp-json\/wp\/v2\/product\/86961","targetHints":{"allow":["GET"]}}],"collection":[{"href":"https:\/\/www.seaflowerstore.com\/de\/wp-json\/wp\/v2\/product"}],"about":[{"href":"https:\/\/www.seaflowerstore.com\/de\/wp-json\/wp\/v2\/types\/product"}],"wp:featuredmedia":[{"embeddable":true,"href":"https:\/\/www.seaflowerstore.com\/de\/wp-json\/wp\/v2\/media\/83343"}],"wp:attachment":[{"href":"https:\/\/www.seaflowerstore.com\/de\/wp-json\/wp\/v2\/media?parent=86961"}],"wp:term":[{"taxonomy":"pwb-brand","embeddable":true,"href":"https:\/\/www.seaflowerstore.com\/de\/wp-json\/wp\/v2\/pwb-brand?post=86961"},{"taxonomy":"product_cat","embeddable":true,"href":"https:\/\/www.seaflowerstore.com\/de\/wp-json\/wp\/v2\/product_cat?post=86961"},{"taxonomy":"product_tag","embeddable":true,"href":"https:\/\/www.seaflowerstore.com\/de\/wp-json\/wp\/v2\/product_tag?post=86961"}],"curies":[{"name":"wp","href":"https:\/\/api.w.org\/{rel}","templated":true}]}}