{"id":86962,"date":"2018-05-19T13:38:55","date_gmt":"2018-05-19T11:38:55","guid":{"rendered":"https:\/\/www.seaflowerstore.com\/nl\/aquaforest-af-lps-food\/"},"modified":"2025-02-13T19:22:11","modified_gmt":"2025-02-13T18:22:11","slug":"aquaforest-af-lps-food","status":"publish","type":"product","link":"https:\/\/www.seaflowerstore.com\/de\/aquaforest-af-lps-food\/","title":{"rendered":"Aquaforest AF LPS Food"},"content":{"rendered":"<h2>Aquaforest AF LPS Food dedicated especially for LPS corals<\/h2>\n<p><strong>Aquaforest AF LPS Food<\/strong> ist ein speziell f\u00fcr LPS-Korallen entwickeltes Granulatfutter. Dieses Produkt ist reich an Proteinen und nahrhaften Fetts\u00e4uren, die f\u00fcr das Wohlbefinden von Meereslebewesen lebenswichtig sind.<\/p>\n<p>Wir empfehlen, Ihre Korallen mit <strong>1 Messl\u00f6ffel nachts pro 100 l (27 US-Gallonen)<\/strong> zu f\u00fcttern oder das Futter direkt \u00fcber den Korallen zu verteilen.<\/p>\n<p>Alle Aquaforest-Formeln sind in einer Menge von <strong>1 Messl\u00f6ffel pro 100 l (27 US-Gallonen)<\/strong> Wasser zu verwenden. Es ist jedoch wichtig zu bedenken, dass jedes Aquarium einzigartig ist, abh\u00e4ngig von der Riffstruktur. Wenn Sie neue Produkte in Ihr Aquarium einf\u00fchren, sollten Sie mit <strong>1\/2 oder sogar 1\/4 der empfohlenen Dosis<\/strong> beginnen und beobachten, wie die Korallen reagieren. Erh\u00f6hen Sie die Dosierung schrittweise, bis Sie die gew\u00fcnschte Menge erreicht haben. Korallen neigen dazu, ihre Polypen nachts auszudehnen, weshalb dies die beste Zeit ist, sie zu f\u00fcttern.<\/p>\n","protected":false},"excerpt":{"rendered":"<p>Aquaforest AF LPS Food dedicated especially for LPS corals<\/p>\n","protected":false},"featured_media":83344,"template":"","meta":[],"pwb-brand":[2199],"product_cat":[1414,1436],"product_tag":[],"class_list":{"0":"post-86962","1":"product","2":"type-product","3":"status-publish","4":"has-post-thumbnail","6":"pwb-brand-aquaforest","7":"product_cat-aquaforest-de","8":"product_cat-korallenfutter","9":"pa_show-myparcel-options-male-de","11":"first","12":"instock","13":"sale","14":"taxable","15":"shipping-taxable","16":"purchasable","17":"product-type-simple"},"acf":[],"brands":[{"id":2199,"name":"Aquaforest","slug":"aquaforest"}],"_links":{"self":[{"href":"https:\/\/www.seaflowerstore.com\/de\/wp-json\/wp\/v2\/product\/86962","targetHints":{"allow":["GET"]}}],"collection":[{"href":"https:\/\/www.seaflowerstore.com\/de\/wp-json\/wp\/v2\/product"}],"about":[{"href":"https:\/\/www.seaflowerstore.com\/de\/wp-json\/wp\/v2\/types\/product"}],"wp:featuredmedia":[{"embeddable":true,"href":"https:\/\/www.seaflowerstore.com\/de\/wp-json\/wp\/v2\/media\/83344"}],"wp:attachment":[{"href":"https:\/\/www.seaflowerstore.com\/de\/wp-json\/wp\/v2\/media?parent=86962"}],"wp:term":[{"taxonomy":"pwb-brand","embeddable":true,"href":"https:\/\/www.seaflowerstore.com\/de\/wp-json\/wp\/v2\/pwb-brand?post=86962"},{"taxonomy":"product_cat","embeddable":true,"href":"https:\/\/www.seaflowerstore.com\/de\/wp-json\/wp\/v2\/product_cat?post=86962"},{"taxonomy":"product_tag","embeddable":true,"href":"https:\/\/www.seaflowerstore.com\/de\/wp-json\/wp\/v2\/product_tag?post=86962"}],"curies":[{"name":"wp","href":"https:\/\/api.w.org\/{rel}","templated":true}]}}