{"id":86964,"date":"2018-05-14T12:29:54","date_gmt":"2018-05-14T10:29:54","guid":{"rendered":"https:\/\/www.seaflowerstore.com\/nl\/aquaforest-life-bio-fil\/"},"modified":"2024-03-20T16:48:34","modified_gmt":"2024-03-20T15:48:34","slug":"aquaforest-life-bio-fil","status":"publish","type":"product","link":"https:\/\/www.seaflowerstore.com\/de\/aquaforest-life-bio-fil\/","title":{"rendered":"Aquaforest Life Bio Fil"},"content":{"rendered":"<h2>Aquaforest Life Bio Fil is a natural biological filter medium<\/h2>\n<p><strong>Aquaforest Life Bio Fil<\/strong> dient als nat\u00fcrliches biologisches Filtermedium. Es enth\u00e4lt ausgew\u00e4hlte Bakterienst\u00e4mme, die den Reifungsprozess durch den Nitrifikationsprozess unterst\u00fctzen. Diese F\u00fcllung verbessert die Filterleistung sowohl in bestehenden als auch in neu eingerichteten Aquarien.<\/p>\n<p>Das herausragende Merkmal von Life Bio Fil ist das Vorhandensein lebender Bakterien. Dies bedeutet, dass das Produkt sofort zu wirken beginnt und Sie nicht warten m\u00fcssen, bis sich Bakterien im Medium angesiedelt haben.<\/p>\n<p>Um Life Bio Fil effektiv zu nutzen, sollte es in den Sumpf gegeben werden, wo es eine gute Wasserstr\u00f6mung gibt. F\u00fcr optimale Ergebnisse verwenden Sie 1000 ml (33,81 fl oz) des Mediums in einem Aquarium mit einem Fassungsverm\u00f6gen von 400 l (105 US gal.).<\/p>\n<p>Wir empfehlen, alle 6 Wochen 10 bis 20 % der F\u00fcllung auszutauschen, um ihre Wirksamkeit aufrechtzuerhalten.<\/p>\n","protected":false},"excerpt":{"rendered":"<p>Life Bio Fil is a natural biological filter medium for seawater aquariums. Is available in 1200ml and 5000ml.<\/p>\n","protected":false},"featured_media":80413,"template":"","meta":[],"pwb-brand":[2199],"product_cat":[1414,1391,1483],"product_tag":[],"class_list":{"0":"post-86964","1":"product","2":"type-product","3":"status-publish","4":"has-post-thumbnail","6":"pwb-brand-aquaforest","7":"product_cat-aquaforest-de","8":"product_cat-ergaenzungen","9":"product_cat-refugium-de","10":"pa_inhoud-1200-ml-de","11":"pa_inhoud-250-ml-de","12":"pa_inhoud-5-l-de","13":"pa_show-myparcel-options-male-de","15":"first","16":"instock","17":"sale","18":"taxable","19":"shipping-taxable","20":"purchasable","21":"product-type-variable"},"acf":[],"brands":[{"id":2199,"name":"Aquaforest","slug":"aquaforest"}],"_links":{"self":[{"href":"https:\/\/www.seaflowerstore.com\/de\/wp-json\/wp\/v2\/product\/86964","targetHints":{"allow":["GET"]}}],"collection":[{"href":"https:\/\/www.seaflowerstore.com\/de\/wp-json\/wp\/v2\/product"}],"about":[{"href":"https:\/\/www.seaflowerstore.com\/de\/wp-json\/wp\/v2\/types\/product"}],"wp:featuredmedia":[{"embeddable":true,"href":"https:\/\/www.seaflowerstore.com\/de\/wp-json\/wp\/v2\/media\/80413"}],"wp:attachment":[{"href":"https:\/\/www.seaflowerstore.com\/de\/wp-json\/wp\/v2\/media?parent=86964"}],"wp:term":[{"taxonomy":"pwb-brand","embeddable":true,"href":"https:\/\/www.seaflowerstore.com\/de\/wp-json\/wp\/v2\/pwb-brand?post=86964"},{"taxonomy":"product_cat","embeddable":true,"href":"https:\/\/www.seaflowerstore.com\/de\/wp-json\/wp\/v2\/product_cat?post=86964"},{"taxonomy":"product_tag","embeddable":true,"href":"https:\/\/www.seaflowerstore.com\/de\/wp-json\/wp\/v2\/product_tag?post=86964"}],"curies":[{"name":"wp","href":"https:\/\/api.w.org\/{rel}","templated":true}]}}