{"id":86971,"date":"2018-05-07T09:19:09","date_gmt":"2018-05-07T07:19:09","guid":{"rendered":"https:\/\/www.seaflowerstore.com\/nl\/ati-absolute-ocean-2-x-102-liter\/"},"modified":"2024-03-20T16:48:16","modified_gmt":"2024-03-20T15:48:16","slug":"ati-absolute-ocean-2-x-102-liter","status":"publish","type":"product","link":"https:\/\/www.seaflowerstore.com\/de\/ati-absolute-ocean-2-x-102-liter\/","title":{"rendered":"ATI Absolute ocean 2 x 10,2 Liter"},"content":{"rendered":"<h2>ATI Absolute ocean 2 x 10,2 Liter for 170l seawater<\/h2>\n<p>(2 Komponenten, je 10,2 Liter)<\/p>\n<p><a href=\"Bereken%20via%20deze%20link%20hoeveel%20Absolute%20Ocean%20je%20nodig%20hebt\" rel=\"noopener noreferrer\" target=\"_blank\">Berechnen Sie, wie viel Absolute Ocean Sie ben\u00f6tigen<\/a><\/p>\n<p><a href=\"http:\/\/atiaquaristik.com\/de\/?one_page_portfolio=absolute-ocean\" rel=\"noopener noreferrer nofollow\" target=\"_blank\">Erfahren Sie mehr \u00fcber Absolute Ocean<\/a><\/p>\n<h4>Ultra Pure<\/h4>\n<p><strong>Absolute Ocean<\/strong> besteht haupts\u00e4chlich aus analytisch reinen Salzen und weist daher einen au\u00dfergew\u00f6hnlich hohen Reinheitsgrad auf. Unser Labor \u00fcberwacht den Produktionsprozess kontinuierlich und stellt sicher, dass alle Verunreinigungen vollst\u00e4ndig eliminiert werden.<\/p>\n<h3>Perfekt ausgewogen<\/h3>\n<p>Die fl\u00fcssige Form von Absolute Ocean \u00fcbertrifft jede herk\u00f6mmliche Salzmischung in puncto Homogenit\u00e4t. Dank hochpr\u00e4ziser ICP-Messungen stellen wir nicht nur alle Mengenkonzentrationen, sondern auch verschiedene Spurenelementkonzentrationen pr\u00e4zise ein. So sind beispielsweise selbst niedrigste Spurenelementkonzentrationen wie Vanadium mit 1,5 \u03bcg\/l (1,5 Millionstel Gramm) in Absolute Ocean genauso enthalten wie in nat\u00fcrlichem Meerwasser.<\/p>\n<h3>Einfach und schnell einsatzbereit<\/h3>\n<p>Die Anwendung von Absolute Ocean ist einfach: Sie m\u00fcssen es nur nach Bedarf verd\u00fcnnen. Das entstandene Meerwasser wird sofort klar und kann sofort verwendet werden. Da es sich bei Absolute Ocean um ein Konzentrat handelt, m\u00fcssen Sie nicht warten, bis sich die Salze aufgel\u00f6st haben. Einfach verd\u00fcnnen und schon kann es losgehen! Diese Vorgehensweise spart Zeit und erm\u00f6glicht es Ihnen, Meerwasser in Sekundenschnelle nachzubilden. Seine fl\u00fcssige und vollkommen homogene Form hilft, unerw\u00fcnschte Schwankungen zu vermeiden, die bei herk\u00f6mmlichen Salzmischungen auftreten k\u00f6nnen. Unser Labor garantiert f\u00fcr dieses Produkt eine gleichbleibend hohe und kontrollierte Qualit\u00e4t.<\/p>\n<h4>Parameter basierend auf 100L<\/h4>\n<table style=\"width: 285px; height: 40px;\">\n<tbody>\n<tr>\n<td width=\"200\"><strong>Parameter<\/strong><\/td>\n<td width=\"200\"><strong>Wert<\/strong><\/td>\n<td width=\"200\"><strong>Einheit<\/strong><\/td>\n<td width=\"200\"><strong>Max. Diff.<\/strong><\/td>\n<\/tr>\n<tr>\n<td width=\"200\">KH<\/td>\n<td width=\"200\">8,00<\/td>\n<td width=\"200\">dKH<\/td>\n<td width=\"200\">0,1 dKH<\/td>\n<\/tr>\n<tr>\n<td width=\"200\">pH<\/td>\n<td width=\"200\">8,20<\/td>\n<td width=\"200\">pH<\/td>\n<td width=\"200\">0,2 pH<\/td>\n<\/tr>\n<\/tbody>\n<\/table>\n<h4>N\u00e4hrstoffe<\/h4>\n<table style=\"width: 268px; height: 60px;\">\n<tbody>\n<tr>\n<td width=\"200\"><strong>N\u00e4hrstoffe<\/strong><\/td>\n<td width=\"200\"><strong>Konzentration<\/strong><\/td>\n<td width=\"200\"><strong>Einheit<\/strong><\/td>\n<\/tr>\n<tr>\n<td width=\"200\">Nitrat<\/td>\n<td width=\"200\">&lt; 0,1<\/td>\n<td width=\"200\">mg\/l<\/td>\n<\/tr>\n<tr>\n<td width=\"200\">Phosphor<\/td>\n<td width=\"200\">&lt; 10<\/td>\n<td width=\"200\">\u00b5g\/l<\/td>\n<\/tr>\n<\/tbody>\n<\/table>\n<h4>Hauptelemente<\/h4>\n<table style=\"width: 269px; height: 234px;\">\n<tbody>\n<tr>\n<td width=\"200\"><strong>Hauptelement<\/strong><\/td>\n<td width=\"200\"><strong>Konzentration<\/strong><\/td>\n<td width=\"200\"><strong>Einheit<\/strong><\/td>\n<\/tr>\n<tr>\n<td width=\"200\">Chlorid<\/td>\n<td width=\"200\">19800,00<\/td>\n<td width=\"200\">mg\/l<\/td>\n<\/tr>\n<tr>\n<td width=\"200\">Natrium<\/td>\n<td width=\"200\">11035,00<\/td>\n<td width=\"200\">mg\/l<\/td>\n<\/tr>\n<tr>\n<td width=\"200\">Magnesium<\/td>\n<td width=\"200\">1313,00<\/td>\n<td width=\"200\">mg\/l<\/td>\n<\/tr>\n<tr>\n<td width=\"200\">Schwefel<\/td>\n<td width=\"200\">925,00<\/td>\n<td width=\"200\">mg\/l<\/td>\n<\/tr>\n<tr>\n<td width=\"200\">Calcium<\/td>\n<td width=\"200\">421,00<\/td>\n<td width=\"200\">mg\/l<\/td>\n<\/tr>\n<tr>\n<td width=\"200\">Kalium<\/td>\n<td width=\"200\">408,00<\/td>\n<td width=\"200\">mg\/l<\/td>\n<\/tr>\n<tr>\n<td width=\"200\">Brom<\/td>\n<td width=\"200\">68,00<\/td>\n<td width=\"200\">mg\/l<\/td>\n<\/tr>\n<tr>\n<td width=\"200\">Strontium<\/td>\n<td width=\"200\">8,10<\/td>\n<td width=\"200\">mg\/l<\/td>\n<\/tr>\n<tr>\n<td width=\"200\">Bor<\/td>\n<td width=\"200\">4,50<\/td>\n<td width=\"200\">mg\/l<\/td>\n<\/tr>\n<tr>\n<td width=\"200\">Fluorid<\/td>\n<td width=\"200\">1,30<\/td>\n<td width=\"200\">mg\/l<\/td>\n<\/tr>\n<\/tbody>\n<\/table>\n<h4>Spurenelemente<\/h4>\n<table style=\"width: 327px; height: 161px;\">\n<tbody>\n<tr>\n<td width=\"200\"><strong>Spurenelement<\/strong><\/td>\n<td width=\"200\"><strong>Konzentration<\/strong><\/td>\n<td width=\"200\"><strong>Einheit<\/strong><\/td>\n<td width=\"200\"><strong>Max. Diff.<\/strong><\/td>\n<\/tr>\n<tr>\n<td width=\"200\">Lithium<\/td>\n<td width=\"200\">172,00<\/td>\n<td width=\"200\">\u00b5g\/l<\/td>\n<td width=\"200\">10 \u00b5g\/l<\/td>\n<\/tr>\n<tr>\n<td width=\"200\">Rubidium<\/td>\n<td width=\"200\">120,00<\/td>\n<td width=\"200\">\u00b5g\/l<\/td>\n<td width=\"200\">10 \u00b5g\/l<\/td>\n<\/tr>\n<tr>\n<td width=\"200\">Jod<\/td>\n<td width=\"200\">70,00<\/td>\n<td width=\"200\">\u00b5g\/l<\/td>\n<td width=\"200\">4 \u00b5g\/l<\/td>\n<\/tr>\n<tr>\n<td width=\"200\">Molybd\u00e4n<\/td>\n<td width=\"200\">12,00<\/td>\n<td width=\"200\">\u00b5g\/l<\/td>\n<td width=\"200\">2 \u00b5g\/l<\/td>\n<\/tr>\n<tr>\n<td width=\"200\">Barium<\/td>\n<td width=\"200\">10,00<\/td>\n<td width=\"200\">\u00b5g\/l<\/td>\n<td width=\"200\">2 \u00b5g\/l<\/td>\n<\/tr>\n<tr>\n<td width=\"200\">Vanadium<\/td>\n<td width=\"200\">1,40<\/td>\n<td width=\"200\">\u00b5g\/l<\/td>\n<td width=\"200\">0,4 \u00b5g\/l<\/td>\n<\/tr>\n<tr>\n<td width=\"200\">Zink<\/td>\n<td width=\"200\">1,00<\/td>\n<td width=\"200\">\u00b5g\/l<\/td>\n<td width=\"200\">0,4 \u00b5g\/l<\/td>\n<\/tr>\n<\/tbody>\n<\/table>\n","protected":false},"excerpt":{"rendered":"<p>ATI Absolute Ocean mix with osmosis water and is good for 170 liters of seawater<\/p>\n","protected":false},"featured_media":80394,"template":"","meta":[],"pwb-brand":[2131],"product_cat":[1511,1395],"product_tag":[],"class_list":{"0":"post-86971","1":"product","2":"type-product","3":"status-publish","4":"has-post-thumbnail","6":"pwb-brand-ati","7":"product_cat-meerwasser","8":"product_cat-ati-de","9":"pa_show-myparcel-options-male-de","11":"first","12":"instock","13":"taxable","14":"shipping-taxable","15":"purchasable","16":"product-type-simple"},"acf":[],"brands":[{"id":2131,"name":"ATI","slug":"ati"}],"_links":{"self":[{"href":"https:\/\/www.seaflowerstore.com\/de\/wp-json\/wp\/v2\/product\/86971","targetHints":{"allow":["GET"]}}],"collection":[{"href":"https:\/\/www.seaflowerstore.com\/de\/wp-json\/wp\/v2\/product"}],"about":[{"href":"https:\/\/www.seaflowerstore.com\/de\/wp-json\/wp\/v2\/types\/product"}],"wp:featuredmedia":[{"embeddable":true,"href":"https:\/\/www.seaflowerstore.com\/de\/wp-json\/wp\/v2\/media\/80394"}],"wp:attachment":[{"href":"https:\/\/www.seaflowerstore.com\/de\/wp-json\/wp\/v2\/media?parent=86971"}],"wp:term":[{"taxonomy":"pwb-brand","embeddable":true,"href":"https:\/\/www.seaflowerstore.com\/de\/wp-json\/wp\/v2\/pwb-brand?post=86971"},{"taxonomy":"product_cat","embeddable":true,"href":"https:\/\/www.seaflowerstore.com\/de\/wp-json\/wp\/v2\/product_cat?post=86971"},{"taxonomy":"product_tag","embeddable":true,"href":"https:\/\/www.seaflowerstore.com\/de\/wp-json\/wp\/v2\/product_tag?post=86971"}],"curies":[{"name":"wp","href":"https:\/\/api.w.org\/{rel}","templated":true}]}}