{"id":86973,"date":"2018-05-06T13:41:17","date_gmt":"2018-05-06T11:41:17","guid":{"rendered":"https:\/\/www.seaflowerstore.com\/nl\/nyos-magnesium-test-kit\/"},"modified":"2024-03-20T16:48:09","modified_gmt":"2024-03-20T15:48:09","slug":"nyos-magnesium-test-kit","status":"publish","type":"product","link":"https:\/\/www.seaflowerstore.com\/de\/nyos-magnesium-test-kit\/","title":{"rendered":"NYOS Magnesium Test Kit"},"content":{"rendered":"<h2>NYOS Magnesium Test Kit<\/h2>\n<p>Das <\/p>\n<p><strong>NYOS Magnesium-Testkit<\/strong> ist ein pr\u00e4zises Magnesium-Testkit, das speziell f\u00fcr Meerwasser entwickelt wurde. Die Nyos Reefer-Testkits liefern Tests auf Laborniveau zu einem wettbewerbsf\u00e4higen Preis.<\/p>\n<ul>\n<li>Genaue Messung von 15 mg\/l.<\/li>\n<li>Reagenzien werden in Deutschland gem\u00e4\u00df EN ISO 9001 hergestellt.<\/li>\n<li>Reagenzien erf\u00fcllen die AAS- und NIST-Standards.<\/li>\n<li>Eine hohe Qualit\u00e4tskontrolle gew\u00e4hrleistet zuverl\u00e4ssige Ergebnisse.<\/li>\n<li>Einfach zu verwenden, daher f\u00fcr jeden zug\u00e4nglich.<\/li>\n<li>Geeignet f\u00fcr bis zu 50 Tests.<\/li>\n<\/ul>\n<p>Detaillierte Anweisungen finden Sie im <a href=\"http:\/\/nyos.info\/assets\/downloads\/Magnesium_Reefer_Manual_DE_EN_FR_IT_ES_NL.pdf\" target=\"_blank\" rel=\"noopener noreferrer nofollow\">Handbuch<\/a>.<\/p>\n<p>Weitere Informationen finden Sie unter <a href=\"http:\/\/www.nyos.info\/de\/produkte\/products.php?prid=magnesium_reefer\" target=\"_blank\" rel=\"noopener noreferrer nofollow\">NYOS.info<\/a>.<\/p>\n","protected":false},"excerpt":{"rendered":"<p>Accurate Magnesium test kit for seawater from NYOS. Suitable for 50 tests.<\/p>\n","protected":false},"featured_media":80388,"template":"","meta":[],"pwb-brand":[2209],"product_cat":[1400],"product_tag":[],"class_list":{"0":"post-86973","1":"product","2":"type-product","3":"status-publish","4":"has-post-thumbnail","6":"pwb-brand-nyos","7":"product_cat-tester","8":"pa_show-myparcel-options-male-de","10":"first","11":"instock","12":"taxable","13":"shipping-taxable","14":"purchasable","15":"product-type-simple"},"acf":[],"brands":[{"id":2209,"name":"NYOS","slug":"nyos"}],"_links":{"self":[{"href":"https:\/\/www.seaflowerstore.com\/de\/wp-json\/wp\/v2\/product\/86973","targetHints":{"allow":["GET"]}}],"collection":[{"href":"https:\/\/www.seaflowerstore.com\/de\/wp-json\/wp\/v2\/product"}],"about":[{"href":"https:\/\/www.seaflowerstore.com\/de\/wp-json\/wp\/v2\/types\/product"}],"wp:featuredmedia":[{"embeddable":true,"href":"https:\/\/www.seaflowerstore.com\/de\/wp-json\/wp\/v2\/media\/80388"}],"wp:attachment":[{"href":"https:\/\/www.seaflowerstore.com\/de\/wp-json\/wp\/v2\/media?parent=86973"}],"wp:term":[{"taxonomy":"pwb-brand","embeddable":true,"href":"https:\/\/www.seaflowerstore.com\/de\/wp-json\/wp\/v2\/pwb-brand?post=86973"},{"taxonomy":"product_cat","embeddable":true,"href":"https:\/\/www.seaflowerstore.com\/de\/wp-json\/wp\/v2\/product_cat?post=86973"},{"taxonomy":"product_tag","embeddable":true,"href":"https:\/\/www.seaflowerstore.com\/de\/wp-json\/wp\/v2\/product_tag?post=86973"}],"curies":[{"name":"wp","href":"https:\/\/api.w.org\/{rel}","templated":true}]}}