{"id":86975,"date":"2018-05-06T13:02:27","date_gmt":"2018-05-06T11:02:27","guid":{"rendered":"https:\/\/www.seaflowerstore.com\/nl\/nyos-calcium-test-kit\/"},"modified":"2024-03-20T16:48:03","modified_gmt":"2024-03-20T15:48:03","slug":"nyos-calcium-test-kit","status":"publish","type":"product","link":"https:\/\/www.seaflowerstore.com\/de\/nyos-calcium-test-kit\/","title":{"rendered":"NYOS Calcium test kit"},"content":{"rendered":"<h2>NYOS Calcium test kit Accurate calcium test kit for saltwater<\/h2>\n<p>Die Nyos Reefer-Testkits bieten Tests auf Laborniveau zu einem unschlagbaren Preis.<\/p>\n<ul>\n<li><strong>Genaue Messwerte<\/strong> in Schritten von 5 mg\/l.<\/li>\n<li>Die Reagenzien werden in Deutschland gem\u00e4\u00df <strong>EN ISO 9001<\/strong> hergestellt.<\/li>\n<li>Die Reagenzien werden gem\u00e4\u00df den Standards <strong>AAS<\/strong> und <strong>NIST<\/strong> validiert.<\/li>\n<li>Eine hohe Qualit\u00e4tskontrolle gew\u00e4hrleistet Zuverl\u00e4ssigkeit.<\/li>\n<li>Es ist <strong>einfach zu verwenden<\/strong>.<\/li>\n<li>Jedes Kit ist f\u00fcr <strong>50 Tests<\/strong> geeignet.<\/li>\n<\/ul>\n<p>Weitere Informationen finden Sie unter <a href=\"http:\/\/www.nyos.info\/en\/produkte\/products.php?prid=calcium_reefer\" target=\"_blank\" rel=\"noopener noreferrer nofollow\">Nyos.info<\/a>.<\/p>\n","protected":false},"excerpt":{"rendered":"<p>NYOS Calcium test kit Accurate calcium test kit for saltwater<\/p>\n","protected":false},"featured_media":80384,"template":"","meta":[],"pwb-brand":[2209],"product_cat":[1400],"product_tag":[],"class_list":{"0":"post-86975","1":"product","2":"type-product","3":"status-publish","4":"has-post-thumbnail","6":"pwb-brand-nyos","7":"product_cat-tester","8":"pa_show-myparcel-options-male-de","10":"first","11":"instock","12":"taxable","13":"shipping-taxable","14":"purchasable","15":"product-type-simple"},"acf":[],"brands":[{"id":2209,"name":"NYOS","slug":"nyos"}],"_links":{"self":[{"href":"https:\/\/www.seaflowerstore.com\/de\/wp-json\/wp\/v2\/product\/86975","targetHints":{"allow":["GET"]}}],"collection":[{"href":"https:\/\/www.seaflowerstore.com\/de\/wp-json\/wp\/v2\/product"}],"about":[{"href":"https:\/\/www.seaflowerstore.com\/de\/wp-json\/wp\/v2\/types\/product"}],"wp:featuredmedia":[{"embeddable":true,"href":"https:\/\/www.seaflowerstore.com\/de\/wp-json\/wp\/v2\/media\/80384"}],"wp:attachment":[{"href":"https:\/\/www.seaflowerstore.com\/de\/wp-json\/wp\/v2\/media?parent=86975"}],"wp:term":[{"taxonomy":"pwb-brand","embeddable":true,"href":"https:\/\/www.seaflowerstore.com\/de\/wp-json\/wp\/v2\/pwb-brand?post=86975"},{"taxonomy":"product_cat","embeddable":true,"href":"https:\/\/www.seaflowerstore.com\/de\/wp-json\/wp\/v2\/product_cat?post=86975"},{"taxonomy":"product_tag","embeddable":true,"href":"https:\/\/www.seaflowerstore.com\/de\/wp-json\/wp\/v2\/product_tag?post=86975"}],"curies":[{"name":"wp","href":"https:\/\/api.w.org\/{rel}","templated":true}]}}