{"id":86976,"date":"2018-04-30T15:43:46","date_gmt":"2018-04-30T13:43:46","guid":{"rendered":"https:\/\/www.seaflowerstore.com\/nl\/nyos-nitrate-reefer-test\/"},"modified":"2024-03-20T16:47:59","modified_gmt":"2024-03-20T15:47:59","slug":"nyos-nitrate-reefer-test","status":"publish","type":"product","link":"https:\/\/www.seaflowerstore.com\/de\/nyos-nitrate-reefer-test\/","title":{"rendered":"NYOS Nitrate reefer test"},"content":{"rendered":"<h2><strong>NYOS nitrate test kit <\/strong>Accurate nitrate test kit for seawater<\/h2>\n<p>Nyos Reefer-Testkits heben Ihr Testerlebnis auf Laborniveau, und das zu einem sehr attraktiven Preis.<\/p>\n<ul>\n<li>Genauer Messbereich: 1-160 mg\/l<\/li>\n<li>Reagenzien werden in Deutschland gem\u00e4\u00df EN ISO 9001-Standards hergestellt<\/li>\n<li>Reagenzien entsprechen den AAS- und NIST-Standards<\/li>\n<li>Es werden strenge Qualit\u00e4tskontrollma\u00dfnahmen durchgef\u00fchrt<\/li>\n<li>Auf Benutzerfreundlichkeit ausgelegt<\/li>\n<li>Jedes Kit ist f\u00fcr bis zu 40 Tests geeignet<\/li>\n<\/ul>\n","protected":false},"excerpt":{"rendered":"<p>Accurate nitrate test kit for seawater. Suitable for 40 tests<\/p>\n","protected":false},"featured_media":80381,"template":"","meta":[],"pwb-brand":[2209],"product_cat":[1400,1533],"product_tag":[],"class_list":{"0":"post-86976","1":"product","2":"type-product","3":"status-publish","4":"has-post-thumbnail","6":"pwb-brand-nyos","7":"product_cat-tester","8":"product_cat-dsr-empfohlen","9":"pa_show-myparcel-options-male-de","11":"first","12":"instock","13":"sale","14":"taxable","15":"shipping-taxable","16":"purchasable","17":"product-type-simple"},"acf":[],"brands":[{"id":2209,"name":"NYOS","slug":"nyos"}],"_links":{"self":[{"href":"https:\/\/www.seaflowerstore.com\/de\/wp-json\/wp\/v2\/product\/86976","targetHints":{"allow":["GET"]}}],"collection":[{"href":"https:\/\/www.seaflowerstore.com\/de\/wp-json\/wp\/v2\/product"}],"about":[{"href":"https:\/\/www.seaflowerstore.com\/de\/wp-json\/wp\/v2\/types\/product"}],"wp:featuredmedia":[{"embeddable":true,"href":"https:\/\/www.seaflowerstore.com\/de\/wp-json\/wp\/v2\/media\/80381"}],"wp:attachment":[{"href":"https:\/\/www.seaflowerstore.com\/de\/wp-json\/wp\/v2\/media?parent=86976"}],"wp:term":[{"taxonomy":"pwb-brand","embeddable":true,"href":"https:\/\/www.seaflowerstore.com\/de\/wp-json\/wp\/v2\/pwb-brand?post=86976"},{"taxonomy":"product_cat","embeddable":true,"href":"https:\/\/www.seaflowerstore.com\/de\/wp-json\/wp\/v2\/product_cat?post=86976"},{"taxonomy":"product_tag","embeddable":true,"href":"https:\/\/www.seaflowerstore.com\/de\/wp-json\/wp\/v2\/product_tag?post=86976"}],"curies":[{"name":"wp","href":"https:\/\/api.w.org\/{rel}","templated":true}]}}