{"id":86988,"date":"2018-04-23T09:28:34","date_gmt":"2018-04-23T07:28:34","guid":{"rendered":"https:\/\/www.seaflowerstore.com\/nl\/marinlab-2-test-envelop-including-test-for-ro-water\/"},"modified":"2024-03-20T16:47:55","modified_gmt":"2024-03-20T15:47:55","slug":"marinlab-2-test-envelop-including-test-for-ro-water","status":"publish","type":"product","link":"https:\/\/www.seaflowerstore.com\/de\/marinlab-2-test-envelop-including-test-for-ro-water\/","title":{"rendered":"MarinLab 2 test envelop including test for RO-water"},"content":{"rendered":"<h2>MarinLab 2 test envelop including test for RO-water<\/h2>\n<p>Marinlab verwendet zur Analyse von Meerwasser die Methode der induktiv gekoppelten Plasmaspektrometrie (ICP-OES). Die bereitgestellte Probe wird bei 8 \u00b0C plasmagespr\u00fcht. Die zu analysierenden Substanzen werden mithilfe eines optischen Emissionsspektrometers (OES) quantifiziert. Diese Methode erm\u00f6glicht die Analyse vieler Makro- und Spurenelemente, die f\u00fcr die Gesundheit Ihres Riffaquariums unerl\u00e4sslich sind, darunter:<\/p>\n<ul>\n<li>Li<\/li>\n<li>Si<\/li>\n<li>I<\/li>\n<li>Ba<\/li>\n<li>Mo<\/li>\n<li>Ni<\/li>\n<li>Mn<\/li>\n<li>Be<\/li>\n<li>Cr<\/li>\n<li>Co<\/li>\n<li>Fe<\/li>\n<li>V<\/li>\n<li>Zn<\/ li>\n<li>Hg<\/li>\n<li>Se<\/li>\n<li>Cd<\/li>\n<li>Sn<\/li>\n<li>Sb<\/li>\n<li>As<\/li>\n<li>Al<\/li>\n<li>Pb<\/li>\n<li>Ti<\/li>\n<li>Cu<\/li>\n<li>La<\/li>\n<li>Sc<\/li>\n<li>W<\/li>\n<li>Na<\/li>\n<li>Ca<\/li>\n<li>Mg<\/li>\n<li>K<\/li>\n<li>Br<\/li>\n<li>B<\/li>\n<li>Sr<\/li>\n<li>S<\/li>\n<li>P<\/li>\n<li>PO4<\/li>\n<li>Salzgehalt<\/li>\n<li>KH<\/li>\n<\/ul>\n<p>Bei Marinlab sind zwei Testkits erh\u00e4ltlich: eines ist ein einzelnes R\u00f6hrchen f\u00fcr Aquarienwasser, das andere enth\u00e4lt zwei R\u00f6hrchen \u2013 eines f\u00fcr Aquarienwasser und ein weiteres f\u00fcr Ihr RO-Wasser.<\/p>\n<h2>Inhalt des Marinlab-Kits<\/h2>\n<ul>\n<li>Eine Plastikh\u00fclle f\u00fcr den Versand des Tests. Bitte \u00f6ffnen Sie es vorsichtig, da es bereits die Versandadresse enth\u00e4lt.<\/li>\n<li>Ein Plastikr\u00f6hrchen mit Deckel, beschriftet mit einer Nummer.<\/li>\n<li>Ein Erl\u00e4uterungsblatt.<\/li>\n<\/ul>\n<h2>Schritte zur Verwendung des Marinlab-Analysekits<\/h2>\n<p>Nach dem Kauf des Marinlab-Kits (das die Kosten f\u00fcr die Tests beinhaltet) befolgen Sie bitte diese Schritte:<\/p>\n<ol>\n<li>Erstellen Sie online ein Konto unter <a href=\"http:\/\/marinlab.com\/\" rel=\"nofollow noopener\" target=\"_blank\">http:\/\/marinlab.com<\/a> (w\u00e4hlen Sie entweder die englische oder polnische Sprache aus). Sie erhalten vor Ihrer ersten Anmeldung eine Best\u00e4tigungs-E-Mail.<\/li>\n<li>Sp\u00fclen Sie die R\u00f6hrchen zweimal im Aquarium aus, das Sie testen m\u00f6chten, und f\u00fcllen Sie das R\u00f6hrchen mit Salzwasser. Stellen Sie sicher, dass das R\u00f6hrchen mit der mitgelieferten Kappe fest verschlossen ist.<\/li>\n<li>Geben Sie in Ihrem Marinlab-Onlinekonto die Nummer auf dem R\u00f6hrchen ein (Neue Probe hinzuf\u00fcgen), nachdem Sie Ihr \u201eAquarium\u201c erstellt haben (Neues Becken hinzuf\u00fcgen).<\/li>\n<li>Legen Sie das Probenr\u00f6hrchen in den Umschlag und <strong>stellen Sie vor dem Versand sicher, dass es ordnungsgem\u00e4\u00df frankiert ist<\/strong>.<\/li>\n<li>Sie erhalten eine E-Mail, wenn der Test abgeschlossen ist. Melden Sie sich bei Ihrem Konto an, um die Ergebnisse anzuzeigen und herunterzuladen.<\/li>\n<\/ol>\n<h2>Verz\u00f6gerungen zwischen Versand und Ergebnissen w\u00e4hrend dieses Tests<\/h2>\n<ul>\n<li>Zwischen dem Versenden der Box und dem Erhalt einer E-Mail zur Verf\u00fcgbarkeit der Analyse: ungef\u00e4hr 10 Tage.<\/li>\n<\/ul>\n<h2>Die Ergebnisse<\/h2>\n<p>Sobald Sie die Verf\u00fcgbarkeits-E-Mail erhalten haben, k\u00f6nnen Sie sich auf der Marinlab-Website anmelden. Wenn Sie zuvor Analysen mit Marinlab durchgef\u00fchrt haben, haben Sie Zugriff auf Ihren Verlauf und k\u00f6nnen die Testergebnisse ausw\u00e4hlen.<\/p>\n","protected":false},"excerpt":{"rendered":"<p class=\"serp-title\" data-format=\"%title% %sep% %sitename%\" data-empty-title=\"Click to enter custom title\">MarinLab 2 ICP lab test including osmosis water test from AquaForest<\/p>\n<p>Package needs to be send to Poland<\/p>\n","protected":false},"featured_media":80350,"template":"","meta":[],"pwb-brand":[2199],"product_cat":[1452,1414],"product_tag":[],"class_list":{"0":"post-86988","1":"product","2":"type-product","3":"status-publish","4":"has-post-thumbnail","6":"pwb-brand-aquaforest","7":"product_cat-labortest","8":"product_cat-aquaforest-de","9":"pa_show-myparcel-options-male-de","11":"first","12":"outofstock","13":"sale","14":"taxable","15":"shipping-taxable","16":"purchasable","17":"product-type-simple"},"acf":[],"brands":[{"id":2199,"name":"Aquaforest","slug":"aquaforest"}],"_links":{"self":[{"href":"https:\/\/www.seaflowerstore.com\/de\/wp-json\/wp\/v2\/product\/86988","targetHints":{"allow":["GET"]}}],"collection":[{"href":"https:\/\/www.seaflowerstore.com\/de\/wp-json\/wp\/v2\/product"}],"about":[{"href":"https:\/\/www.seaflowerstore.com\/de\/wp-json\/wp\/v2\/types\/product"}],"wp:featuredmedia":[{"embeddable":true,"href":"https:\/\/www.seaflowerstore.com\/de\/wp-json\/wp\/v2\/media\/80350"}],"wp:attachment":[{"href":"https:\/\/www.seaflowerstore.com\/de\/wp-json\/wp\/v2\/media?parent=86988"}],"wp:term":[{"taxonomy":"pwb-brand","embeddable":true,"href":"https:\/\/www.seaflowerstore.com\/de\/wp-json\/wp\/v2\/pwb-brand?post=86988"},{"taxonomy":"product_cat","embeddable":true,"href":"https:\/\/www.seaflowerstore.com\/de\/wp-json\/wp\/v2\/product_cat?post=86988"},{"taxonomy":"product_tag","embeddable":true,"href":"https:\/\/www.seaflowerstore.com\/de\/wp-json\/wp\/v2\/product_tag?post=86988"}],"curies":[{"name":"wp","href":"https:\/\/api.w.org\/{rel}","templated":true}]}}