{"id":86995,"date":"2018-04-16T19:43:48","date_gmt":"2018-04-16T17:43:48","guid":{"rendered":"https:\/\/www.seaflowerstore.com\/nl\/seneye-slides-3-pack-ammonia-ph-6-4-9\/"},"modified":"2025-12-21T21:18:18","modified_gmt":"2025-12-21T20:18:18","slug":"seneye-slides-3-pack-ammonia-ph-6-4-9","status":"publish","type":"product","link":"https:\/\/www.seaflowerstore.com\/de\/seneye-slides-3-pack-ammonia-ph-6-4-9\/","title":{"rendered":"Seneye slides 3 pack Ammonia &amp; PH (6.4-9)"},"content":{"rendered":"<h2>Seneye slides 3 pack Ammonia &amp; PH (6.4-9)<\/h2>\n<p>Dieses <strong>Seneye +<\/strong>-Paket enth\u00e4lt drei Objekttr\u00e4ger, E-Mail-Benachrichtigungen, automatisierte Online-Diagramme und personalisierte Beratung. Die Aktivierung von Seneye + ist unkompliziert und der Objekttr\u00e4ger garantiert, dass Sie ihn nie kalibrieren m\u00fcssen. Das bedeutet, dass Sie unter anderem keine Kosten f\u00fcr Kalibrierung und Pufferfl\u00fcssigkeiten aufwenden m\u00fcssen und trotzdem eine hohe Genauigkeit genie\u00dfen k\u00f6nnen.<\/p>\n<p>Um optimale Ergebnisse zu erzielen, ist es ratsam, Seneye-Objekttr\u00e4ger innerhalb von zw\u00f6lf Monaten zu verwenden. Bitte lagern Sie sie an einem k\u00fchlen, trockenen und dunklen Ort.<\/p>\n","protected":false},"excerpt":{"rendered":"<p>Seneye 3 slides pack Ammonia &amp; PH (6.4-9) -&gt; 90 days pH and Ammonia measurement<\/p>\n","protected":false},"featured_media":80327,"template":"","meta":[],"pwb-brand":[2259],"product_cat":[1400,1408],"product_tag":[],"class_list":{"0":"post-86995","1":"product","2":"type-product","3":"status-publish","4":"has-post-thumbnail","6":"pwb-brand-seneye","7":"product_cat-tester","8":"product_cat-computer-de","9":"pa_show-myparcel-options-male-de","11":"first","12":"instock","13":"taxable","14":"shipping-taxable","15":"purchasable","16":"product-type-simple"},"acf":[],"brands":[{"id":2259,"name":"Seneye","slug":"seneye"}],"_links":{"self":[{"href":"https:\/\/www.seaflowerstore.com\/de\/wp-json\/wp\/v2\/product\/86995","targetHints":{"allow":["GET"]}}],"collection":[{"href":"https:\/\/www.seaflowerstore.com\/de\/wp-json\/wp\/v2\/product"}],"about":[{"href":"https:\/\/www.seaflowerstore.com\/de\/wp-json\/wp\/v2\/types\/product"}],"wp:featuredmedia":[{"embeddable":true,"href":"https:\/\/www.seaflowerstore.com\/de\/wp-json\/wp\/v2\/media\/80327"}],"wp:attachment":[{"href":"https:\/\/www.seaflowerstore.com\/de\/wp-json\/wp\/v2\/media?parent=86995"}],"wp:term":[{"taxonomy":"pwb-brand","embeddable":true,"href":"https:\/\/www.seaflowerstore.com\/de\/wp-json\/wp\/v2\/pwb-brand?post=86995"},{"taxonomy":"product_cat","embeddable":true,"href":"https:\/\/www.seaflowerstore.com\/de\/wp-json\/wp\/v2\/product_cat?post=86995"},{"taxonomy":"product_tag","embeddable":true,"href":"https:\/\/www.seaflowerstore.com\/de\/wp-json\/wp\/v2\/product_tag?post=86995"}],"curies":[{"name":"wp","href":"https:\/\/api.w.org\/{rel}","templated":true}]}}