{"id":86999,"date":"2018-04-15T09:43:47","date_gmt":"2018-04-15T07:43:47","guid":{"rendered":"https:\/\/www.seaflowerstore.com\/nl\/blue-filter-foam-coarse\/"},"modified":"2024-03-20T16:48:24","modified_gmt":"2024-03-20T15:48:24","slug":"blue-filter-foam-coarse","status":"publish","type":"product","link":"https:\/\/www.seaflowerstore.com\/de\/blue-filter-foam-coarse\/","title":{"rendered":"Blue filter foam coarse"},"content":{"rendered":"<h2>Blue filter foam coarse which can be used as a pre-filter for removing litter from the water.<\/h2>\n<p>Dieser Filterschaum dient als fantastischer Vorfilter, um Schmutz effektiv aus dem Wasser zu entfernen. Sie erhalten ihn in verschiedenen K\u00f6rnungen: fein, mittel und grob. Der Schaum ist in den St\u00e4rken 2 cm, 5 cm oder 10 cm erh\u00e4ltlich, sodass Sie w\u00e4hlen k\u00f6nnen, was Ihren Anforderungen am besten entspricht.<\/p>\n<p>Neben seinen Filterfunktionen kann dieser Schaum auch f\u00fcr andere Zwecke verwendet werden, wie zum Beispiel:<\/p>\n<ul>\n<li>D\u00e4mpfung des Schalls von fallendem Wasser<\/li>\n<li>Wirkt als Blasenfalle<\/li>\n<li>Reduziert Vibrationen von Pumpen<\/li>\n<\/ul>\n<p>Dar\u00fcber hinaus eignen sich Filterschaummatten perfekt f\u00fcr Teichfilter. Sie lassen sich mit einer Schere leicht in die gew\u00fcnschte Form bringen und sind daher vielseitig einsetzbar. Genie\u00dfen Sie die Vorteile saubereren Wassers mit dieser praktischen L\u00f6sung!<\/p>\n","protected":false},"excerpt":{"rendered":"<p>Foam can also be used to, for example, dampen noise from falling water, as a bubble trap or a vibrating pump. Filter foam mats are also suitable for pond filters.<\/p>\n","protected":false},"featured_media":80315,"template":"","meta":[],"pwb-brand":[2133],"product_cat":[1403,1488],"product_tag":[],"class_list":{"0":"post-86999","1":"product","2":"type-product","3":"status-publish","4":"has-post-thumbnail","6":"pwb-brand-divers","7":"product_cat-beutel-filterung","8":"product_cat-pflege","9":"pa_gafzak-50x50x10cm-de","10":"pa_gafzak-50x50x2cm-de","11":"pa_gafzak-50x50x5cm-de","12":"pa_show-myparcel-options-male-de","14":"first","15":"outofstock","16":"taxable","17":"shipping-taxable","18":"purchasable","19":"product-type-variable"},"acf":[],"brands":[{"id":2133,"name":"divers","slug":"divers"}],"_links":{"self":[{"href":"https:\/\/www.seaflowerstore.com\/de\/wp-json\/wp\/v2\/product\/86999","targetHints":{"allow":["GET"]}}],"collection":[{"href":"https:\/\/www.seaflowerstore.com\/de\/wp-json\/wp\/v2\/product"}],"about":[{"href":"https:\/\/www.seaflowerstore.com\/de\/wp-json\/wp\/v2\/types\/product"}],"wp:featuredmedia":[{"embeddable":true,"href":"https:\/\/www.seaflowerstore.com\/de\/wp-json\/wp\/v2\/media\/80315"}],"wp:attachment":[{"href":"https:\/\/www.seaflowerstore.com\/de\/wp-json\/wp\/v2\/media?parent=86999"}],"wp:term":[{"taxonomy":"pwb-brand","embeddable":true,"href":"https:\/\/www.seaflowerstore.com\/de\/wp-json\/wp\/v2\/pwb-brand?post=86999"},{"taxonomy":"product_cat","embeddable":true,"href":"https:\/\/www.seaflowerstore.com\/de\/wp-json\/wp\/v2\/product_cat?post=86999"},{"taxonomy":"product_tag","embeddable":true,"href":"https:\/\/www.seaflowerstore.com\/de\/wp-json\/wp\/v2\/product_tag?post=86999"}],"curies":[{"name":"wp","href":"https:\/\/api.w.org\/{rel}","templated":true}]}}