{"id":87003,"date":"2018-04-15T09:40:26","date_gmt":"2018-04-15T07:40:26","guid":{"rendered":"https:\/\/www.seaflowerstore.com\/nl\/blue-filter-foam-medium-coarse\/"},"modified":"2024-03-20T16:47:28","modified_gmt":"2024-03-20T15:47:28","slug":"blue-filter-foam-medium-coarse","status":"publish","type":"product","link":"https:\/\/www.seaflowerstore.com\/de\/blue-filter-foam-medium-coarse\/","title":{"rendered":"Blue filter foam medium coarse"},"content":{"rendered":"<h2>Blue filter foam medium coarse which can be used as a pre-filter for removing litter from the water.<\/h2>\n<p>Der Filterschaum dient als hervorragender Vorfilter zur Entfernung von Schmutz aus dem Wasser. Er ist in drei verschiedenen K\u00f6rnungen erh\u00e4ltlich: fein, mittel und grob. Dar\u00fcber hinaus k\u00f6nnen Sie zwischen verschiedenen St\u00e4rken w\u00e4hlen, darunter 2 cm, 5 cm oder 10 cm.<\/p>\n<p>Dieser vielseitige Schaum kann auch f\u00fcr verschiedene andere Zwecke verwendet werden, wie zum Beispiel:<\/p>\n<ul>\n<li>D\u00e4mpfung des Schalls von kaskadierendem Wasser<\/li>\n<li>Wirkt als Blasenfalle<\/li>\n<li>Unterst\u00fctzung einer Vibrationspumpe<\/li>\n<\/ul>\n<p>Au\u00dferdem eignen sich Filterschaummatten perfekt f\u00fcr Teichfilter. Sie werden feststellen, dass sich der Schaum mit einer Schere ganz einfach in die gew\u00fcnschte Form bringen l\u00e4sst.<\/p>\n","protected":false},"excerpt":{"rendered":"<p>Blue filter foam medium coarse can also be used to, for example, dampen noise from falling water, as a bubble trap or a vibrating pump. Filter foam mats are also suitable for pond filters.<\/p>\n","protected":false},"featured_media":80310,"template":"","meta":[],"pwb-brand":[2133],"product_cat":[1403,1488],"product_tag":[],"class_list":{"0":"post-87003","1":"product","2":"type-product","3":"status-publish","4":"has-post-thumbnail","6":"pwb-brand-divers","7":"product_cat-beutel-filterung","8":"product_cat-pflege","9":"pa_gafzak-50x50x10cm-de","10":"pa_gafzak-50x50x2cm-de","11":"pa_gafzak-50x50x5cm-de","12":"pa_show-myparcel-options-male-de","14":"first","15":"outofstock","16":"taxable","17":"shipping-taxable","18":"purchasable","19":"product-type-variable"},"acf":[],"brands":[{"id":2133,"name":"divers","slug":"divers"}],"_links":{"self":[{"href":"https:\/\/www.seaflowerstore.com\/de\/wp-json\/wp\/v2\/product\/87003","targetHints":{"allow":["GET"]}}],"collection":[{"href":"https:\/\/www.seaflowerstore.com\/de\/wp-json\/wp\/v2\/product"}],"about":[{"href":"https:\/\/www.seaflowerstore.com\/de\/wp-json\/wp\/v2\/types\/product"}],"wp:featuredmedia":[{"embeddable":true,"href":"https:\/\/www.seaflowerstore.com\/de\/wp-json\/wp\/v2\/media\/80310"}],"wp:attachment":[{"href":"https:\/\/www.seaflowerstore.com\/de\/wp-json\/wp\/v2\/media?parent=87003"}],"wp:term":[{"taxonomy":"pwb-brand","embeddable":true,"href":"https:\/\/www.seaflowerstore.com\/de\/wp-json\/wp\/v2\/pwb-brand?post=87003"},{"taxonomy":"product_cat","embeddable":true,"href":"https:\/\/www.seaflowerstore.com\/de\/wp-json\/wp\/v2\/product_cat?post=87003"},{"taxonomy":"product_tag","embeddable":true,"href":"https:\/\/www.seaflowerstore.com\/de\/wp-json\/wp\/v2\/product_tag?post=87003"}],"curies":[{"name":"wp","href":"https:\/\/api.w.org\/{rel}","templated":true}]}}