{"id":87007,"date":"2018-04-15T09:35:46","date_gmt":"2018-04-15T07:35:46","guid":{"rendered":"https:\/\/www.seaflowerstore.com\/nl\/blue-filter-foam-fine\/"},"modified":"2024-03-20T16:47:26","modified_gmt":"2024-03-20T15:47:26","slug":"blue-filter-foam-fine","status":"publish","type":"product","link":"https:\/\/www.seaflowerstore.com\/de\/blue-filter-foam-fine\/","title":{"rendered":"Blue filter foam fine"},"content":{"rendered":"<h2>Blue filter foam fine which can be used as a pre-filter for removing litter from the water<\/h2>\n<p>Der blaue Filterschaum dient als hervorragender Vorfilter zur Entfernung von Schmutz aus dem Wasser. Er ist in den Varianten fein, mittel und grob erh\u00e4ltlich, mit Dickenoptionen von 2 cm, 5 cm oder 10 cm.<\/p>\n<p>Dieser vielseitige Schaum kann auch f\u00fcr verschiedene Zwecke verwendet werden, wie zum Beispiel:<\/p>\n<ul>\n<li>D\u00e4mpfung von Ger\u00e4uschen von flie\u00dfendem Wasser<\/li>\n<li>Wirkt als Blasenfalle<\/li>\n<li>Bietet Unterst\u00fctzung f\u00fcr vibrierende Pumpen<\/li>\n<\/ul>\n<p>Dar\u00fcber hinaus eignen sich Filterschaummatten f\u00fcr Teichfilter und k\u00f6nnen mit einer Schere leicht in Ihr bevorzugtes Design gebracht werden.<\/p>\n","protected":false},"excerpt":{"rendered":"<p>Foam can also be used to, for example, dampen noise from falling water, as a bubble trap or a vibrating pump. Filter foam mats are also suitable for pond filters.<\/p>\n","protected":false},"featured_media":80305,"template":"","meta":[],"pwb-brand":[2133],"product_cat":[1403,1488],"product_tag":[],"class_list":{"0":"post-87007","1":"product","2":"type-product","3":"status-publish","4":"has-post-thumbnail","6":"pwb-brand-divers","7":"product_cat-beutel-filterung","8":"product_cat-pflege","9":"pa_gafzak-50x50x10cm-de","10":"pa_gafzak-50x50x2cm-de","11":"pa_gafzak-50x50x5cm-de","12":"pa_show-myparcel-options-male-de","14":"first","15":"outofstock","16":"taxable","17":"shipping-taxable","18":"purchasable","19":"product-type-variable"},"acf":[],"brands":[{"id":2133,"name":"divers","slug":"divers"}],"_links":{"self":[{"href":"https:\/\/www.seaflowerstore.com\/de\/wp-json\/wp\/v2\/product\/87007","targetHints":{"allow":["GET"]}}],"collection":[{"href":"https:\/\/www.seaflowerstore.com\/de\/wp-json\/wp\/v2\/product"}],"about":[{"href":"https:\/\/www.seaflowerstore.com\/de\/wp-json\/wp\/v2\/types\/product"}],"wp:featuredmedia":[{"embeddable":true,"href":"https:\/\/www.seaflowerstore.com\/de\/wp-json\/wp\/v2\/media\/80305"}],"wp:attachment":[{"href":"https:\/\/www.seaflowerstore.com\/de\/wp-json\/wp\/v2\/media?parent=87007"}],"wp:term":[{"taxonomy":"pwb-brand","embeddable":true,"href":"https:\/\/www.seaflowerstore.com\/de\/wp-json\/wp\/v2\/pwb-brand?post=87007"},{"taxonomy":"product_cat","embeddable":true,"href":"https:\/\/www.seaflowerstore.com\/de\/wp-json\/wp\/v2\/product_cat?post=87007"},{"taxonomy":"product_tag","embeddable":true,"href":"https:\/\/www.seaflowerstore.com\/de\/wp-json\/wp\/v2\/product_tag?post=87007"}],"curies":[{"name":"wp","href":"https:\/\/api.w.org\/{rel}","templated":true}]}}