{"id":87024,"date":"2018-04-13T19:39:36","date_gmt":"2018-04-13T17:39:36","guid":{"rendered":"https:\/\/www.seaflowerstore.com\/nl\/deltec-skimmer-1500i\/"},"modified":"2024-03-20T16:47:20","modified_gmt":"2024-03-20T15:47:20","slug":"deltec-skimmer-1500i","status":"publish","type":"product","link":"https:\/\/www.seaflowerstore.com\/de\/deltec-skimmer-1500i\/","title":{"rendered":"Deltec Skimmer 1500i"},"content":{"rendered":"<h2> Deltec 1500i protein skimmer is suitable for a 1000 to 1500 liter aquarium <\/h2>\n<p> Der Deltec Skimmer 1500i verf\u00fcgt \u00fcber ein neu entwickeltes Not\u00fcberlaufsystem. Dieses innovative Design verhindert ein \u201e\u00dcberkochen\u201c des Skimmers bei pl\u00f6tzlich steigendem Wasserstand im Inneren, was passieren kann, wenn die F\u00f6rderpumpe stoppt und der Wasserstand im Filterbecken ansteigt. <\/p>\n<p> <strong>Not\u00fcberlaufrohr und Reglerrohr:<\/strong> Der Wasserstand im Deltec Skimmer 1500i l\u00e4sst sich bequem \u00fcber den Not\u00fcberlauf \u00fcberwachen. Die Minimal- und Maximalanzeigen am Skimmer erm\u00f6glichen eine einfache Optimierung des Wasserstands. Dar\u00fcber hinaus k\u00f6nnen Benutzer den Not\u00fcberlauf mit dem Reglerrohr austauschen, was ihnen Flexibilit\u00e4t bei der Anordnung der Rohre gibt. <\/p>\n<h3> Pumpe <\/h3>\n<p> Der Deltec Skimmer 1500i wird von der Deltec-Pumpe DCC3 angetrieben. Diese 24-V-Gleichstrompumpe kann \u00fcber einen Regler mit 8 Positionen eingestellt werden, was eine optimale Anpassung an Wasserstand und Belastung erm\u00f6glicht. Bei der idealen Stufe 6, die f\u00fcr die meisten Aquarien geeignet ist, verbraucht die Pumpe nur 22 Watt und saugt dabei etwa 1000 Liter Luft an. <\/p>\n<h3> Die ergonomische Zylinderform <\/h3>\n<p> Dank seines ergonomischen zylindrischen Designs bietet der Deltec Skimmer 1500i eine hervorragende Absch\u00e4umleistung. Die Form l\u00e4sst kleine Luftbl\u00e4schen frei aufsteigen, wodurch sichergestellt wird, dass sie vollst\u00e4ndig ges\u00e4ttigt sind und erst im Steigrohr des Absch\u00e4umerbechers platzen. Dieses Design erm\u00f6glicht es, den Absch\u00e4umerabfall \u00fcber einen Schlauch abzulassen, ohne dass die Schaumschale abgesenkt werden muss. <\/p>\n<h3> Hohlkammerboden <\/h3>\n<p> Ein weiteres spannendes Merkmal des Deltec Skimmer 1500i ist sein Hohlkammerboden, der die Ger\u00e4uschentwicklung deutlich reduziert und diesen ohnehin leisen Absch\u00e4umer fl\u00fcsterleise macht. Dar\u00fcber hinaus flie\u00dft das Wasser durch diesen Hohlkammerboden zur\u00fcck in das Aquarium, was die Gesamteffizienz verbessert. <\/p>\n<h3> Demontage, Abmessungen und Konstruktion <\/h3>\n<p> Dank der Schnelldemontagefunktion des Skimmers ist die Reinigung der Pumpe ein Kinderspiel. Der Deltec Skimmer 1500i kann ohne Werkzeug auseinandergenommen und wieder zusammengebaut werden. Tests haben gezeigt, dass die Pumpe in weniger als 20 Sekunden vom Skimmer entfernt werden kann. Die Abmessungen des Deltec Skimmer 1500i sind f\u00fcr eine einfache Platzierung in einem Sumpf ausgelegt, und sein gro\u00dfes zylindrisches Volumen erfordert nur eine kleine Grundfl\u00e4che. <\/p>\n<h3> Technische Details <\/h3>\n<ul>\n<li> Geeignet f\u00fcr Aquarien mit einem Fassungsverm\u00f6gen von 700 bis 1500 Litern <\/li>\n<li> Leistungsaufnahme: 22 Watt bei einer Luftleistung von 1000 Litern pro Stunde <\/li>\n<li> Ma\u00dfe (L x B x H): 27,5 x 18,5 x 58 cm <\/li>\n<li> Pumpe: Deltec DCC3 <\/li>\n<li> Regler zur Anpassung an Wasserstand\/Beladung mit acht Stufen <\/li>\n<li> Empfohlener Wasserstand im Filterbereich: 15 bis 25 cm <\/li>\n<\/ul>\n<h3> Features des Deltec Skimmer 1500i <\/h3>\n<ul>\n<li> Sehr effiziente Zylinderform <\/li>\n<li> Sicherer Betrieb durch neu entwickelten Not\u00fcberlauf mit Wasserstandsanzeige <\/li>\n<li> Fl\u00fcsterleise dank innovativer Hohlkammer Bodendesign <\/li>\n<li> Extrem niedriger Stromverbrauch <\/li>\n<li> Schnelle und einfache Pumpenentnahme f\u00fcr bequeme Wartung <\/li>\n<li> Variabel einstellbare Pumpe f\u00fcr ma\u00dfgeschneiderte Leistung <\/li>\n<\/ul>\n","protected":false},"excerpt":{"rendered":"<p>Deltec 1500i protein skimmer is suitable for aquariums with a capacity of 1000 to 1,500 liters<\/p>\n","protected":false},"featured_media":80287,"template":"","meta":[],"pwb-brand":[2127],"product_cat":[1494],"product_tag":[],"class_list":{"0":"post-87024","1":"product","2":"type-product","3":"status-publish","4":"has-post-thumbnail","6":"pwb-brand-deltec","7":"product_cat-eiwitafschuerzen","8":"pa_show-myparcel-options-male-de","10":"first","11":"instock","12":"taxable","13":"shipping-taxable","14":"purchasable","15":"product-type-simple"},"acf":[],"brands":[{"id":2127,"name":"Deltec","slug":"deltec"}],"_links":{"self":[{"href":"https:\/\/www.seaflowerstore.com\/de\/wp-json\/wp\/v2\/product\/87024","targetHints":{"allow":["GET"]}}],"collection":[{"href":"https:\/\/www.seaflowerstore.com\/de\/wp-json\/wp\/v2\/product"}],"about":[{"href":"https:\/\/www.seaflowerstore.com\/de\/wp-json\/wp\/v2\/types\/product"}],"wp:featuredmedia":[{"embeddable":true,"href":"https:\/\/www.seaflowerstore.com\/de\/wp-json\/wp\/v2\/media\/80287"}],"wp:attachment":[{"href":"https:\/\/www.seaflowerstore.com\/de\/wp-json\/wp\/v2\/media?parent=87024"}],"wp:term":[{"taxonomy":"pwb-brand","embeddable":true,"href":"https:\/\/www.seaflowerstore.com\/de\/wp-json\/wp\/v2\/pwb-brand?post=87024"},{"taxonomy":"product_cat","embeddable":true,"href":"https:\/\/www.seaflowerstore.com\/de\/wp-json\/wp\/v2\/product_cat?post=87024"},{"taxonomy":"product_tag","embeddable":true,"href":"https:\/\/www.seaflowerstore.com\/de\/wp-json\/wp\/v2\/product_tag?post=87024"}],"curies":[{"name":"wp","href":"https:\/\/api.w.org\/{rel}","templated":true}]}}