{"id":87025,"date":"2018-04-13T19:30:55","date_gmt":"2018-04-13T17:30:55","guid":{"rendered":"https:\/\/www.seaflowerstore.com\/nl\/deltec-skimmer-1000i\/"},"modified":"2024-03-20T16:47:19","modified_gmt":"2024-03-20T15:47:19","slug":"deltec-skimmer-1000i","status":"publish","type":"product","link":"https:\/\/www.seaflowerstore.com\/de\/deltec-skimmer-1000i\/","title":{"rendered":"Deltec Skimmer 1000i"},"content":{"rendered":"<h2>Deltec skimmer 1000i suitable for a 500 to 1,000 liter aquarium<\/h2>\n<p>Der Deltec Skimmer 1000i verf\u00fcgt \u00fcber eine neu entwickelte Not\u00fcberlauffunktion. Dieses innovative Design verhindert, dass der Skimmer \u201e\u00fcberkocht\u201c, wenn der Wasserstand unerwartet ansteigt. Diese Situation kann beispielsweise eintreten, wenn die F\u00f6rderpumpe stoppt und der Wasserstand im Sumpf steigt.<\/p>\n<p><strong>Not\u00fcberlaufrohr und Reglerrohr<\/strong><\/p>\n<p>Der Wasserstand im Deltec Skimmer 1000i kann mithilfe des Not\u00fcberlaufs \u00fcberwacht werden. Die Minimal- und Maximalanzeigen am Sch\u00e4umer machen es einfach, den Wasserstand zu optimieren. Dar\u00fcber hinaus haben Benutzer die Flexibilit\u00e4t, den Not\u00fcberlauf mit dem Reglerrohr zu vertauschen, was eine individuelle Rohranordnung erm\u00f6glicht.<\/p>\n<h3>Pumpe<\/h3>\n<p>Der Deltec Skimmer 1000i wird von der Deltec-Pumpe DCC2 angetrieben. Diese 24-V-Gleichstrompumpe kann \u00fcber einen 8-Positionen-Regler gesteuert werden, was optimale Anpassungen basierend auf Wasserstand und Belastung erm\u00f6glicht. Bei der idealen Einstellung von Stufe 5 (die f\u00fcr die meisten Aquarien geeignet ist) verbraucht er nur 13 Watt und saugt dabei etwa 650 Liter Luft an.<\/p>\n<h3>Die ergonomische Zylinderform<\/h3>\n<p>Mit seiner ergonomischen Zylinderform liefert der Deltec Skimmer 1000i hervorragende Absch\u00e4umergebnisse. Das Design des Absch\u00e4umers erm\u00f6glicht es kleinen Luftbl\u00e4schen, frei aufzusteigen, und stellt sicher, dass sie vollst\u00e4ndig ges\u00e4ttigt sind, bevor sie im Steigrohr des Absch\u00e4umerbechers platzen. Somit k\u00f6nnen Absch\u00e4umr\u00fcckst\u00e4nde einfach \u00fcber einen Ablaufschlauch abgelassen werden, ohne dass die Schaumschale abgesenkt werden muss.<\/p>\n<h3>Hohlkammerboden<\/h3>\n<p>Ein weiterer innovativer Aspekt des Deltec Skimmer 1000i ist sein Hohlkammerboden. Diese Funktion tr\u00e4gt dazu bei, die Ger\u00e4uschentwicklung weiter zu reduzieren und den ohnehin leisen Absch\u00e4umer noch diskreter zu machen. Au\u00dferdem flie\u00dft das Wasser durch den Hohlkammerboden zur\u00fcck ins Aquarium.<\/p>\n<h3>Demontage, Abmessungen und Konstruktion<\/h3>\n<p>Der Deltec Skimmer 1000i ist f\u00fcr eine problemlose Wartung konzipiert, da die Schnelldemontagefunktion die Reinigung der Pumpe unkompliziert macht. Benutzer k\u00f6nnen den Skimmer ohne Werkzeug leicht auseinandernehmen und wieder zusammenbauen. Tests haben gezeigt, dass die Pumpe in weniger als 20 Sekunden vom Skimmer entfernt werden kann. Die Abmessungen des Deltec Skimmer 1000i sind so konzipiert, dass er nahtlos in ein Filterbecken passt. Seine ger\u00e4umige zylindrische Form ben\u00f6tigt nur wenig Stellfl\u00e4che.<\/p>\n<h3>Technische Details<\/h3>\n<ul>\n<li>Geeignet f\u00fcr Aquarien mit einem Fassungsverm\u00f6gen von 500 bis 1000 Litern<\/li>\n<li>Stromverbrauch: 13 Watt bei einer Luftleistung von 650 Litern pro Stunde<\/li>\n<li>Ma\u00dfe (L x B x H): 24 x 15,5 x 52 cm<\/li>\n<li>Pumpe: Deltec DCC2<\/li>\n<li>Regler zur Anpassung an Wasserstand\/Last mit acht Positionen<\/li>\n<li>Empfohlener Wasserstand im Filterbecken: 15 bis 25 cm<\/li>\n<\/ul>\n<h3>Merkmale des Deltec Skimmer 1000i<\/h3>\n<ul>\n<li>Sehr effizienter Zylinder Form<\/li>\n<li>Sicherer Betrieb durch neu entwickelten Not\u00fcberlauf mit Wasserstandsanzeige<\/li>\n<li>Fl\u00fcsterleiser Betrieb dank neuem Hohlboden<\/li>\n<li>Extrem geringer Stromverbrauch<\/li>\n<li>Schnelle und einfache Pumpenentnahme<\/li>\n<li>Stufenlos regelbare Pumpe<\/li>\n<\/ul>\n","protected":false},"excerpt":{"rendered":"<p>Deltec 1000i <span style=\"font-size: 14.4px\">skimmer<\/span><span style=\"font-size: 14.4px\"> is suitable for aquariums with a capacity of 500 to 1000 liters<\/span><\/p>\n","protected":false},"featured_media":80285,"template":"","meta":[],"pwb-brand":[2127],"product_cat":[1494],"product_tag":[],"class_list":{"0":"post-87025","1":"product","2":"type-product","3":"status-publish","4":"has-post-thumbnail","6":"pwb-brand-deltec","7":"product_cat-eiwitafschuerzen","8":"pa_show-myparcel-options-male-de","10":"first","11":"instock","12":"taxable","13":"shipping-taxable","14":"purchasable","15":"product-type-simple"},"acf":[],"brands":[{"id":2127,"name":"Deltec","slug":"deltec"}],"_links":{"self":[{"href":"https:\/\/www.seaflowerstore.com\/de\/wp-json\/wp\/v2\/product\/87025","targetHints":{"allow":["GET"]}}],"collection":[{"href":"https:\/\/www.seaflowerstore.com\/de\/wp-json\/wp\/v2\/product"}],"about":[{"href":"https:\/\/www.seaflowerstore.com\/de\/wp-json\/wp\/v2\/types\/product"}],"wp:featuredmedia":[{"embeddable":true,"href":"https:\/\/www.seaflowerstore.com\/de\/wp-json\/wp\/v2\/media\/80285"}],"wp:attachment":[{"href":"https:\/\/www.seaflowerstore.com\/de\/wp-json\/wp\/v2\/media?parent=87025"}],"wp:term":[{"taxonomy":"pwb-brand","embeddable":true,"href":"https:\/\/www.seaflowerstore.com\/de\/wp-json\/wp\/v2\/pwb-brand?post=87025"},{"taxonomy":"product_cat","embeddable":true,"href":"https:\/\/www.seaflowerstore.com\/de\/wp-json\/wp\/v2\/product_cat?post=87025"},{"taxonomy":"product_tag","embeddable":true,"href":"https:\/\/www.seaflowerstore.com\/de\/wp-json\/wp\/v2\/product_tag?post=87025"}],"curies":[{"name":"wp","href":"https:\/\/api.w.org\/{rel}","templated":true}]}}