{"id":87026,"date":"2018-04-13T19:25:17","date_gmt":"2018-04-13T17:25:17","guid":{"rendered":"https:\/\/www.seaflowerstore.com\/nl\/deltec-skimmer-600i\/"},"modified":"2024-03-20T16:47:18","modified_gmt":"2024-03-20T15:47:18","slug":"deltec-skimmer-600i","status":"publish","type":"product","link":"https:\/\/www.seaflowerstore.com\/de\/deltec-skimmer-600i\/","title":{"rendered":"Deltec Skimmer 600i"},"content":{"rendered":"<h2>Deltec Skimmer 600i protein skimmer is suitable for a 200 to 600 liter aquarium<\/h2>\n<p>Der Deltec Eiwei\u00dfabsch\u00e4umer 600i ist die neueste Weiterentwicklung des \u00e4lteren Modells SC 1351. Eines seiner herausragenden Merkmale ist der neu entwickelte Not\u00fcberlauf, der daf\u00fcr sorgt, dass der Absch\u00e4umer bei einem pl\u00f6tzlichen Anstieg des Wasserspiegels nicht \u201e\u00fcberkocht\u201c. Diese Situation kann eintreten, wenn die F\u00f6rderpumpe stoppt und der Wasserstand im Filterbecken steigt.<\/p>\n<h3>Not\u00fcberlaufrohr und Reglerrohr<\/h3>\n<p>Mit dem Not\u00fcberlauf k\u00f6nnen Benutzer den Wasserstand im Deltec Skimmer 600i problemlos \u00fcberwachen. Die Minimal- und Maximalanzeigen am Sch\u00e4umer machen es einfach, den Wasserstand optimal einzustellen. Dar\u00fcber hinaus erm\u00f6glicht das Design den Austausch des Not\u00fcberlaufs mit dem Reglerrohr, was Benutzern Flexibilit\u00e4t bei der Anordnung der Rohre bietet.<\/p>\n<h3>Pumpe<\/h3>\n<p>Der Deltec Skimmer 600i wird mit der Deltec-Pumpe DCC2 geliefert. Diese 24-V-Gleichstrompumpe wird \u00fcber einen Controller mit acht einstellbaren Positionen betrieben, sodass der Benutzer sie perfekt an den Wasserstand und die Belastung anpassen kann. Bei der optimalen Einstellung von Stufe 3, die f\u00fcr die meisten Aquarien geeignet ist, verbraucht sie nur 11 Watt und saugt dabei etwa 500 Liter Luft an.<\/p>\n<h3>Die ergonomische Zylinderform<\/h3>\n<p>Dank seines ergonomischen zylindrischen Designs liefert der Deltec Skimmer 600i hervorragende Absch\u00e4umergebnisse. Die Form des Absch\u00e4umers erm\u00f6glicht es kleinen Luftbl\u00e4schen, frei aufzusteigen, und stellt sicher, dass sie vollst\u00e4ndig ges\u00e4ttigt sind, bevor sie im Absch\u00e4umerbecher platzen. Absch\u00e4umabfall kann dann einfach \u00fcber einen Ablaufschlauch abgelassen werden, ohne dass die Schaumschale abgesenkt werden muss.<\/p>\n<h3>Hohlraumboden<\/h3>\n<p>Ein innovatives Merkmal des Deltec Skimmer 600i ist der Hohlraumboden, der den L\u00e4rm weiter reduziert und ihn \u201efl\u00fcsterleise\u201c macht. Au\u00dferdem flie\u00dft das Wasser durch diesen Hohlkammerboden zur\u00fcck in das Aquarium.<\/p>\n<h3>Demontage, Abmessungen und Konstruktion<\/h3>\n<p>Dank der Schnelldemontage des Absch\u00e4umers ist die Reinigung der Pumpe ein Kinderspiel. Der Deltec Skimmer 600i kann ohne Werkzeug auseinandergenommen und wieder zusammengebaut werden. Tests zeigen, dass die Pumpe in weniger als 20 Sekunden vom Absch\u00e4umer entfernt werden kann. Seine Abmessungen sind so ausgelegt, dass er bequem in einen Filterfilter passt und durch das gro\u00dfe Volumen der zylindrischen Form nur eine geringe Grundfl\u00e4che ben\u00f6tigt.<\/p>\n<h3>Technische Details<\/h3>\n<ul>\n<li>Geeignet f\u00fcr Aquarien mit einem Fassungsverm\u00f6gen von 200 bis 600 Litern<\/li>\n<li>Leistungsaufnahme: 11 Watt bei einer Luftleistung von 500 Litern pro Stunde<\/li>\n<li>Ma\u00dfe (L x B x H): 22 x 14 x 51 cm<\/li>\n<li>Pumpe: Deltec DCC2 (regelbare Pumpe)<\/li>\n<li>Regler zur Anpassung an Wasserstand\/Beladung mit acht Positionen<\/li>\n<li>Empfohlener Wasserstand im Filterfilter: 15 bis 25 cm<\/li>\n<\/ul>\n<h3>Merkmale des Deltec Skimmer 600i<\/h3>\n<ul>\n<li>Hocheffiziente Zylinderform<\/li>\n<li>Sicher Betrieb mit neu entwickeltem Not\u00fcberlauf und Wasserstandsanzeige<\/li>\n<li>Fl\u00fcsterleiser Betrieb durch neuen Hohlboden<\/li>\n<li>Extrem geringer Stromverbrauch<\/li>\n<li>Schnelle und einfache Pumpenentnahme<\/li>\n<li>Variabel regelbare Pumpe<\/li>\n<\/ul>\n","protected":false},"excerpt":{"rendered":"<p>The Deltec protein skimmer 600i replaces the old SC 1351 model.<\/p>\n","protected":false},"featured_media":80283,"template":"","meta":[],"pwb-brand":[2127],"product_cat":[1494],"product_tag":[],"class_list":{"0":"post-87026","1":"product","2":"type-product","3":"status-publish","4":"has-post-thumbnail","6":"pwb-brand-deltec","7":"product_cat-eiwitafschuerzen","8":"pa_show-myparcel-options-male-de","10":"first","11":"instock","12":"taxable","13":"shipping-taxable","14":"purchasable","15":"product-type-simple"},"acf":[],"brands":[{"id":2127,"name":"Deltec","slug":"deltec"}],"_links":{"self":[{"href":"https:\/\/www.seaflowerstore.com\/de\/wp-json\/wp\/v2\/product\/87026","targetHints":{"allow":["GET"]}}],"collection":[{"href":"https:\/\/www.seaflowerstore.com\/de\/wp-json\/wp\/v2\/product"}],"about":[{"href":"https:\/\/www.seaflowerstore.com\/de\/wp-json\/wp\/v2\/types\/product"}],"wp:featuredmedia":[{"embeddable":true,"href":"https:\/\/www.seaflowerstore.com\/de\/wp-json\/wp\/v2\/media\/80283"}],"wp:attachment":[{"href":"https:\/\/www.seaflowerstore.com\/de\/wp-json\/wp\/v2\/media?parent=87026"}],"wp:term":[{"taxonomy":"pwb-brand","embeddable":true,"href":"https:\/\/www.seaflowerstore.com\/de\/wp-json\/wp\/v2\/pwb-brand?post=87026"},{"taxonomy":"product_cat","embeddable":true,"href":"https:\/\/www.seaflowerstore.com\/de\/wp-json\/wp\/v2\/product_cat?post=87026"},{"taxonomy":"product_tag","embeddable":true,"href":"https:\/\/www.seaflowerstore.com\/de\/wp-json\/wp\/v2\/product_tag?post=87026"}],"curies":[{"name":"wp","href":"https:\/\/api.w.org\/{rel}","templated":true}]}}