{"id":87044,"date":"2018-04-08T08:49:02","date_gmt":"2018-04-08T06:49:02","guid":{"rendered":"https:\/\/www.seaflowerstore.com\/nl\/filter-bag-3-22-x-45-cm\/"},"modified":"2024-03-20T16:47:09","modified_gmt":"2024-03-20T15:47:09","slug":"filter-bag-3-22-x-45-cm","status":"publish","type":"product","link":"https:\/\/www.seaflowerstore.com\/de\/filter-bag-3-22-x-45-cm\/","title":{"rendered":"Filter bag 3 &#8211; 22 x 45 cm"},"content":{"rendered":"<h2>Aqua Medic Filter Bag 3 &#8211; 22 x 45 cm with plastic zipper<\/h2>\n<p>Der Aqua Medic Filterbeutel 3 ist ein praktischer Filterbeutel mit einem langlebigen Kunststoffrei\u00dfverschluss. Dieser Filterbeutel eignet sich perfekt f\u00fcr feinere Filtermaterialien wie Aktivkohle, Antiphos Fe oder andere Granulate.<\/p>\n<p>Diese Beutel sind mit Kunststoffrei\u00dfverschl\u00fcssen ausgestattet und eignen sich daher sowohl f\u00fcr S\u00fc\u00df- als auch f\u00fcr Salzwasser. Sie werden in Zweiersets geliefert, sodass Sie genug f\u00fcr Ihre Filteranforderungen haben.<\/p>\n","protected":false},"excerpt":{"rendered":"<p>Aqua Medic Filter Bag 3 &#8211; 22 x 45 cm with plastic zipper<\/p>\n","protected":false},"featured_media":80255,"template":"","meta":[],"pwb-brand":[2149],"product_cat":[1421,1488,741],"product_tag":[],"class_list":{"0":"post-87044","1":"product","2":"type-product","3":"status-publish","4":"has-post-thumbnail","6":"pwb-brand-aqua-medic","7":"product_cat-aqua-medic-de","8":"product_cat-pflege","9":"product_cat-brands","10":"pa_show-myparcel-options-male-de","12":"first","13":"instock","14":"taxable","15":"shipping-taxable","16":"purchasable","17":"product-type-simple"},"acf":[],"brands":[{"id":2149,"name":"Aqua Medic","slug":"aqua-medic"}],"_links":{"self":[{"href":"https:\/\/www.seaflowerstore.com\/de\/wp-json\/wp\/v2\/product\/87044","targetHints":{"allow":["GET"]}}],"collection":[{"href":"https:\/\/www.seaflowerstore.com\/de\/wp-json\/wp\/v2\/product"}],"about":[{"href":"https:\/\/www.seaflowerstore.com\/de\/wp-json\/wp\/v2\/types\/product"}],"wp:featuredmedia":[{"embeddable":true,"href":"https:\/\/www.seaflowerstore.com\/de\/wp-json\/wp\/v2\/media\/80255"}],"wp:attachment":[{"href":"https:\/\/www.seaflowerstore.com\/de\/wp-json\/wp\/v2\/media?parent=87044"}],"wp:term":[{"taxonomy":"pwb-brand","embeddable":true,"href":"https:\/\/www.seaflowerstore.com\/de\/wp-json\/wp\/v2\/pwb-brand?post=87044"},{"taxonomy":"product_cat","embeddable":true,"href":"https:\/\/www.seaflowerstore.com\/de\/wp-json\/wp\/v2\/product_cat?post=87044"},{"taxonomy":"product_tag","embeddable":true,"href":"https:\/\/www.seaflowerstore.com\/de\/wp-json\/wp\/v2\/product_tag?post=87044"}],"curies":[{"name":"wp","href":"https:\/\/api.w.org\/{rel}","templated":true}]}}