{"id":87045,"date":"2018-04-08T08:47:18","date_gmt":"2018-04-08T06:47:18","guid":{"rendered":"https:\/\/www.seaflowerstore.com\/nl\/filter-bag-2-22-x-30-cm\/"},"modified":"2024-03-20T16:47:03","modified_gmt":"2024-03-20T15:47:03","slug":"filter-bag-2-22-x-30-cm","status":"publish","type":"product","link":"https:\/\/www.seaflowerstore.com\/de\/filter-bag-2-22-x-30-cm\/","title":{"rendered":"Filter bag 2 &#8211; 22 x 30 cm"},"content":{"rendered":"<h2>Aqua Medic Filter Bag 2 &#8211; 22 x 30 cm with plastic zipper<\/h2>\n<p>Der Aqua Medic Filterbeutel ist mit einem praktischen Kunststoffrei\u00dfverschluss ausgestattet, der die Handhabung erleichtert. Dieser Filterbeutel eignet sich perfekt f\u00fcr feinere Filtermaterialien wie Aktivkohle, Antiphos Fe oder andere Granulate.<\/p>\n<p>Jeder Beutel ist mit einem robusten Kunststoffrei\u00dfverschluss ausgestattet, sodass er sowohl in S\u00fc\u00df- als auch in Salzwasser verwendet werden kann. Sie sind in Zweiersets verpackt und bieten Ihnen ein hervorragendes Preis-Leistungs-Verh\u00e4ltnis.<\/p>\n","protected":false},"excerpt":{"rendered":"<p>Aqua Medic Filter Bag 2 &#8211; 22 x 30 cm with plastic zipper<\/p>\n","protected":false},"featured_media":80253,"template":"","meta":[],"pwb-brand":[2149],"product_cat":[1421,1488,741],"product_tag":[],"class_list":{"0":"post-87045","1":"product","2":"type-product","3":"status-publish","4":"has-post-thumbnail","6":"pwb-brand-aqua-medic","7":"product_cat-aqua-medic-de","8":"product_cat-pflege","9":"product_cat-brands","10":"pa_show-myparcel-options-male-de","12":"first","13":"instock","14":"taxable","15":"shipping-taxable","16":"purchasable","17":"product-type-simple"},"acf":[],"brands":[{"id":2149,"name":"Aqua Medic","slug":"aqua-medic"}],"_links":{"self":[{"href":"https:\/\/www.seaflowerstore.com\/de\/wp-json\/wp\/v2\/product\/87045","targetHints":{"allow":["GET"]}}],"collection":[{"href":"https:\/\/www.seaflowerstore.com\/de\/wp-json\/wp\/v2\/product"}],"about":[{"href":"https:\/\/www.seaflowerstore.com\/de\/wp-json\/wp\/v2\/types\/product"}],"wp:featuredmedia":[{"embeddable":true,"href":"https:\/\/www.seaflowerstore.com\/de\/wp-json\/wp\/v2\/media\/80253"}],"wp:attachment":[{"href":"https:\/\/www.seaflowerstore.com\/de\/wp-json\/wp\/v2\/media?parent=87045"}],"wp:term":[{"taxonomy":"pwb-brand","embeddable":true,"href":"https:\/\/www.seaflowerstore.com\/de\/wp-json\/wp\/v2\/pwb-brand?post=87045"},{"taxonomy":"product_cat","embeddable":true,"href":"https:\/\/www.seaflowerstore.com\/de\/wp-json\/wp\/v2\/product_cat?post=87045"},{"taxonomy":"product_tag","embeddable":true,"href":"https:\/\/www.seaflowerstore.com\/de\/wp-json\/wp\/v2\/product_tag?post=87045"}],"curies":[{"name":"wp","href":"https:\/\/api.w.org\/{rel}","templated":true}]}}