{"id":87046,"date":"2018-04-08T08:43:57","date_gmt":"2018-04-08T06:43:57","guid":{"rendered":"https:\/\/www.seaflowerstore.com\/nl\/filter-bag-1-22-x-15-cm\/"},"modified":"2024-03-20T16:47:00","modified_gmt":"2024-03-20T15:47:00","slug":"filter-bag-1-22-x-15-cm","status":"publish","type":"product","link":"https:\/\/www.seaflowerstore.com\/de\/filter-bag-1-22-x-15-cm\/","title":{"rendered":"Filter bag 1 &#8211; 22 x 15 cm"},"content":{"rendered":"<h2>Aqua Medic Filter Bag with plastic zipper<\/h2>\n<p>Der Aqua Medic Filterbeutel ist mit einem praktischen Kunststoffrei\u00dfverschluss ausgestattet und eignet sich daher hervorragend f\u00fcr die Aufbewahrung feinerer Filtermaterialien wie Aktivkohle, Antiphos Fe oder anderer Granulate. Dank ihrer robusten Konstruktion sind diese Beutel sowohl f\u00fcr S\u00fc\u00df- als auch f\u00fcr Salzwasser geeignet.<\/p>\n<p>Jede Packung enth\u00e4lt zwei Filterbeutel, die Ihnen alles bieten, was Sie f\u00fcr eine effektive Filterung ben\u00f6tigen.<\/p>\n","protected":false},"excerpt":{"rendered":"<p>Aqua Medic Filter Bag with plastic zipper<\/p>\n","protected":false},"featured_media":80251,"template":"","meta":[],"pwb-brand":[2149],"product_cat":[1394,1421,1488,741],"product_tag":[],"class_list":{"0":"post-87046","1":"product","2":"type-product","3":"status-publish","4":"has-post-thumbnail","6":"pwb-brand-aqua-medic","7":"product_cat-aktivkohle","8":"product_cat-aqua-medic-de","9":"product_cat-pflege","10":"product_cat-brands","11":"pa_show-myparcel-options-male-de","13":"first","14":"instock","15":"taxable","16":"shipping-taxable","17":"purchasable","18":"product-type-simple"},"acf":[],"brands":[{"id":2149,"name":"Aqua Medic","slug":"aqua-medic"}],"_links":{"self":[{"href":"https:\/\/www.seaflowerstore.com\/de\/wp-json\/wp\/v2\/product\/87046","targetHints":{"allow":["GET"]}}],"collection":[{"href":"https:\/\/www.seaflowerstore.com\/de\/wp-json\/wp\/v2\/product"}],"about":[{"href":"https:\/\/www.seaflowerstore.com\/de\/wp-json\/wp\/v2\/types\/product"}],"wp:featuredmedia":[{"embeddable":true,"href":"https:\/\/www.seaflowerstore.com\/de\/wp-json\/wp\/v2\/media\/80251"}],"wp:attachment":[{"href":"https:\/\/www.seaflowerstore.com\/de\/wp-json\/wp\/v2\/media?parent=87046"}],"wp:term":[{"taxonomy":"pwb-brand","embeddable":true,"href":"https:\/\/www.seaflowerstore.com\/de\/wp-json\/wp\/v2\/pwb-brand?post=87046"},{"taxonomy":"product_cat","embeddable":true,"href":"https:\/\/www.seaflowerstore.com\/de\/wp-json\/wp\/v2\/product_cat?post=87046"},{"taxonomy":"product_tag","embeddable":true,"href":"https:\/\/www.seaflowerstore.com\/de\/wp-json\/wp\/v2\/product_tag?post=87046"}],"curies":[{"name":"wp","href":"https:\/\/api.w.org\/{rel}","templated":true}]}}