{"id":87047,"date":"2018-04-07T14:56:07","date_gmt":"2018-04-07T12:56:07","guid":{"rendered":"https:\/\/www.seaflowerstore.com\/nl\/seaveggies-red-seaweed-30g\/"},"modified":"2024-03-20T16:46:59","modified_gmt":"2024-03-20T15:46:59","slug":"seaveggies-red-seaweed-30g","status":"publish","type":"product","link":"https:\/\/www.seaflowerstore.com\/de\/seaveggies-red-seaweed-30g\/","title":{"rendered":"Seaveggies red seaweed 30g"},"content":{"rendered":"<h2>Julian Sprungs SeaVeggies red seaweed 30g are Super nutritious Natural Red Seaweed sheets<\/h2>\n<p>Wir stellen unsere <strong>\u00e4u\u00dferst nahrhaften, nat\u00fcrlichen roten Algenbl\u00e4tter<\/strong> vor, die sich perfekt f\u00fcr eine Vielzahl mariner Pflanzenfresser eignen. Diese Bl\u00e4tter sind eine ausgezeichnete Wahl f\u00fcr:<\/p>\n<ul>\n<li>Doktorfische und Doktorfische<\/li>\n<li>Maurenfische<\/li>\n<li>Papageienfische<\/li>\n<li>Kaiserfische<\/li>\n<li>Gro\u00dfe Falterfische<\/li>\n<li>Pflanzenfressende S\u00fc\u00dfwasserfische wie Buntbarsche und Goldfische<\/li>\n<\/ul>\n<p>Unsere Rotalge, wissenschaftlich bekannt als <em>Palmaria palmata<\/em>, wird mit einer garantierten Analyse geliefert, die Folgendes umfasst:<\/p>\n<ul>\n<li><strong>Mindestprotein:<\/strong> 21,5 %<\/li>\n<li><strong>Mindestfett:<\/strong> 1,7 %<\/li>\n<li><strong>Maximal l\u00f6sliche Ballaststoffe:<\/strong> 16,4 %<\/li>\n<li><strong>Maximal unl\u00f6sliche Ballaststoffe:<\/strong> 16,9 %<\/li>\n<li><strong>Kohlenhydrate:<\/strong> 40 %<\/li>\n<li><strong>Feuchtigkeit:<\/strong> 10\u201315 %<\/li>\n<\/ul>\n<p>Dieses Produkt ist eine fantastische Erg\u00e4nzung Ihrer Wasserfischern\u00e4hrung und stellt sicher, dass Ihre Fische die lebenswichtigen N\u00e4hrstoffe erhalten, die sie zum Gedeihen ben\u00f6tigen.<\/p>\n","protected":false},"excerpt":{"rendered":"<p>Julian Sprung&#8217;s SeaVeggies red seaweed 30g are Super nutritious Natural Red Seaweed sheets<\/p>\n","protected":false},"featured_media":80249,"template":"","meta":[],"pwb-brand":[2231],"product_cat":[1438],"product_tag":[],"class_list":{"0":"post-87047","1":"product","2":"type-product","3":"status-publish","4":"has-post-thumbnail","6":"pwb-brand-two-little-fishies","7":"product_cat-fischfutter","8":"pa_show-myparcel-options-male-de","10":"first","11":"instock","12":"taxable","13":"shipping-taxable","14":"purchasable","15":"product-type-simple"},"acf":[],"brands":[{"id":2231,"name":"Two Little Fishies","slug":"two-little-fishies"}],"_links":{"self":[{"href":"https:\/\/www.seaflowerstore.com\/de\/wp-json\/wp\/v2\/product\/87047","targetHints":{"allow":["GET"]}}],"collection":[{"href":"https:\/\/www.seaflowerstore.com\/de\/wp-json\/wp\/v2\/product"}],"about":[{"href":"https:\/\/www.seaflowerstore.com\/de\/wp-json\/wp\/v2\/types\/product"}],"wp:featuredmedia":[{"embeddable":true,"href":"https:\/\/www.seaflowerstore.com\/de\/wp-json\/wp\/v2\/media\/80249"}],"wp:attachment":[{"href":"https:\/\/www.seaflowerstore.com\/de\/wp-json\/wp\/v2\/media?parent=87047"}],"wp:term":[{"taxonomy":"pwb-brand","embeddable":true,"href":"https:\/\/www.seaflowerstore.com\/de\/wp-json\/wp\/v2\/pwb-brand?post=87047"},{"taxonomy":"product_cat","embeddable":true,"href":"https:\/\/www.seaflowerstore.com\/de\/wp-json\/wp\/v2\/product_cat?post=87047"},{"taxonomy":"product_tag","embeddable":true,"href":"https:\/\/www.seaflowerstore.com\/de\/wp-json\/wp\/v2\/product_tag?post=87047"}],"curies":[{"name":"wp","href":"https:\/\/api.w.org\/{rel}","templated":true}]}}