{"id":87048,"date":"2018-04-07T14:49:02","date_gmt":"2018-04-07T12:49:02","guid":{"rendered":"https:\/\/www.seaflowerstore.com\/nl\/seaveggies-purple-seaweed-30g\/"},"modified":"2024-03-20T16:46:58","modified_gmt":"2024-03-20T15:46:58","slug":"seaveggies-purple-seaweed-30g","status":"publish","type":"product","link":"https:\/\/www.seaflowerstore.com\/de\/seaveggies-purple-seaweed-30g\/","title":{"rendered":"Seaveggies purple seaweed 30g"},"content":{"rendered":"<h2>Seaveggies purple seaweed 30g<\/h2>\n<h2>Julian Sprungs SeaVeggies Purpuralge 30 g Super nahrhafte nat\u00fcrliche Purpuralgenbl\u00e4tter<\/h2>\n<p><strong>Super nahrhafte nat\u00fcrliche Purpuralgenbl\u00e4tter.<\/strong> Diese Bl\u00e4tter sind perfekt f\u00fcr Meerespflanzenfresser wie Doktorfische, Doktorfische, Idolfische, Papageienfische, Kaiserfische, gro\u00dfe Falterfische und sogar pflanzenfressende S\u00fc\u00dfwasserfische wie Buntbarsche und Goldfische.<\/p>\n<p><strong>Purpuralge Porphyra umbilicalis<\/strong><\/p>\n<p><strong>Garantierte Analyse:<\/strong><\/p>\n<ul>\n<li>Min. Protein 35 %<\/li>\n<li>Min. Fett 0,7 %<\/li>\n<li>Max. Ballaststoffe 4,7 %<\/li>\n<li>Kohlenhydrate 39,6 %<\/li>\n<li>Feuchtigkeit 10\u201315 %<\/li>\n<\/ul>\n","protected":false},"excerpt":{"rendered":"<p>Julian Sprung&#8217;s SeaVeggies purple seaweed 30g Super nutritious Natural purple Seaweed sheets<\/p>\n","protected":false},"featured_media":80247,"template":"","meta":[],"pwb-brand":[2231],"product_cat":[1438],"product_tag":[],"class_list":{"0":"post-87048","1":"product","2":"type-product","3":"status-publish","4":"has-post-thumbnail","6":"pwb-brand-two-little-fishies","7":"product_cat-fischfutter","8":"pa_show-myparcel-options-male-de","10":"first","11":"instock","12":"taxable","13":"shipping-taxable","14":"purchasable","15":"product-type-simple"},"acf":[],"brands":[{"id":2231,"name":"Two Little Fishies","slug":"two-little-fishies"}],"_links":{"self":[{"href":"https:\/\/www.seaflowerstore.com\/de\/wp-json\/wp\/v2\/product\/87048","targetHints":{"allow":["GET"]}}],"collection":[{"href":"https:\/\/www.seaflowerstore.com\/de\/wp-json\/wp\/v2\/product"}],"about":[{"href":"https:\/\/www.seaflowerstore.com\/de\/wp-json\/wp\/v2\/types\/product"}],"wp:featuredmedia":[{"embeddable":true,"href":"https:\/\/www.seaflowerstore.com\/de\/wp-json\/wp\/v2\/media\/80247"}],"wp:attachment":[{"href":"https:\/\/www.seaflowerstore.com\/de\/wp-json\/wp\/v2\/media?parent=87048"}],"wp:term":[{"taxonomy":"pwb-brand","embeddable":true,"href":"https:\/\/www.seaflowerstore.com\/de\/wp-json\/wp\/v2\/pwb-brand?post=87048"},{"taxonomy":"product_cat","embeddable":true,"href":"https:\/\/www.seaflowerstore.com\/de\/wp-json\/wp\/v2\/product_cat?post=87048"},{"taxonomy":"product_tag","embeddable":true,"href":"https:\/\/www.seaflowerstore.com\/de\/wp-json\/wp\/v2\/product_tag?post=87048"}],"curies":[{"name":"wp","href":"https:\/\/api.w.org\/{rel}","templated":true}]}}