{"id":87049,"date":"2018-04-07T14:43:38","date_gmt":"2018-04-07T12:43:38","guid":{"rendered":"https:\/\/www.seaflowerstore.com\/nl\/seaveggies-green-seaweed-30g\/"},"modified":"2024-03-20T16:46:56","modified_gmt":"2024-03-20T15:46:56","slug":"seaveggies-green-seaweed-30g","status":"publish","type":"product","link":"https:\/\/www.seaflowerstore.com\/de\/seaveggies-green-seaweed-30g\/","title":{"rendered":"Seaveggies green seaweed 30g"},"content":{"rendered":"<h2>Seaveggies green seaweed 30g Super nutritious Natural Green Seaweed sheets. Ideal for marine herbivores<\/h2>\n<p>Entdecken Sie die erstaunlichen Vorteile unserer <strong>super nahrhaften Bl\u00e4tter aus nat\u00fcrlichem gr\u00fcnem Seetang<\/strong> (<strong>Porphyra yezoensis<\/strong>). Diese Bl\u00e4tter sind perfekt f\u00fcr eine Vielzahl von Meerespflanzenfressern, darunter:<\/p>\n<ul>\n<li>Doktorfische<\/li>\n<li>Doktorfische<\/li>\n<li>Maurische G\u00f6tzenbilder<\/li>\n<li>Papageifische<\/li>\n<li>Kaiserfische<\/li>\n<li>Gro\u00dfe Falterfische<\/li>\n<li>Pflanzenfressende S\u00fc\u00dfwasserfische, wie Buntbarsche und Goldfische<\/li>\n<\/ul>\n<p>Unsere Algenbl\u00e4tter sind nicht nur nahrhaft, sondern auch ein k\u00f6stlicher Leckerbissen f\u00fcr Ihre Wassertiere. Sie werden mit dieser nat\u00fcrlichen Erg\u00e4nzung ihrer Ern\u00e4hrung gedeihen!<\/p>\n","protected":false},"excerpt":{"rendered":"<p>Seaveggies green seaweed 30g Super nutritious Natural Green Seaweed sheets. Ideal for marine herbivores<\/p>\n","protected":false},"featured_media":80245,"template":"","meta":[],"pwb-brand":[2231],"product_cat":[1438],"product_tag":[],"class_list":{"0":"post-87049","1":"product","2":"type-product","3":"status-publish","4":"has-post-thumbnail","6":"pwb-brand-two-little-fishies","7":"product_cat-fischfutter","8":"pa_show-myparcel-options-male-de","10":"first","11":"instock","12":"taxable","13":"shipping-taxable","14":"purchasable","15":"product-type-simple"},"acf":[],"brands":[{"id":2231,"name":"Two Little Fishies","slug":"two-little-fishies"}],"_links":{"self":[{"href":"https:\/\/www.seaflowerstore.com\/de\/wp-json\/wp\/v2\/product\/87049","targetHints":{"allow":["GET"]}}],"collection":[{"href":"https:\/\/www.seaflowerstore.com\/de\/wp-json\/wp\/v2\/product"}],"about":[{"href":"https:\/\/www.seaflowerstore.com\/de\/wp-json\/wp\/v2\/types\/product"}],"wp:featuredmedia":[{"embeddable":true,"href":"https:\/\/www.seaflowerstore.com\/de\/wp-json\/wp\/v2\/media\/80245"}],"wp:attachment":[{"href":"https:\/\/www.seaflowerstore.com\/de\/wp-json\/wp\/v2\/media?parent=87049"}],"wp:term":[{"taxonomy":"pwb-brand","embeddable":true,"href":"https:\/\/www.seaflowerstore.com\/de\/wp-json\/wp\/v2\/pwb-brand?post=87049"},{"taxonomy":"product_cat","embeddable":true,"href":"https:\/\/www.seaflowerstore.com\/de\/wp-json\/wp\/v2\/product_cat?post=87049"},{"taxonomy":"product_tag","embeddable":true,"href":"https:\/\/www.seaflowerstore.com\/de\/wp-json\/wp\/v2\/product_tag?post=87049"}],"curies":[{"name":"wp","href":"https:\/\/api.w.org\/{rel}","templated":true}]}}