{"id":87053,"date":"2018-03-24T17:09:59","date_gmt":"2018-03-24T16:09:59","guid":{"rendered":"https:\/\/www.seaflowerstore.com\/nl\/protomor\/"},"modified":"2024-03-20T16:47:16","modified_gmt":"2024-03-20T15:47:16","slug":"protomor","status":"publish","type":"product","link":"https:\/\/www.seaflowerstore.com\/de\/protomor\/","title":{"rendered":"Protomor"},"content":{"rendered":"<h2>PROTOMOR against Protoza Infections\u2013 REEF SAFE \u2013<\/h2>\n<p>Sichtbare Symptome von Protozoeninfektionen bei Fischen k\u00f6nnen blassgraue bis dunkle, samtartige Bel\u00e4ge oder kaum sichtbare Flecken sein. Im weiteren Verlauf der Infektion k\u00f6nnen sich diese Symptome auf die Kiemen, Flossen und schlie\u00dflich auf den gesamten K\u00f6rper ausbreiten. Fische k\u00f6nnen eine erh\u00f6hte Atemaktivit\u00e4t zeigen, wobei die Kiemen offen bleiben, was zu akuter Atemnot f\u00fchren kann.<\/p>\n<p><strong>PROTOMOR<\/strong> ist eine spezielle Behandlung, die speziell f\u00fcr Zierfische zur Bek\u00e4mpfung von Samtkrankheiten entwickelt wurde, darunter Oodinium ocellatum (allgemein bekannt als Korallenfischkrankheit), Cryptobia, Brooklynella, Trichodina und Cryptocaryon. Diese Behandlung ist besonders wirksam im Anfangsstadium von Infektionen und bei leichten Erkrankungen.<\/p>\n<p>Dar\u00fcber hinaus ist <strong>PROTOMOR<\/strong> sicher f\u00fcr Wirbellose wie Korallen, Anemonen, Schnecken und Muscheln.<\/p>\n<ul>\n<li>20 ml reichen f\u00fcr ein 400-Liter-Aquarium.<\/li>\n<li>100 ml reichen f\u00fcr ein 2000-Liter-Aquarium.<\/li>\n<\/ul>\n<p><strong>RIFFSICHER \u2013 VERTR\u00c4GLICH F\u00dcR WIRBELLOSE TIERE (KORALLEN, ANEMONEN, SCHNECKEN, MUSCHELN USW.).<\/strong><\/p>\n<p><strong><a href=\"https:\/\/www.aquarium-munster.com\/en\/downloads\/using-instructions\/\" target=\"_blank\" rel=\"noopener noreferrer nofollow\">Handbuch<\/a><\/strong><\/p>\n","protected":false},"excerpt":{"rendered":"<p>PROTOMOR is a specialized treatment for ornamental fish against velvet diseases such as Oodinium ocellatum (coral fish disease), Cryptobia, Brooklynella, Trichodina and Cryptocaryon.<\/p>\n","protected":false},"featured_media":80226,"template":"","meta":[],"pwb-brand":[2225],"product_cat":[1390,515],"product_tag":[],"class_list":{"0":"post-87053","1":"product","2":"type-product","3":"status-publish","4":"has-post-thumbnail","6":"pwb-brand-aquarium-munster","7":"product_cat-medikamente","8":"product_cat-additives","9":"pa_inhoud-100-ml-de","10":"pa_inhoud-20-ml-de","11":"pa_show-myparcel-options-male-de","13":"first","14":"outofstock","15":"taxable","16":"shipping-taxable","17":"purchasable","18":"product-type-variable"},"acf":[],"brands":[{"id":2225,"name":"Aquarium M\u00fcnster","slug":"aquarium-munster"}],"_links":{"self":[{"href":"https:\/\/www.seaflowerstore.com\/de\/wp-json\/wp\/v2\/product\/87053","targetHints":{"allow":["GET"]}}],"collection":[{"href":"https:\/\/www.seaflowerstore.com\/de\/wp-json\/wp\/v2\/product"}],"about":[{"href":"https:\/\/www.seaflowerstore.com\/de\/wp-json\/wp\/v2\/types\/product"}],"wp:featuredmedia":[{"embeddable":true,"href":"https:\/\/www.seaflowerstore.com\/de\/wp-json\/wp\/v2\/media\/80226"}],"wp:attachment":[{"href":"https:\/\/www.seaflowerstore.com\/de\/wp-json\/wp\/v2\/media?parent=87053"}],"wp:term":[{"taxonomy":"pwb-brand","embeddable":true,"href":"https:\/\/www.seaflowerstore.com\/de\/wp-json\/wp\/v2\/pwb-brand?post=87053"},{"taxonomy":"product_cat","embeddable":true,"href":"https:\/\/www.seaflowerstore.com\/de\/wp-json\/wp\/v2\/product_cat?post=87053"},{"taxonomy":"product_tag","embeddable":true,"href":"https:\/\/www.seaflowerstore.com\/de\/wp-json\/wp\/v2\/product_tag?post=87053"}],"curies":[{"name":"wp","href":"https:\/\/api.w.org\/{rel}","templated":true}]}}