{"id":87056,"date":"2018-03-24T09:49:04","date_gmt":"2018-03-24T08:49:04","guid":{"rendered":"https:\/\/www.seaflowerstore.com\/nl\/aquaforest-phosphate-minus\/"},"modified":"2024-03-20T16:46:55","modified_gmt":"2024-03-20T15:46:55","slug":"aquaforest-phosphate-minus","status":"publish","type":"product","link":"https:\/\/www.seaflowerstore.com\/de\/aquaforest-phosphate-minus\/","title":{"rendered":"Aquaforest Phosphate Minus"},"content":{"rendered":"<h2>Aquaforest Phosphate Minus reduces phosphates and silicates in marine and freshwater aquariums<\/h2>\n<p><strong>Aquaforest Phosphate Minus<\/strong> wurde entwickelt, um Phosphate und Silikate in Meer- und S\u00fc\u00dfwasseraquarien effektiv zu reduzieren. F\u00fcr optimale Ergebnisse geben Sie es bitte in Medienreaktoren mit einem empfohlenen Wasserdurchfluss von mindestens 400 Litern pro Stunde. Dieses Produkt ist auch f\u00fcr den passiven Einsatz in Filterschl\u00e4uchen geeignet.<\/p>\n<p>Wir empfehlen, Phosphate Minus alle vier Wochen auszutauschen oder wenn Sie einen deutlichen Anstieg des Phosphatgehalts in Ihrem Aquarienwasser feststellen. Kurz nach der Einf\u00fchrung in Ihr Filtersystem k\u00f6nnen Sie eine leichte Farb\u00e4nderung im Wasser feststellen. Obwohl es wichtig ist, das Produkt vor der Verwendung nicht auszusp\u00fclen, beachten Sie bitte, dass der braune Staub, den Sie m\u00f6glicherweise sehen, ein aktiver Phosphat-Entferner ist und f\u00fcr Wasserlebewesen v\u00f6llig ungef\u00e4hrlich ist. Die braune F\u00e4rbung im Wasser wird nach kurzer Zeit verschwinden.<\/p>\n<p>Denken Sie daran, dass das Aussp\u00fclen des Produkts in <em>RODI<\/em>-Wasser seine Wirksamkeit verringert. Verwenden Sie es daher am besten so, wie es ist, um optimale Ergebnisse zu erzielen.<\/p>\n","protected":false},"excerpt":{"rendered":"<p>Aquaforest Phosphate Minus reduces phosphates and silicates in marine and freshwater aquariums<\/p>\n","protected":false},"featured_media":83345,"template":"","meta":[],"pwb-brand":[2199],"product_cat":[1414,1453,515,741],"product_tag":[],"class_list":{"0":"post-87056","1":"product","2":"type-product","3":"status-publish","4":"has-post-thumbnail","6":"pwb-brand-aquaforest","7":"product_cat-aquaforest-de","8":"product_cat-nitrat-und-phosphatentferner","9":"product_cat-additives","10":"product_cat-brands","11":"pa_inhoud-1000-ml-de","12":"pa_inhoud-250-ml-de","13":"pa_inhoud-500-ml-de","14":"pa_inhoud-5000-ml-de","15":"pa_show-myparcel-options-male-de","17":"first","18":"instock","19":"sale","20":"taxable","21":"shipping-taxable","22":"purchasable","23":"product-type-variable"},"acf":[],"brands":[{"id":2199,"name":"Aquaforest","slug":"aquaforest"}],"_links":{"self":[{"href":"https:\/\/www.seaflowerstore.com\/de\/wp-json\/wp\/v2\/product\/87056","targetHints":{"allow":["GET"]}}],"collection":[{"href":"https:\/\/www.seaflowerstore.com\/de\/wp-json\/wp\/v2\/product"}],"about":[{"href":"https:\/\/www.seaflowerstore.com\/de\/wp-json\/wp\/v2\/types\/product"}],"wp:featuredmedia":[{"embeddable":true,"href":"https:\/\/www.seaflowerstore.com\/de\/wp-json\/wp\/v2\/media\/83345"}],"wp:attachment":[{"href":"https:\/\/www.seaflowerstore.com\/de\/wp-json\/wp\/v2\/media?parent=87056"}],"wp:term":[{"taxonomy":"pwb-brand","embeddable":true,"href":"https:\/\/www.seaflowerstore.com\/de\/wp-json\/wp\/v2\/pwb-brand?post=87056"},{"taxonomy":"product_cat","embeddable":true,"href":"https:\/\/www.seaflowerstore.com\/de\/wp-json\/wp\/v2\/product_cat?post=87056"},{"taxonomy":"product_tag","embeddable":true,"href":"https:\/\/www.seaflowerstore.com\/de\/wp-json\/wp\/v2\/product_tag?post=87056"}],"curies":[{"name":"wp","href":"https:\/\/api.w.org\/{rel}","templated":true}]}}