{"id":87063,"date":"2018-03-18T09:21:50","date_gmt":"2018-03-18T09:21:50","guid":{"rendered":"https:\/\/www.seaflowerstore.com\/nl\/coral-construct\/"},"modified":"2024-03-20T16:46:52","modified_gmt":"2024-03-20T15:46:52","slug":"coral-construct","status":"publish","type":"product","link":"https:\/\/www.seaflowerstore.com\/de\/coral-construct\/","title":{"rendered":"Coral Construct"},"content":{"rendered":"<h2>Coral Construct of Aqua Medic Glue to Fixate Corals<\/h2>\n<p><strong>Coral Construct<\/strong> ist die perfekte L\u00f6sung f\u00fcr verschiedene Konstruktionsherausforderungen in S\u00fc\u00df- und Meerwasseraquarien. Steine \u200b\u200bund andere Materialien lassen sich m\u00fchelos sicher befestigen.<\/p>\n<p>Viele Wirbellose werden auf kleinen Felsbrocken importiert, was die Integration in Ihr k\u00fcnstliches Riff oder lebendes Gestein erschwert. Zudem gehen abgebrochene St\u00fccke von Steinkorallen oft im Aquarium verloren, wenn sie nicht befestigt werden k\u00f6nnen. Gl\u00fccklicherweise k\u00f6nnen diese Probleme mit <strong>Coral Construct<\/strong> schnell und sicher gel\u00f6st werden.<\/p>\n<p>Dieser Cyan-Acrylkleber kann problemlos unter Wasser verwendet werden. Achten Sie jedoch darauf, dass kein Wasser in die Kleberflasche gelangt, da der Kleber sonst aush\u00e4rtet. Er l\u00e4sst sich auch unter Wasser problemlos verarbeiten.<\/p>\n<ul>\n<li>Erh\u00e4ltlich in 5 Gramm und 20 Gramm<\/li>\n<\/ul>\n","protected":false},"excerpt":{"rendered":"<p>glue to fixate corals<br \/>\nAvailable in 5gr and 20gr<\/p>\n","protected":false},"featured_media":83269,"template":"","meta":[],"pwb-brand":[2149],"product_cat":[1405,1421],"product_tag":[],"class_list":{"0":"post-87063","1":"product","2":"type-product","3":"status-publish","4":"has-post-thumbnail","6":"pwb-brand-aqua-medic","7":"product_cat-korallenkleber-versiegelungsmittel","8":"product_cat-aqua-medic-de","9":"pa_inhoud-20-gr-de","10":"pa_inhoud-5-gr-de","11":"pa_show-myparcel-options-male-de","13":"first","14":"instock","15":"taxable","16":"shipping-taxable","17":"purchasable","18":"product-type-variable"},"acf":[],"brands":[{"id":2149,"name":"Aqua Medic","slug":"aqua-medic"}],"_links":{"self":[{"href":"https:\/\/www.seaflowerstore.com\/de\/wp-json\/wp\/v2\/product\/87063","targetHints":{"allow":["GET"]}}],"collection":[{"href":"https:\/\/www.seaflowerstore.com\/de\/wp-json\/wp\/v2\/product"}],"about":[{"href":"https:\/\/www.seaflowerstore.com\/de\/wp-json\/wp\/v2\/types\/product"}],"wp:featuredmedia":[{"embeddable":true,"href":"https:\/\/www.seaflowerstore.com\/de\/wp-json\/wp\/v2\/media\/83269"}],"wp:attachment":[{"href":"https:\/\/www.seaflowerstore.com\/de\/wp-json\/wp\/v2\/media?parent=87063"}],"wp:term":[{"taxonomy":"pwb-brand","embeddable":true,"href":"https:\/\/www.seaflowerstore.com\/de\/wp-json\/wp\/v2\/pwb-brand?post=87063"},{"taxonomy":"product_cat","embeddable":true,"href":"https:\/\/www.seaflowerstore.com\/de\/wp-json\/wp\/v2\/product_cat?post=87063"},{"taxonomy":"product_tag","embeddable":true,"href":"https:\/\/www.seaflowerstore.com\/de\/wp-json\/wp\/v2\/product_tag?post=87063"}],"curies":[{"name":"wp","href":"https:\/\/api.w.org\/{rel}","templated":true}]}}