{"id":87066,"date":"2018-03-16T19:05:17","date_gmt":"2018-03-16T18:05:17","guid":{"rendered":"https:\/\/www.seaflowerstore.com\/nl\/aqua-medic-dc-runner-9-3\/"},"modified":"2024-03-20T16:46:40","modified_gmt":"2024-03-20T15:46:40","slug":"aqua-medic-dc-runner-9-3","status":"publish","type":"product","link":"https:\/\/www.seaflowerstore.com\/de\/aqua-medic-dc-runner-9-3\/","title":{"rendered":"Aqua Medic DC Runner 9.3"},"content":{"rendered":"<h2>Aqua Medic DC Runner 9.3 WiFi supply or flow pump in sea and fresh water aquariums<\/h2>\n<p><strong>\u201eULTRA LEISE\u201c DURCH OPTIMIERTE ELEKTRONISCHE STEUERUNG<\/strong><\/p>\n<ul>\n<li>Diese Pumpe kann als Zufuhr- oder Str\u00f6mungspumpe in Meer- und S\u00fc\u00dfwasseraquarien verwendet werden.<\/li>\n<li>Sie verf\u00fcgt \u00fcber einen Controller zur einfachen Steuerung des Durchflusses.<\/li>\n<li>Zur externen Steuerung steht ein 0-10-V-Anschluss zur Verf\u00fcgung.<\/li>\n<li>Die Pumpe verf\u00fcgt \u00fcber ein robustes Geh\u00e4use f\u00fcr Langlebigkeit.<\/li>\n<li>Mit einem energiesparenden 24-V-Gleichstrommotor arbeitet sie mit hoher Effizienz.<\/li>\n<li>Polierte Keramiklager und -wellen sorgen f\u00fcr einen leisen Betrieb und lang anhaltende Leistung.<\/li>\n<li>Sowohl Trocken- als auch Nassinstallationsoptionen sind verf\u00fcgbar.<\/li>\n<li>Beinhaltet einen Vorfilterkorb und Anschl\u00fcsse f\u00fcr die Versionen 2.3, 3.3 und 5.3.<\/li>\n<li>Kommt auch mit einem Vorfilterkorb f\u00fcr Version 1.3.<\/li>\n<li>Inklusive Schlauchanschl\u00fcsse f\u00fcr Version 9.3.<\/li>\n<li><strong>Bitte beachten: WLAN funktioniert nur im 2,4-GHz-Band.<\/strong><\/li>\n<\/ul>\n<p><strong>Technische Details:<\/strong><\/p>\n<table border=\"1\">\n<tbody>\n<tr>\n<td>DC Runner<\/td>\n<td>1,3<\/td>\n<td>2,3<\/td>\n<td>3,3<\/td>\n<\/tr>\n<tr>\n<td>Stromversorgung Pumpe<\/td>\n<td colspan=\"3\">24 V<\/td>\n<\/tr>\n<tr>\n<td>Stromversorgung Transformator<\/td>\n<td colspan=\"3\">100 &#8211; 240 V 50\/60 Hz<\/td>\n<\/tr>\n<tr>\n<td>Pumpenleistung<\/td>\n<td>bis 1.200 l\/h<\/td>\n<td>bis 2.000 l\/h<\/td>\n<td>bis 3.000 l\/h<\/td>\n<\/tr>\n<tr>\n<td>Max. F\u00f6rderh\u00f6he<\/td>\n<td>bis 1,5 m<\/td>\n<td>bis 2,2 m<\/td>\n<td>bis 2,7 m<\/td>\n<\/tr>\n<tr>\n<td>Leistungsaufnahme<\/td>\n<td>max. 12 W<\/td>\n<td>max. 20 W<\/td>\n<td>max. 25 W<\/td>\n<\/tr>\n<tr>\n<td>Schlauchanschluss &#8211; \u00d8 innen<\/td>\n<td>25 mm<\/td>\n<td>25 mm (1 Zoll)<\/td>\n<td>32 mm (1,25 Zoll)<\/td>\n<\/tr>\n<tr>\n<td>Schlauchanschluss &#8211; \u00d8 au\u00dfen<\/td>\n<td>20 mm<\/td>\n<td>25 mm (1 Zoll)<\/td>\n<td>25 mm (1 Zoll)<\/td>\n<\/tr>\n<tr>\n<td>IP-Code<\/td>\n<td colspan=\"3\">IP X8<\/td>\n<\/tr>\n<tr>\n<td>Abmessungen mm ca.<\/td>\n<td>125 x 60 x 85<\/td>\n<td>135 x 67 x 67<\/td>\n<td>195 x 90 x 115<\/td>\n<\/tr>\n<\/tbody>\n<\/table>\n<p>&nbsp;<\/p>\n<table style=\"width: 341px; height: 272px\" border=\"1\">\n<tbody>\n<tr>\n<td>DC Runner<\/td>\n<td>5,3<\/td>\n<td><span style=\"background-color: #00ffff\">9,3<\/span><\/td>\n<\/tr>\n<tr>\n<td>Stromversorgung Pumpe<\/td>\n<td colspan=\"2\">24 V<\/td>\n<\/tr>\n<tr>\n<td>Stromversorgung Transformator<\/td>\n<td colspan=\"2\">100 &#8211; 240 V 50\/60 Hz<\/td>\n<\/tr>\n<tr>\n<td>Pumpenleistung<\/td>\n<td>bis 5.000 l\/h<\/td>\n<td>bis 9.000 l\/h<\/td>\n<\/tr>\n<tr>\n<td>Max. F\u00f6rderh\u00f6he<\/td>\n<td>bis 3,5 m<\/td>\n<td>bis 4,8 m<\/td>\n<\/tr>\n<tr>\n<td>Leistungsaufnahme<\/td>\n<td>max. 50 W<\/td>\n<td>max. 65 W<\/td>\n<\/tr>\n<tr>\n<td>Schlauchanschluss &#8211; \u00d8 innen<\/td>\n<td>32 mm (1,25 Zoll)<\/td>\n<td>40 mm (1,5 Zoll)<\/td>\n<\/tr>\n<tr>\n<td>Schlauchanschluss &#8211; \u00d8 au\u00dfen<\/td>\n<td>32 mm (1,25 Zoll)<\/td>\n<td>40 mm (1,5 Zoll)<\/td>\n<\/tr>\n<tr>\n<td>IP-Code<\/td>\n<td colspan=\"2\">IP X8<\/td>\n<\/tr>\n<tr>\n<td>Abmessungen mm ca.<\/td>\n<td>190 x 105 x 130<\/td>\n<td>180 x 95 x 135<\/td>\n<\/tr>\n<\/tbody>\n<\/table>\n","protected":false},"excerpt":{"rendered":"<p>Aqua Medic DC Runner 9.3 Adjustable universal pump with max. 9,000 liters \/ hour<\/p>\n","protected":false},"featured_media":83477,"template":"","meta":[],"pwb-brand":[2149],"product_cat":[1417,1421,1466],"product_tag":[],"class_list":{"0":"post-87066","1":"product","2":"type-product","3":"status-publish","4":"has-post-thumbnail","6":"pwb-brand-aqua-medic","7":"product_cat-druckerhohungspumpen","8":"product_cat-aqua-medic-de","9":"product_cat-pumpen","10":"pa_show-myparcel-options-male-de","12":"first","13":"instock","14":"taxable","15":"shipping-taxable","16":"purchasable","17":"product-type-simple"},"acf":[],"brands":[{"id":2149,"name":"Aqua Medic","slug":"aqua-medic"}],"_links":{"self":[{"href":"https:\/\/www.seaflowerstore.com\/de\/wp-json\/wp\/v2\/product\/87066","targetHints":{"allow":["GET"]}}],"collection":[{"href":"https:\/\/www.seaflowerstore.com\/de\/wp-json\/wp\/v2\/product"}],"about":[{"href":"https:\/\/www.seaflowerstore.com\/de\/wp-json\/wp\/v2\/types\/product"}],"wp:featuredmedia":[{"embeddable":true,"href":"https:\/\/www.seaflowerstore.com\/de\/wp-json\/wp\/v2\/media\/83477"}],"wp:attachment":[{"href":"https:\/\/www.seaflowerstore.com\/de\/wp-json\/wp\/v2\/media?parent=87066"}],"wp:term":[{"taxonomy":"pwb-brand","embeddable":true,"href":"https:\/\/www.seaflowerstore.com\/de\/wp-json\/wp\/v2\/pwb-brand?post=87066"},{"taxonomy":"product_cat","embeddable":true,"href":"https:\/\/www.seaflowerstore.com\/de\/wp-json\/wp\/v2\/product_cat?post=87066"},{"taxonomy":"product_tag","embeddable":true,"href":"https:\/\/www.seaflowerstore.com\/de\/wp-json\/wp\/v2\/product_tag?post=87066"}],"curies":[{"name":"wp","href":"https:\/\/api.w.org\/{rel}","templated":true}]}}