{"id":87069,"date":"2018-03-16T18:50:15","date_gmt":"2018-03-16T17:50:15","guid":{"rendered":"https:\/\/www.seaflowerstore.com\/nl\/aqua-medic-dc-runner-2-3\/"},"modified":"2026-03-16T11:59:44","modified_gmt":"2026-03-16T10:59:44","slug":"aqua-medic-dc-runner-2-3","status":"publish","type":"product","link":"https:\/\/www.seaflowerstore.com\/de\/aqua-medic-dc-runner-2-3\/","title":{"rendered":"Aqua Medic DC Runner 2.3"},"content":{"rendered":"<h2>Aqua Medic DC Runner 2.3 supply or flow pump in sea and fresh water aquariums<\/h2>\n<p><strong>\u201eULTRA LEISE\u201c DURCH OPTIMIERTE ELEKTRONISCHE STEUERUNG<\/strong><\/p>\n<ul>\n<li>Entwickelt f\u00fcr Umw\u00e4lz- oder Str\u00f6mungspumpen in Salz- und S\u00fc\u00dfwasseraquarien.<\/li>\n<li>Steuerungs- und Programmieroptionen \u00fcber eine App (auf iTunes und Google Playstore) oder manuell \u00fcber den mitgelieferten Controller verf\u00fcgbar.<\/li>\n<li>Enth\u00e4lt einen Controller.<\/li>\n<li>Erm\u00f6glicht die gleichzeitige Steuerung mehrerer Pumpen.<\/li>\n<li>Programmierbarer 24-Stunden-Leistungsplan.<\/li>\n<li>0 &#8211; 10 V-Anschluss f\u00fcr verschiedene externe Steuerungsoptionen.<\/li>\n<li>Langlebiges Pumpengeh\u00e4use f\u00fcr langlebigen Einsatz.<\/li>\n<li>Energieeffizienter Gleichstrommotor mit 24 V.<\/li>\n<li>Verf\u00fcgt \u00fcber eine polierte Keramikwelle und Lager f\u00fcr leisen Betrieb.<\/li>\n<li>Kann untergetaucht oder nicht untergetaucht verwendet werden.<\/li>\n<li>Inklusive Vorfilterkorb und Anschl\u00fcssen (Versionen 2.3 &#8211; 3.3 &#8211; 5.3).<\/li>\n<li>Kommt mit einem Vorfilterkorb (Version 1.3).<\/li>\n<\/ul>\n<p><strong>Technische Details:<\/strong><\/p>\n<table border=\"1\">\n<tbody>\n<tr>\n<td>DC Runner<\/td>\n<td>1.3<\/td>\n<td><span style=\"background-color: #00ffff\">2.3<\/span><\/td>\n<td>3.3<\/td>\n<\/tr>\n<tr>\n<td>Stromversorgung Pumpe<\/td>\n<td colspan=\"3\">24 V<\/td>\n<\/tr>\n<tr>\n<td>Stromversorgung Transformator<\/td>\n<td colspan=\"3\">100 &#8211; 240 V 50\/60 Hz<\/td>\n<\/tr>\n<tr>\n<td>Pumpenleistung<\/td>\n<td>bis 1.200 l\/h<\/td>\n<td>bis 2.000 l\/h<\/td>\n<td>bis 3.000 l\/h<\/td>\n<\/tr>\n<tr>\n<td>Max. F\u00f6rderh\u00f6he<\/td>\n<td>bis 1,5 m<\/td>\n<td>bis 2,2 m<\/td>\n<td>bis 2,7 m<\/td>\n<\/tr>\n<tr>\n<td>Leistungsaufnahme<\/td>\n<td>max. 12 W<\/td>\n<td>max. 20 W<\/td>\n<td>max. 25 W<\/td>\n<\/tr>\n<tr>\n<td>Schlauchanschluss &#8211; \u00d8 innen<\/td>\n<td>25 mm<\/td>\n<td>25 mm (1 Zoll)<\/td>\n<td>32 mm (1,25 Zoll)<\/td>\n<\/tr>\n<tr>\n<td>Schlauchanschluss &#8211; \u00d8 au\u00dfen<\/td>\n<td>20 mm<\/td>\n<td>25 mm (1 Zoll)<\/td>\n<td>25 mm (1 Zoll)<\/td>\n<\/tr>\n<tr>\n<td>IP-Code<\/td>\n<td colspan=\"3\">IP X8<\/td>\n<\/tr>\n<tr>\n<td>Abmessungen mm ca.<\/td>\n<td>125 x 60 x 85<\/td>\n<td>140 x 68 x 100<\/td>\n<td>195 x 90 x 115<\/td>\n<\/tr>\n<\/tbody>\n<\/table>\n<p>&nbsp;<\/p>\n<table style=\"width: 341px; height: 272px\" border=\"1\">\n<tbody>\n<tr>\n<td>DC Runner<\/td>\n<td>5,3<\/td>\n<td>9,3<\/td>\n<\/tr>\n<tr>\n<td>Stromversorgung Pumpe<\/td>\n<td colspan=\"2\">24 V<\/td>\n<\/tr>\n<tr>\n<td>Stromversorgung Transformator<\/td>\n<td colspan=\"2\">100 &#8211; 240 V 50\/60 Hz<\/td>\n<\/tr>\n<tr>\n<td>Pumpenleistung<\/td>\n<td>bis 5.000 l\/h<\/td>\n<td>bis 9.000 l\/h<\/td>\n<\/tr>\n<tr>\n<td>Max. Kopf<\/td>\n<td>bis 3,5 m<\/td>\n<td>bis 4,8 m<\/td>\n<\/tr>\n<tr>\n<td>Leistungsaufnahme<\/td>\n<td>max. 50 W<\/td>\n<td>max. 65 W<\/td>\n<\/tr>\n<tr>\n<td>Schlauchanschluss &#8211; \u00d8 innen<\/td>\n<td>32 mm (1,25 Zoll)<\/td>\n<td>40 mm (1,5 Zoll)<\/td>\n<\/tr>\n<tr>\n<td>Schlauchanschluss &#8211; \u00d8 au\u00dfen<\/td>\n<td>32 mm (1,25 Zoll)<\/td>\n<td>40 mm (1,5 Zoll)<\/td>\n<\/tr>\n<tr>\n<td>IP-Code<\/td>\n<td colspan=\"2\">IP X8<\/td>\n<\/tr>\n<tr>\n<td>Abmessungen mm ca.<\/td>\n<td>190 x 95 x 125<\/td>\n<td>180 x 95 x 135<\/td>\n<\/tr>\n<\/tbody>\n<\/table>\n","protected":false},"excerpt":{"rendered":"<p>Aqua Medic DC Runner 2.3 Adjustable universal pump with max. 2000 liters \/ hour<\/p>\n","protected":false},"featured_media":83605,"template":"","meta":[],"pwb-brand":[2149],"product_cat":[1421,1417,1466],"product_tag":[],"class_list":{"0":"post-87069","1":"product","2":"type-product","3":"status-publish","4":"has-post-thumbnail","6":"pwb-brand-aqua-medic","7":"product_cat-aqua-medic-de","8":"product_cat-druckerhohungspumpen","9":"product_cat-pumpen","10":"pa_show-myparcel-options-male-de","12":"first","13":"outofstock","14":"taxable","15":"shipping-taxable","16":"purchasable","17":"product-type-simple"},"acf":[],"brands":[{"id":2149,"name":"Aqua Medic","slug":"aqua-medic"}],"_links":{"self":[{"href":"https:\/\/www.seaflowerstore.com\/de\/wp-json\/wp\/v2\/product\/87069","targetHints":{"allow":["GET"]}}],"collection":[{"href":"https:\/\/www.seaflowerstore.com\/de\/wp-json\/wp\/v2\/product"}],"about":[{"href":"https:\/\/www.seaflowerstore.com\/de\/wp-json\/wp\/v2\/types\/product"}],"wp:featuredmedia":[{"embeddable":true,"href":"https:\/\/www.seaflowerstore.com\/de\/wp-json\/wp\/v2\/media\/83605"}],"wp:attachment":[{"href":"https:\/\/www.seaflowerstore.com\/de\/wp-json\/wp\/v2\/media?parent=87069"}],"wp:term":[{"taxonomy":"pwb-brand","embeddable":true,"href":"https:\/\/www.seaflowerstore.com\/de\/wp-json\/wp\/v2\/pwb-brand?post=87069"},{"taxonomy":"product_cat","embeddable":true,"href":"https:\/\/www.seaflowerstore.com\/de\/wp-json\/wp\/v2\/product_cat?post=87069"},{"taxonomy":"product_tag","embeddable":true,"href":"https:\/\/www.seaflowerstore.com\/de\/wp-json\/wp\/v2\/product_tag?post=87069"}],"curies":[{"name":"wp","href":"https:\/\/api.w.org\/{rel}","templated":true}]}}