{"id":87071,"date":"2018-03-15T19:44:14","date_gmt":"2018-03-15T19:44:14","guid":{"rendered":"https:\/\/www.seaflowerstore.com\/nl\/ati-barium-1000-ml\/"},"modified":"2026-02-04T18:33:22","modified_gmt":"2026-02-04T17:33:22","slug":"ati-barium-150-ml","status":"publish","type":"product","link":"https:\/\/www.seaflowerstore.com\/de\/ati-barium-150-ml\/","title":{"rendered":"ATI ICP Element Barium 150ml"},"content":{"rendered":"<h2>ATI ICP Element Barium &#8211; 150ml Hochreine Chroml\u00f6sung f\u00fcr pr\u00e4zise ICP-gesteuerte Riffpflege<\/h2>\n<p><strong>ATI ICP Element Barium<\/strong> ist eine hochreine L\u00f6sung zur Erh\u00f6hung des Spurenelements Chrom in Meerwasseraquarien. Das Produkt eignet sich ideal zum Ausgleich von Defiziten sowie zur gezielten t\u00e4glichen Versorgung auf Analysebasis.<\/p>\n<p>Die \u00fcberarbeitete ATI ICP Elements Serie wird ausschlie\u00dflich mit hochreinen Rohstoffen hergestellt und vollst\u00e4ndig im ATI Labor in Deutschland produziert und kontrolliert. Dies gew\u00e4hrleistet maximale Dosiergenauigkeit und Produktsicherheit.<\/p>\n<p><strong>Dosieranleitung<\/strong><\/p>\n<ul>\n<li>1 ml pro 100 Liter erh\u00f6ht den Chromgehalt um 1 \u00b5g\/l<\/li>\n<li>Maximale t\u00e4gliche Erh\u00f6hung: 0,5 \u00b5g\/l<\/li>\n<li>Maximale Tagesdosierung: 0,5 ml pro 100 Liter<\/li>\n<li>Gesamtchromgehalt: 15.000 \u00b5g pro Flasche<\/li>\n<\/ul>\n<p><strong>M\u00f6gliche Symptome bei Chrommangel<\/strong><\/p>\n<ul>\n<li>M\u00f6glicherweise reduzierte Enzymaktivit\u00e4t bei Wirbellosen<\/li>\n<li>Theoretisch verringerte Mikron\u00e4hrstoffverf\u00fcgbarkeit f\u00fcr Biofilmbakterien<\/li>\n<li>Bisher keine eindeutig dokumentierten Mangelsymptome bekannt<\/li>\n<\/ul>\n<p><strong>M\u00f6gliche Ursachen f\u00fcr Chrommangel<\/strong><\/p>\n<ul>\n<li>Niedriger Chromgehalt im verwendeten Meersalz<\/li>\n<li>Keine gezielte Spurenelementdosierung<\/li>\n<li>Dauerhafte Entfernung durch Absch\u00e4umung bei mikrobieller Bindung<\/li>\n<\/ul>\n","protected":false},"excerpt":{"rendered":"<p>ATI ICP Element Barium &#8211; 150ml Hochreine Chroml\u00f6sung f\u00fcr pr\u00e4zise ICP-gesteuerte Riffpflege<\/p>\n","protected":false},"featured_media":128363,"template":"","meta":[],"pwb-brand":[2131],"product_cat":[1391,1395],"product_tag":[],"class_list":{"0":"post-87071","1":"product","2":"type-product","3":"status-publish","4":"has-post-thumbnail","6":"pwb-brand-ati","7":"product_cat-ergaenzungen","8":"product_cat-ati-de","10":"first","11":"instock","12":"taxable","13":"shipping-taxable","14":"purchasable","15":"product-type-simple"},"acf":[],"brands":[{"id":2131,"name":"ATI","slug":"ati"}],"_links":{"self":[{"href":"https:\/\/www.seaflowerstore.com\/de\/wp-json\/wp\/v2\/product\/87071","targetHints":{"allow":["GET"]}}],"collection":[{"href":"https:\/\/www.seaflowerstore.com\/de\/wp-json\/wp\/v2\/product"}],"about":[{"href":"https:\/\/www.seaflowerstore.com\/de\/wp-json\/wp\/v2\/types\/product"}],"wp:featuredmedia":[{"embeddable":true,"href":"https:\/\/www.seaflowerstore.com\/de\/wp-json\/wp\/v2\/media\/128363"}],"wp:attachment":[{"href":"https:\/\/www.seaflowerstore.com\/de\/wp-json\/wp\/v2\/media?parent=87071"}],"wp:term":[{"taxonomy":"pwb-brand","embeddable":true,"href":"https:\/\/www.seaflowerstore.com\/de\/wp-json\/wp\/v2\/pwb-brand?post=87071"},{"taxonomy":"product_cat","embeddable":true,"href":"https:\/\/www.seaflowerstore.com\/de\/wp-json\/wp\/v2\/product_cat?post=87071"},{"taxonomy":"product_tag","embeddable":true,"href":"https:\/\/www.seaflowerstore.com\/de\/wp-json\/wp\/v2\/product_tag?post=87071"}],"curies":[{"name":"wp","href":"https:\/\/api.w.org\/{rel}","templated":true}]}}