{"id":87079,"date":"2018-03-05T16:18:34","date_gmt":"2018-03-05T15:18:34","guid":{"rendered":"https:\/\/www.seaflowerstore.com\/nl\/overflow-comb-50\/"},"modified":"2024-03-20T16:45:56","modified_gmt":"2024-03-20T15:45:56","slug":"overflow-comb-50","status":"publish","type":"product","link":"https:\/\/www.seaflowerstore.com\/de\/overflow-comb-50\/","title":{"rendered":"Overflow comb 50"},"content":{"rendered":"<h2>Overflow comb 50<\/h2>\n<p>Dieser \u00dcberlaufkamm hat extra lange Zinken. Die Halterung kann auf das Aquarium geklebt werden oder ist f\u00fcr die Verwendung mit dem Combfix <strong>(nicht im Lieferumfang enthalten)<\/strong> ausgelegt. Das Wasser flie\u00dft gleichm\u00e4\u00dfig ab und verhindert, dass Fische, Pflanzenteile und grober Detritus in die \u00dcberlaufkammer gelangen.<\/p>\n<p>Die <strong>Halterung<\/strong> f\u00fcr den \u00dcberlaufkamm ist fest auf die <strong>\u00dcberlaufkammer<\/strong> geklebt. Der <strong>\u00dcberlaufkamm<\/strong> sitzt fest in der Halterung und l\u00e4sst sich zur Reinigung und Wartung leicht entfernen.<\/p>\n<ul>\n<li><strong>L\u00e4nge:<\/strong> ca. 50 cm (ca. 20 Zoll)<\/li>\n<li><strong>H\u00f6he:<\/strong> ca. 8 cm (ca. 3,2 Zoll)<\/li>\n<li><strong>L\u00e4nge der Zinken:<\/strong> ca. 3,7 cm (ca. 1,28 Zoll)<\/li>\n<\/ul>\n","protected":false},"excerpt":{"rendered":"<p>Overflow comb 50 Extra high overflow comb with extra edge to fix the comb with clips (not included) instead of gluing<\/p>\n","protected":false},"featured_media":80140,"template":"","meta":[],"pwb-brand":[2149],"product_cat":[1431,1421,1412],"product_tag":[],"class_list":{"0":"post-87079","1":"product","2":"type-product","3":"status-publish","4":"has-post-thumbnail","6":"pwb-brand-aqua-medic","7":"product_cat-nuetzliche-artikel","8":"product_cat-aqua-medic-de","9":"product_cat-aquaria-de","10":"pa_show-myparcel-options-male-de","12":"first","13":"instock","14":"taxable","15":"shipping-taxable","16":"purchasable","17":"product-type-simple"},"acf":[],"brands":[{"id":2149,"name":"Aqua Medic","slug":"aqua-medic"}],"_links":{"self":[{"href":"https:\/\/www.seaflowerstore.com\/de\/wp-json\/wp\/v2\/product\/87079","targetHints":{"allow":["GET"]}}],"collection":[{"href":"https:\/\/www.seaflowerstore.com\/de\/wp-json\/wp\/v2\/product"}],"about":[{"href":"https:\/\/www.seaflowerstore.com\/de\/wp-json\/wp\/v2\/types\/product"}],"wp:featuredmedia":[{"embeddable":true,"href":"https:\/\/www.seaflowerstore.com\/de\/wp-json\/wp\/v2\/media\/80140"}],"wp:attachment":[{"href":"https:\/\/www.seaflowerstore.com\/de\/wp-json\/wp\/v2\/media?parent=87079"}],"wp:term":[{"taxonomy":"pwb-brand","embeddable":true,"href":"https:\/\/www.seaflowerstore.com\/de\/wp-json\/wp\/v2\/pwb-brand?post=87079"},{"taxonomy":"product_cat","embeddable":true,"href":"https:\/\/www.seaflowerstore.com\/de\/wp-json\/wp\/v2\/product_cat?post=87079"},{"taxonomy":"product_tag","embeddable":true,"href":"https:\/\/www.seaflowerstore.com\/de\/wp-json\/wp\/v2\/product_tag?post=87079"}],"curies":[{"name":"wp","href":"https:\/\/api.w.org\/{rel}","templated":true}]}}