{"id":87080,"date":"2018-03-05T16:03:37","date_gmt":"2018-03-05T15:03:37","guid":{"rendered":"https:\/\/www.seaflowerstore.com\/nl\/combfix\/"},"modified":"2025-02-15T13:52:02","modified_gmt":"2025-02-15T12:52:02","slug":"combfix","status":"publish","type":"product","link":"https:\/\/www.seaflowerstore.com\/de\/combfix\/","title":{"rendered":"Combfix"},"content":{"rendered":"<h2>Combfix<strong><\/strong><\/h2>\n<p>Diese Halter sind f\u00fcr den \u00dcberlaufkamm \/ Comb 50 konzipiert, sodass Sie ihn an der Landung befestigen k\u00f6nnen, ohne ihn am Aquarium festzukleben.<\/p>\n<p>Zus\u00e4tzlich k\u00f6nnen diese Halter mit dem Hopstop verwendet werden, um unn\u00f6tiges B\u00fccken zu vermeiden.<\/p>\n","protected":false},"excerpt":{"rendered":"<p>Combfix These holders can also be used with the Hopstop, to prevent excessive bending.<\/p>\n","protected":false},"featured_media":80138,"template":"","meta":[],"pwb-brand":[2149],"product_cat":[1421,1431,1534,1451,741],"product_tag":[],"class_list":{"0":"post-87080","1":"product","2":"type-product","3":"status-publish","4":"has-post-thumbnail","6":"pwb-brand-aqua-medic","7":"product_cat-aqua-medic-de","8":"product_cat-nuetzliche-artikel","9":"product_cat-verschiedene","10":"product_cat-zubehoer","11":"product_cat-brands","12":"pa_show-myparcel-options-male-de","14":"first","15":"instock","16":"taxable","17":"shipping-taxable","18":"purchasable","19":"product-type-simple"},"acf":[],"brands":[{"id":2149,"name":"Aqua Medic","slug":"aqua-medic"}],"_links":{"self":[{"href":"https:\/\/www.seaflowerstore.com\/de\/wp-json\/wp\/v2\/product\/87080","targetHints":{"allow":["GET"]}}],"collection":[{"href":"https:\/\/www.seaflowerstore.com\/de\/wp-json\/wp\/v2\/product"}],"about":[{"href":"https:\/\/www.seaflowerstore.com\/de\/wp-json\/wp\/v2\/types\/product"}],"wp:featuredmedia":[{"embeddable":true,"href":"https:\/\/www.seaflowerstore.com\/de\/wp-json\/wp\/v2\/media\/80138"}],"wp:attachment":[{"href":"https:\/\/www.seaflowerstore.com\/de\/wp-json\/wp\/v2\/media?parent=87080"}],"wp:term":[{"taxonomy":"pwb-brand","embeddable":true,"href":"https:\/\/www.seaflowerstore.com\/de\/wp-json\/wp\/v2\/pwb-brand?post=87080"},{"taxonomy":"product_cat","embeddable":true,"href":"https:\/\/www.seaflowerstore.com\/de\/wp-json\/wp\/v2\/product_cat?post=87080"},{"taxonomy":"product_tag","embeddable":true,"href":"https:\/\/www.seaflowerstore.com\/de\/wp-json\/wp\/v2\/product_tag?post=87080"}],"curies":[{"name":"wp","href":"https:\/\/api.w.org\/{rel}","templated":true}]}}