{"id":87095,"date":"2018-02-21T08:21:54","date_gmt":"2018-02-21T07:21:54","guid":{"rendered":"https:\/\/www.seaflowerstore.com\/nl\/triton-iodine-1000ml\/"},"modified":"2024-03-20T16:45:36","modified_gmt":"2024-03-20T15:45:36","slug":"triton-iodine-1000ml","status":"publish","type":"product","link":"https:\/\/www.seaflowerstore.com\/de\/triton-iodine-1000ml\/","title":{"rendered":"Triton Iodine &#8211; 1000ml"},"content":{"rendered":"<h2>Triton Iodine &#8211; 1000ml Promotes health of macro-algae and SPS coral<\/h2>\n<p><strong>Triton Iodine<\/strong> ist ein Spurenelement-Meerwasserzusatz, der die Stoffwechselprozesse in Riffaquarien unterst\u00fctzen soll. Es ist besonders vorteilhaft f\u00fcr die Gesundheit von Makroalgen und SPS-Korallen.<\/p>\n<p>In Kombination mit <strong>TRITON Lab ICP-Tests<\/strong> k\u00f6nnen Aquarianer gezielte Anpassungen an einzelnen Elementen vornehmen. Nur TRITON bietet einen nahtlosen Ansatz f\u00fcr eine fortschrittliche Aquarienhaltung, der es Ihnen erleichtert, eine bl\u00fchende Wasserumgebung aufrechtzuerhalten.<\/p>\n<p>Detaillierte Dosierungsinformationen finden Sie auf der Registerkarte <strong>DOSIERUNG<\/strong> Ihrer ICP-Analyse. Die TRITON-Reihe von Makro- und Spurenelementzus\u00e4tzen basiert auf \u00fcber einem Jahrzehnt wissenschaftlicher Forschung mit Schwerpunkt auf der Chemie von nat\u00fcrlichem und geschlossenem Meerwassersystem.<\/p>\n","protected":false},"excerpt":{"rendered":"<p>Triton Iodine &#8211; 1000ml Promotes health of macro-algae and SPS coral<\/p>\n","protected":false},"featured_media":80102,"template":"","meta":[],"pwb-brand":[2181],"product_cat":[1391,1392],"product_tag":[],"class_list":{"0":"post-87095","1":"product","2":"type-product","3":"status-publish","4":"has-post-thumbnail","6":"pwb-brand-triton","7":"product_cat-ergaenzungen","8":"product_cat-triton-de","9":"pa_show-myparcel-options-male-de","11":"first","12":"instock","13":"taxable","14":"shipping-taxable","15":"purchasable","16":"product-type-simple"},"acf":[],"brands":[{"id":2181,"name":"Triton","slug":"triton"}],"_links":{"self":[{"href":"https:\/\/www.seaflowerstore.com\/de\/wp-json\/wp\/v2\/product\/87095","targetHints":{"allow":["GET"]}}],"collection":[{"href":"https:\/\/www.seaflowerstore.com\/de\/wp-json\/wp\/v2\/product"}],"about":[{"href":"https:\/\/www.seaflowerstore.com\/de\/wp-json\/wp\/v2\/types\/product"}],"wp:featuredmedia":[{"embeddable":true,"href":"https:\/\/www.seaflowerstore.com\/de\/wp-json\/wp\/v2\/media\/80102"}],"wp:attachment":[{"href":"https:\/\/www.seaflowerstore.com\/de\/wp-json\/wp\/v2\/media?parent=87095"}],"wp:term":[{"taxonomy":"pwb-brand","embeddable":true,"href":"https:\/\/www.seaflowerstore.com\/de\/wp-json\/wp\/v2\/pwb-brand?post=87095"},{"taxonomy":"product_cat","embeddable":true,"href":"https:\/\/www.seaflowerstore.com\/de\/wp-json\/wp\/v2\/product_cat?post=87095"},{"taxonomy":"product_tag","embeddable":true,"href":"https:\/\/www.seaflowerstore.com\/de\/wp-json\/wp\/v2\/product_tag?post=87095"}],"curies":[{"name":"wp","href":"https:\/\/api.w.org\/{rel}","templated":true}]}}