{"id":87096,"date":"2018-02-19T19:22:32","date_gmt":"2018-02-19T18:22:32","guid":{"rendered":"https:\/\/www.seaflowerstore.com\/nl\/hydrofoamer-silence-9420-040\/"},"modified":"2024-03-20T16:45:35","modified_gmt":"2024-03-20T15:45:35","slug":"hydrofoamer-silence-9420-040","status":"publish","type":"product","link":"https:\/\/www.seaflowerstore.com\/de\/hydrofoamer-silence-9420-040\/","title":{"rendered":"Hydrofoamer silence (9420.040)"},"content":{"rendered":"<h2>Tunze Hydrofoamer silence (9420.040) Pump specifically developed for protein skimmers<\/h2>\n<p>Die Tunze Hydrofoamer Silence (9420.040) ist eine speziell f\u00fcr Eiwei\u00dfabsch\u00e4umer entwickelte Pumpe. Sie l\u00e4sst sich einfach an die Master DOC Skimmer-Modelle 9420 oder 9460 anschlie\u00dfen und erweitert die Absch\u00e4umleistung auf Becken von ca. 2.000 Litern (528 US-Gallonen). Dar\u00fcber hinaus funktioniert der TUNZE\u00ae Hydrofoamer 9420.04 effektiv als Standard-Dispergator auf jedem markt\u00fcblichen Skimmer dieser Gr\u00f6\u00dfe.<\/p>\n<p><strong>Technische Daten:<\/strong><\/p>\n<ul>\n<li><strong>Stromversorgung:<\/strong> 230 V \/ 50 Hz (115 V \/ 60 Hz), Kabell\u00e4nge 1,5 m<\/li>\n<li><strong>Maximale Luftleistung:<\/strong> 850 l\/h (224 US-Gallonen\/Stunde) bis 1.300 l\/h (343 US-Gallonen\/Stunde) Wasserdurchflussrate<\/li>\n<li><strong>Energieverbrauch:<\/strong> 16 W bei 850 l\/h (222 US-Gallonen\/Stunde) Luftleistung, ausgestattet mit einem Motor mit Schutzthermostat<\/li>\n<li><strong>Pumpenauslass:<\/strong> Ausgestattet mit einem \u00be-Zoll-Gasgewinde<\/li>\n<li><strong>Pumpengeh\u00e4use:<\/strong> Inklusive Sieb und Schalld\u00e4mpfer<\/li>\n<li><strong>Pumpenantrieb:<\/strong> Verwendet einen Rotor mit einem Hochleistungs-Einteilermagneten und einem Vollkeramiklager<\/li>\n<li><strong>Mitgeliefertes Zubeh\u00f6r:<\/strong> Wird mit Buchse, Schlauch und Klemmen geliefert<\/li>\n<\/ul>\n","protected":false},"excerpt":{"rendered":"<p>Pump for skimmers including the Tunze 9420 or 9460, Vertex Omega 150<\/p>\n","protected":false},"featured_media":80100,"template":"","meta":[],"pwb-brand":[2123],"product_cat":[1434],"product_tag":[],"class_list":{"0":"post-87096","1":"product","2":"type-product","3":"status-publish","4":"has-post-thumbnail","6":"pwb-brand-tunze","7":"product_cat-teile-de","8":"pa_show-myparcel-options-male-de","10":"first","11":"outofstock","12":"taxable","13":"shipping-taxable","14":"purchasable","15":"product-type-simple"},"acf":[],"brands":[{"id":2123,"name":"Tunze","slug":"tunze"}],"_links":{"self":[{"href":"https:\/\/www.seaflowerstore.com\/de\/wp-json\/wp\/v2\/product\/87096","targetHints":{"allow":["GET"]}}],"collection":[{"href":"https:\/\/www.seaflowerstore.com\/de\/wp-json\/wp\/v2\/product"}],"about":[{"href":"https:\/\/www.seaflowerstore.com\/de\/wp-json\/wp\/v2\/types\/product"}],"wp:featuredmedia":[{"embeddable":true,"href":"https:\/\/www.seaflowerstore.com\/de\/wp-json\/wp\/v2\/media\/80100"}],"wp:attachment":[{"href":"https:\/\/www.seaflowerstore.com\/de\/wp-json\/wp\/v2\/media?parent=87096"}],"wp:term":[{"taxonomy":"pwb-brand","embeddable":true,"href":"https:\/\/www.seaflowerstore.com\/de\/wp-json\/wp\/v2\/pwb-brand?post=87096"},{"taxonomy":"product_cat","embeddable":true,"href":"https:\/\/www.seaflowerstore.com\/de\/wp-json\/wp\/v2\/product_cat?post=87096"},{"taxonomy":"product_tag","embeddable":true,"href":"https:\/\/www.seaflowerstore.com\/de\/wp-json\/wp\/v2\/product_tag?post=87096"}],"curies":[{"name":"wp","href":"https:\/\/api.w.org\/{rel}","templated":true}]}}