{"id":87099,"date":"2018-02-14T10:45:27","date_gmt":"2018-02-14T09:45:27","guid":{"rendered":"https:\/\/www.seaflowerstore.com\/nl\/hopstop\/"},"modified":"2026-01-15T21:41:39","modified_gmt":"2026-01-15T20:41:39","slug":"hopstop","status":"publish","type":"product","link":"https:\/\/www.seaflowerstore.com\/de\/hopstop\/","title":{"rendered":"Hopstop"},"content":{"rendered":"<h2>Aqua Medic HopStop restricts fishes of jumping out of the aquarium<\/h2>\n<p>Der Aqua Medic HopStop wurde entwickelt, um zu verhindern, dass Fische aus Ihrem Aquarium springen. Dies geschieht durch die Verwendung von <strong>Plexiglasstreifen<\/strong>, die einfach entlang der R\u00e4nder eines offenen Beckens angebracht werden k\u00f6nnen.<\/p>\n<p>Dieses Set enth\u00e4lt <strong>drei Streifen<\/strong> mit den Ma\u00dfen 480 x 50 mm, die auf die Gr\u00f6\u00dfe Ihres Aquariums zugeschnitten werden k\u00f6nnen. Dar\u00fcber hinaus enth\u00e4lt es <strong>sechs Halter<\/strong>, mit denen Sie die Streifen sicher am Glas Ihres Aquariums befestigen k\u00f6nnen. Die Halter funktionieren gut mit Glas mit einer Dicke von bis zu <strong>20 mm<\/strong>.<\/p>\n","protected":false},"excerpt":{"rendered":"<p><span style=\"font-size: 14.4px\">HopStop restricts fishes of jumping out of the aquarium<\/span><\/p>\n","protected":false},"featured_media":80092,"template":"","meta":[],"pwb-brand":[2149],"product_cat":[1431,1421,1412],"product_tag":[],"class_list":{"0":"post-87099","1":"product","2":"type-product","3":"status-publish","4":"has-post-thumbnail","6":"pwb-brand-aqua-medic","7":"product_cat-nuetzliche-artikel","8":"product_cat-aqua-medic-de","9":"product_cat-aquaria-de","10":"pa_show-myparcel-options-male-de","12":"first","13":"instock","14":"taxable","15":"shipping-taxable","16":"purchasable","17":"product-type-simple"},"acf":[],"brands":[{"id":2149,"name":"Aqua Medic","slug":"aqua-medic"}],"_links":{"self":[{"href":"https:\/\/www.seaflowerstore.com\/de\/wp-json\/wp\/v2\/product\/87099","targetHints":{"allow":["GET"]}}],"collection":[{"href":"https:\/\/www.seaflowerstore.com\/de\/wp-json\/wp\/v2\/product"}],"about":[{"href":"https:\/\/www.seaflowerstore.com\/de\/wp-json\/wp\/v2\/types\/product"}],"wp:featuredmedia":[{"embeddable":true,"href":"https:\/\/www.seaflowerstore.com\/de\/wp-json\/wp\/v2\/media\/80092"}],"wp:attachment":[{"href":"https:\/\/www.seaflowerstore.com\/de\/wp-json\/wp\/v2\/media?parent=87099"}],"wp:term":[{"taxonomy":"pwb-brand","embeddable":true,"href":"https:\/\/www.seaflowerstore.com\/de\/wp-json\/wp\/v2\/pwb-brand?post=87099"},{"taxonomy":"product_cat","embeddable":true,"href":"https:\/\/www.seaflowerstore.com\/de\/wp-json\/wp\/v2\/product_cat?post=87099"},{"taxonomy":"product_tag","embeddable":true,"href":"https:\/\/www.seaflowerstore.com\/de\/wp-json\/wp\/v2\/product_tag?post=87099"}],"curies":[{"name":"wp","href":"https:\/\/api.w.org\/{rel}","templated":true}]}}