{"id":87103,"date":"2018-01-26T16:55:23","date_gmt":"2018-01-26T15:55:23","guid":{"rendered":"https:\/\/www.seaflowerstore.com\/nl\/ai-prime-tank-mount-silver\/"},"modified":"2024-03-20T16:45:22","modified_gmt":"2024-03-20T15:45:22","slug":"ai-prime-tank-mount-silver","status":"publish","type":"product","link":"https:\/\/www.seaflowerstore.com\/de\/ai-prime-tank-mount-silver\/","title":{"rendered":"Ai Prime Tank Mount Silver"},"content":{"rendered":"<h2>Ai Prime TankMount Silver<\/h2>\n<p><strong>Ai Prime Tank Mount Silver<\/strong> wurde entwickelt, um Ihnen dabei zu helfen, Ihr AI Prime\u2122 m\u00fchelos an Tanks mit und ohne Rand anzubringen. Diese Prime Tank Mount ist eine praktische L\u00f6sung f\u00fcr Ihr Aquarium.<\/p>\n<p>Mit der <em>Prime Tank Mount<\/em> k\u00f6nnen Sie Ihr Licht ganz einfach genau dort positionieren, wo Sie es brauchen, und so eine optimale Beleuchtung Ihrer Wasserumgebung gew\u00e4hrleisten.<\/p>\n","protected":false},"excerpt":{"rendered":"<p>Bracket to attach the Ai prime to the edge of the aquarium<\/p>\n","protected":false},"featured_media":80076,"template":"","meta":[],"pwb-brand":[2175],"product_cat":[1383,1537,1492,741],"product_tag":[],"class_list":{"0":"post-87103","1":"product","2":"type-product","3":"status-publish","4":"has-post-thumbnail","6":"pwb-brand-aqua-illumination","7":"product_cat-aqua-illumination-de","8":"product_cat-aquarientechnik","9":"product_cat-suesswasser","10":"product_cat-brands","11":"pa_show-myparcel-options-male-de","13":"first","14":"outofstock","15":"taxable","16":"shipping-taxable","17":"purchasable","18":"product-type-simple"},"acf":[],"brands":[{"id":2175,"name":"Aqua Illumination","slug":"aqua-illumination"}],"_links":{"self":[{"href":"https:\/\/www.seaflowerstore.com\/de\/wp-json\/wp\/v2\/product\/87103","targetHints":{"allow":["GET"]}}],"collection":[{"href":"https:\/\/www.seaflowerstore.com\/de\/wp-json\/wp\/v2\/product"}],"about":[{"href":"https:\/\/www.seaflowerstore.com\/de\/wp-json\/wp\/v2\/types\/product"}],"wp:featuredmedia":[{"embeddable":true,"href":"https:\/\/www.seaflowerstore.com\/de\/wp-json\/wp\/v2\/media\/80076"}],"wp:attachment":[{"href":"https:\/\/www.seaflowerstore.com\/de\/wp-json\/wp\/v2\/media?parent=87103"}],"wp:term":[{"taxonomy":"pwb-brand","embeddable":true,"href":"https:\/\/www.seaflowerstore.com\/de\/wp-json\/wp\/v2\/pwb-brand?post=87103"},{"taxonomy":"product_cat","embeddable":true,"href":"https:\/\/www.seaflowerstore.com\/de\/wp-json\/wp\/v2\/product_cat?post=87103"},{"taxonomy":"product_tag","embeddable":true,"href":"https:\/\/www.seaflowerstore.com\/de\/wp-json\/wp\/v2\/product_tag?post=87103"}],"curies":[{"name":"wp","href":"https:\/\/api.w.org\/{rel}","templated":true}]}}