{"id":87104,"date":"2018-01-24T22:05:09","date_gmt":"2018-01-24T21:05:09","guid":{"rendered":"https:\/\/www.seaflowerstore.com\/nl\/ai-prime-hanging-kit\/"},"modified":"2024-03-20T16:45:19","modified_gmt":"2024-03-20T15:45:19","slug":"ai-prime-hanging-kit","status":"publish","type":"product","link":"https:\/\/www.seaflowerstore.com\/de\/ai-prime-hanging-kit\/","title":{"rendered":"Ai Prime hanging kit"},"content":{"rendered":"<h2>Ai Prime hanging kit is a Hang wire with bracket for the Ai Prime LED<\/h2>\n<p>Das Prime-Aufh\u00e4ngeset bietet eine stilvolle L\u00f6sung zum Aufh\u00e4ngen Ihres AI Prime\u2122 \u00fcber Ihrem Aquarium. Die Halterung hat eine elegante schwarze Oberfl\u00e4che und verleiht Ihrem Setup einen Hauch von Eleganz.<\/p>\n","protected":false},"excerpt":{"rendered":"<p>Ai Prime hanging kit is a Hang wire with bracket for the Ai Prime LED<\/p>\n","protected":false},"featured_media":84763,"template":"","meta":[],"pwb-brand":[2175],"product_cat":[1393,1383,1552],"product_tag":[],"class_list":{"0":"post-87104","1":"product","2":"type-product","3":"status-publish","4":"has-post-thumbnail","6":"pwb-brand-aqua-illumination","7":"product_cat-beleuchtungszubehoer","8":"product_cat-aqua-illumination-de","9":"product_cat-aquariumbeleuchtung-de","10":"pa_show-myparcel-options-male-de","12":"first","13":"outofstock","14":"taxable","15":"shipping-taxable","16":"purchasable","17":"product-type-simple"},"acf":[],"brands":[{"id":2175,"name":"Aqua Illumination","slug":"aqua-illumination"}],"_links":{"self":[{"href":"https:\/\/www.seaflowerstore.com\/de\/wp-json\/wp\/v2\/product\/87104","targetHints":{"allow":["GET"]}}],"collection":[{"href":"https:\/\/www.seaflowerstore.com\/de\/wp-json\/wp\/v2\/product"}],"about":[{"href":"https:\/\/www.seaflowerstore.com\/de\/wp-json\/wp\/v2\/types\/product"}],"wp:featuredmedia":[{"embeddable":true,"href":"https:\/\/www.seaflowerstore.com\/de\/wp-json\/wp\/v2\/media\/84763"}],"wp:attachment":[{"href":"https:\/\/www.seaflowerstore.com\/de\/wp-json\/wp\/v2\/media?parent=87104"}],"wp:term":[{"taxonomy":"pwb-brand","embeddable":true,"href":"https:\/\/www.seaflowerstore.com\/de\/wp-json\/wp\/v2\/pwb-brand?post=87104"},{"taxonomy":"product_cat","embeddable":true,"href":"https:\/\/www.seaflowerstore.com\/de\/wp-json\/wp\/v2\/product_cat?post=87104"},{"taxonomy":"product_tag","embeddable":true,"href":"https:\/\/www.seaflowerstore.com\/de\/wp-json\/wp\/v2\/product_tag?post=87104"}],"curies":[{"name":"wp","href":"https:\/\/api.w.org\/{rel}","templated":true}]}}