{"id":87107,"date":"2018-01-24T20:18:39","date_gmt":"2018-01-24T19:18:39","guid":{"rendered":"https:\/\/www.seaflowerstore.com\/nl\/caribsea-ocean-direct-225kg\/"},"modified":"2024-03-20T16:45:18","modified_gmt":"2024-03-20T15:45:18","slug":"caribsea-ocean-direct-225kg","status":"publish","type":"product","link":"https:\/\/www.seaflowerstore.com\/de\/caribsea-ocean-direct-225kg\/","title":{"rendered":"CaribSea Ocean Direct &#8211; 2,25kg"},"content":{"rendered":"<h2>CaribSea Ocean Direct &#8211; 2,25kg 0,1-1mm live sand<\/h2>\n<p><strong>Ocean Direct \u2122<\/strong> ist ein nat\u00fcrlicher wei\u00dfer Sand, der Millionen n\u00fctzlicher Bakterien beherbergt und dar\u00fcber hinaus wichtige Spurenelemente enth\u00e4lt. Dieses Produkt f\u00f6rdert die schnelle Entwicklung einer stabilen Aquarienumgebung.<\/p>\n<p>Jede Tasche von <strong>Ocean Direct \u2122<\/strong> wimmelt im Vergleich zu anderen Konservierungsmethoden von bis zu 1000-mal mehr n\u00fctzlichen Bakterien. Jedes Korn ist mit diesen Bakterien beschichtet und durch Kapillarwirkung von einem d\u00fcnnen Film aus echtem Meerwasser umgeben. Dieser einzigartige d\u00fcnne Film erm\u00f6glicht einen un\u00fcbertroffenen Gasaustausch.<\/p>\n<p>Dieser innovative Ansatz f\u00fchrt zu einer hohen Population nat\u00fcrlicher und n\u00fctzlicher Bakterien und verhindert gleichzeitig die sch\u00e4dliche Ansammlung von Stoffwechselnebenprodukten. Dar\u00fcber hinaus verhindert es wirksam das Algenwachstum und f\u00f6rdert das Gedeihen lebender Korallen.<\/p>\n<p>Zudem enth\u00e4lt <strong>Ocean Direct \u2122<\/strong> mehr als 7.000 ppm nat\u00fcrlich vorkommendes Strontium und ist frei von Silikat, was es zu einer ausgezeichneten Wahl f\u00fcr Ihr Aquarium macht.<\/p>\n","protected":false},"excerpt":{"rendered":"<p>CaribSea Ocean Direct &#8211; 2,25kg 0,1-1mm\u00a0very fine live sand<\/p>\n","protected":false},"featured_media":80068,"template":"","meta":[],"pwb-brand":[2143],"product_cat":[1473],"product_tag":[],"class_list":{"0":"post-87107","1":"product","2":"type-product","3":"status-publish","4":"has-post-thumbnail","6":"pwb-brand-caribsea","7":"product_cat-korallensand-kies-brueche","9":"first","10":"outofstock","11":"sale","12":"taxable","13":"shipping-taxable","14":"purchasable","15":"product-type-simple"},"acf":[],"brands":[{"id":2143,"name":"Caribsea","slug":"caribsea"}],"_links":{"self":[{"href":"https:\/\/www.seaflowerstore.com\/de\/wp-json\/wp\/v2\/product\/87107","targetHints":{"allow":["GET"]}}],"collection":[{"href":"https:\/\/www.seaflowerstore.com\/de\/wp-json\/wp\/v2\/product"}],"about":[{"href":"https:\/\/www.seaflowerstore.com\/de\/wp-json\/wp\/v2\/types\/product"}],"wp:featuredmedia":[{"embeddable":true,"href":"https:\/\/www.seaflowerstore.com\/de\/wp-json\/wp\/v2\/media\/80068"}],"wp:attachment":[{"href":"https:\/\/www.seaflowerstore.com\/de\/wp-json\/wp\/v2\/media?parent=87107"}],"wp:term":[{"taxonomy":"pwb-brand","embeddable":true,"href":"https:\/\/www.seaflowerstore.com\/de\/wp-json\/wp\/v2\/pwb-brand?post=87107"},{"taxonomy":"product_cat","embeddable":true,"href":"https:\/\/www.seaflowerstore.com\/de\/wp-json\/wp\/v2\/product_cat?post=87107"},{"taxonomy":"product_tag","embeddable":true,"href":"https:\/\/www.seaflowerstore.com\/de\/wp-json\/wp\/v2\/product_tag?post=87107"}],"curies":[{"name":"wp","href":"https:\/\/api.w.org\/{rel}","templated":true}]}}