{"id":87110,"date":"2018-01-16T18:28:18","date_gmt":"2018-01-16T17:28:18","guid":{"rendered":"https:\/\/www.seaflowerstore.com\/nl\/hanna-hi772-alkalinity-checker\/"},"modified":"2024-03-20T16:45:11","modified_gmt":"2024-03-20T15:45:11","slug":"hanna-hi772-alkalinity-checker","status":"publish","type":"product","link":"https:\/\/www.seaflowerstore.com\/de\/hanna-hi772-alkalinity-checker\/","title":{"rendered":"Hanna HI772 Alkalinity checker"},"content":{"rendered":"<h2>Hanna HI772 Alkalinity checker indicates the KH value without having to convert it as with the HI755<\/h2>\n<p>Der Hanna HI772 Alkalinit\u00e4tspr\u00fcfer ist ein fantastisches Werkzeug zum direkten Messen der Alkalinit\u00e4t und ist daher \u00e4u\u00dferst praktisch und benutzerfreundlich. Nachfolgend sind einige wichtige Spezifikationen aufgef\u00fchrt, die seine Funktionen hervorheben:<\/p>\n<table id=\"product-attribute-specs-table-1\" style=\"height: 427px\" width=\"672\">\n<colgroup>\n<col width=\"25%\" \/>\n<col \/>\n<\/colgroup>\n<tbody>\n<tr>\n<th>Meerwasser-Alkalinit\u00e4tsbereich<\/th>\n<td>0,0 bis 20,0 dKH<\/td>\n<\/tr>\n<tr>\n<th>Aufl\u00f6sung<\/th>\n<td>0,1 dKH<\/td>\n<\/tr>\n<tr>\n<th>Genauigkeit bei 25 \u00b0C\/77 \u00b0F<\/th>\n<td>\u00b10,3 dKH \u00b15 % des Messwerts<\/td>\n<\/tr>\n<tr>\n<th>Lichtquelle<\/th>\n<td>LED bei 610 nm<\/td>\n<\/tr>\n<tr>\n<th>Lichtdetektor<\/th>\n<td>Silizium-Fotozelle<\/td>\n<\/tr>\n<tr>\n<th>Methode<\/th>\n<td>kolorimetrische Methode<\/td>\n<\/tr>\n<tr>\n<th>Umgebung<\/th>\n<td>0 bis 50 \u00b0C (32 bis 122 \u00b0F); RH max. 95 % nicht kondensierend<\/td>\n<\/tr>\n<tr>\n<th>Batterietyp<\/th>\n<td>(1) 1,5 V AAA<\/td>\n<\/tr>\n<tr>\n<th>Abschaltautomatik<\/th>\n<td>nach zehn Minuten Nichtgebrauch<\/td>\n<\/tr>\n<tr>\n<th>Abmessungen<\/th>\n<td>81,5 mm x 61 mm x 37,5 mm (3,2&#8243; x 2,4&#8243; x 1,5&#8243;)<\/td>\n<\/tr>\n<tr>\n<th>Gewicht<\/th>\n<td>64 g (2,25 oz.)<\/td>\n<\/tr>\n<tr>\n<th>Bestellinformationen<\/th>\n<td>HI772 Checker\u00ae wird mit (2) Probenk\u00fcvetten mit Kappen, einem Starterkit f\u00fcr Alkalinit\u00e4tsreagenzien f\u00fcr 25 Tests (einschlie\u00dflich 1 Flasche Alkalinit\u00e4tsreagenz und einer 1-ml-Spritze mit Spitze), einer Batterie, Anleitung und einer Kurzanleitung.<\/td>\n<\/tr>\n<tr>\n<th>Garantie<\/th>\n<td>6 Monate eingeschr\u00e4nkte Garantie<\/td>\n<\/tr>\n<\/tbody>\n<\/table>\n","protected":false},"excerpt":{"rendered":"<p>Hanna HI772 measures the\u00a0KH value does not have to be converted. Has the same accuracy as the HI755<\/p>\n","protected":false},"featured_media":80061,"template":"","meta":[],"pwb-brand":[2229],"product_cat":[1400],"product_tag":[],"class_list":{"0":"post-87110","1":"product","2":"type-product","3":"status-publish","4":"has-post-thumbnail","6":"pwb-brand-hanna-instruments","7":"product_cat-tester","8":"pa_show-myparcel-options-male-de","10":"first","11":"instock","12":"taxable","13":"shipping-taxable","14":"purchasable","15":"product-type-simple"},"acf":[],"brands":[{"id":2229,"name":"Hanna Instruments","slug":"hanna-instruments"}],"_links":{"self":[{"href":"https:\/\/www.seaflowerstore.com\/de\/wp-json\/wp\/v2\/product\/87110","targetHints":{"allow":["GET"]}}],"collection":[{"href":"https:\/\/www.seaflowerstore.com\/de\/wp-json\/wp\/v2\/product"}],"about":[{"href":"https:\/\/www.seaflowerstore.com\/de\/wp-json\/wp\/v2\/types\/product"}],"wp:featuredmedia":[{"embeddable":true,"href":"https:\/\/www.seaflowerstore.com\/de\/wp-json\/wp\/v2\/media\/80061"}],"wp:attachment":[{"href":"https:\/\/www.seaflowerstore.com\/de\/wp-json\/wp\/v2\/media?parent=87110"}],"wp:term":[{"taxonomy":"pwb-brand","embeddable":true,"href":"https:\/\/www.seaflowerstore.com\/de\/wp-json\/wp\/v2\/pwb-brand?post=87110"},{"taxonomy":"product_cat","embeddable":true,"href":"https:\/\/www.seaflowerstore.com\/de\/wp-json\/wp\/v2\/product_cat?post=87110"},{"taxonomy":"product_tag","embeddable":true,"href":"https:\/\/www.seaflowerstore.com\/de\/wp-json\/wp\/v2\/product_tag?post=87110"}],"curies":[{"name":"wp","href":"https:\/\/api.w.org\/{rel}","templated":true}]}}