{"id":87114,"date":"2017-12-23T13:14:30","date_gmt":"2017-12-23T12:14:30","guid":{"rendered":"https:\/\/www.seaflowerstore.com\/nl\/coral-fit-210g\/"},"modified":"2024-03-20T16:45:04","modified_gmt":"2024-03-20T15:45:04","slug":"coral-fit-210g","status":"publish","type":"product","link":"https:\/\/www.seaflowerstore.com\/de\/coral-fit-210g\/","title":{"rendered":"Coral Fit 210g"},"content":{"rendered":"<h2>Aqua medic coral fit is a natural coral food suitable for SPS, LPS and soft corals<\/h2>\n<p>Die regelm\u00e4\u00dfige Anwendung von <strong>Coral Fit<\/strong> kann das Wachstum, die Polypen und die Farbe Ihrer Korallen positiv beeinflussen. Sie k\u00f6nnen auch erw\u00e4gen, vor der Anwendung Aminovit oder Aquabiovit auf das Trockenfutter zu tr\u00e4ufeln, um es mit Aminos\u00e4uren oder Vitaminen anzureichern.<\/p>\n<p><strong>Coral Fit<\/strong> enth\u00e4lt gesch\u00e4lte Artemia-Eier und Sie werden m\u00f6glicherweise einen leichten Chlorgeruch durch den Sch\u00e4lprozess bemerken. Keine Sorge, das ist v\u00f6llig harmlos. Vor Gebrauch einfach die ben\u00f6tigte Menge mit etwas Wasser vermischen, gut sch\u00fctteln und dann direkt ins Aquarium geben.<\/p>\n<p><strong>Inhalt:<\/strong> ca. 210 g<\/p>\n<table border=\"1\">\n<tbody>\n<tr>\n<td>Eiwei\u00df<\/td>\n<td>Fette<\/td>\n<td>Ballaststoffe<\/td>\n<td>Mineralstoffe<\/td>\n<td>Wasser<\/td>\n<\/tr>\n<tr>\n<td>&gt;66%<\/td>\n<td>&gt;4%<\/td>\n<td>&lt;5%<\/td>\n<td>&lt;9%<\/td>\n<td>&lt;8%<\/td>\n<\/tr>\n<\/tbody>\n<\/table>\n<p>Nicht f\u00fcr den menschlichen Verzehr geeignet. Bitte bewahren Sie dieses Produkt au\u00dferhalb der Reichweite von Kindern auf.<\/p>\n","protected":false},"excerpt":{"rendered":"<p>Aqua medic coral fit is a natural coral food suitable for SPS, LPS and soft corals<\/p>\n","protected":false},"featured_media":80051,"template":"","meta":[],"pwb-brand":[2149],"product_cat":[1436,1421],"product_tag":[],"class_list":{"0":"post-87114","1":"product","2":"type-product","3":"status-publish","4":"has-post-thumbnail","6":"pwb-brand-aqua-medic","7":"product_cat-korallenfutter","8":"product_cat-aqua-medic-de","9":"pa_show-myparcel-options-male-de","11":"first","12":"instock","13":"sale","14":"taxable","15":"shipping-taxable","16":"purchasable","17":"product-type-simple"},"acf":[],"brands":[{"id":2149,"name":"Aqua Medic","slug":"aqua-medic"}],"_links":{"self":[{"href":"https:\/\/www.seaflowerstore.com\/de\/wp-json\/wp\/v2\/product\/87114","targetHints":{"allow":["GET"]}}],"collection":[{"href":"https:\/\/www.seaflowerstore.com\/de\/wp-json\/wp\/v2\/product"}],"about":[{"href":"https:\/\/www.seaflowerstore.com\/de\/wp-json\/wp\/v2\/types\/product"}],"wp:featuredmedia":[{"embeddable":true,"href":"https:\/\/www.seaflowerstore.com\/de\/wp-json\/wp\/v2\/media\/80051"}],"wp:attachment":[{"href":"https:\/\/www.seaflowerstore.com\/de\/wp-json\/wp\/v2\/media?parent=87114"}],"wp:term":[{"taxonomy":"pwb-brand","embeddable":true,"href":"https:\/\/www.seaflowerstore.com\/de\/wp-json\/wp\/v2\/pwb-brand?post=87114"},{"taxonomy":"product_cat","embeddable":true,"href":"https:\/\/www.seaflowerstore.com\/de\/wp-json\/wp\/v2\/product_cat?post=87114"},{"taxonomy":"product_tag","embeddable":true,"href":"https:\/\/www.seaflowerstore.com\/de\/wp-json\/wp\/v2\/product_tag?post=87114"}],"curies":[{"name":"wp","href":"https:\/\/api.w.org\/{rel}","templated":true}]}}